{"id":418,"date":"2024-06-24T11:44:45","date_gmt":"2024-06-24T11:44:45","guid":{"rendered":"http:\/\/192.168.0.235:10022\/?page_id=418"},"modified":"2026-01-12T12:54:51","modified_gmt":"2026-01-12T12:54:51","slug":"contact","status":"publish","type":"page","link":"https:\/\/hypnodetox.be\/tr\/contact\/","title":{"rendered":"\u0130leti\u015fim"},"content":{"rendered":"\t\t<div data-elementor-type=\"wp-page\" data-elementor-id=\"418\" class=\"elementor elementor-418\" data-elementor-post-type=\"page\">\n\t\t\t\t<div class=\"elementor-element elementor-element-22097a2 e-flex e-con-boxed rt-default-class e-con e-parent\" data-id=\"22097a2\" data-element_type=\"container\" data-e-type=\"container\">\n\t\t\t\t\t<div class=\"e-con-inner\">\n\t\t<div class=\"elementor-element elementor-element-7222470 e-con-full e-flex rt-default-class e-con e-child\" data-id=\"7222470\" data-element_type=\"container\" data-e-type=\"container\">\n\t\t\t\t<div class=\"elementor-element elementor-element-9c22b50 rt-default-class elementor-widget elementor-widget-ucaddon_vcard_button\" data-id=\"9c22b50\" data-element_type=\"widget\" data-e-type=\"widget\" data-widget_type=\"ucaddon_vcard_button.default\">\n\t\t\t\t<div class=\"elementor-widget-container\">\n\t\t\t\t\t\n<!-- start vCard -->\n\t\t<link id='font-awesome-css' href='https:\/\/hypnodetox.be\/wp-content\/plugins\/unlimited-elements-for-elementor-premium\/assets_libraries\/font-awesome6\/fontawesome-all.min.css' type='text\/css' rel='stylesheet' >\n\t\t<link id='font-awesome-4-shim-css' href='https:\/\/hypnodetox.be\/wp-content\/plugins\/unlimited-elements-for-elementor-premium\/assets_libraries\/font-awesome6\/fontawesome-v4-shims.min.css' type='text\/css' rel='stylesheet' >\n\n<style>\/* widget: vCard *\/\n\n\n\n#uc_vcard_button_elementor_9c22b50{\n  width:100%;\n  display: flex;\n  flex-direction: column;\n  overflow: hidden;\n}\n#uc_vcard_button_elementor_9c22b50 .save_vcard_btn{\n   box-sizing: border-box;\n  -moz-box-sizing: border-box;\n  -webkit-box-sizing: border-box;\n  display: flex;\n  align-items: center;\n}\n#uc_vcard_button_elementor_9c22b50 .uev_contact{\n  display: grid;\n}\n#uc_vcard_button_elementor_9c22b50 .uev_contact_link{\n  display: flex;\n  flex-direction: column;\n  justify-content: center;\n  align-items: center;\n}\n#uc_vcard_button_elementor_9c22b50 .uev_contact_link i{\n  display: flex;\n  justify-content: center;\n  align-items: center;\n}\n\n\n<\/style>\n\n\n<div id=\"uc_vcard_button_elementor_9c22b50\" class=\"vcard_btn_wrpr\">\n       <div class=\"uev_name\"> Filiz  Ozdemir <\/div>      <a href=\"https:\/\/hypnodetox.be\/\" ><div class=\"uev_company\">Hypno Detox<\/div><\/a>        <div class=\"uev_contact\">\n                      <a class=\"uev_contact_link  elementor-repeater-item-4c5e302\" href=\"https:\/\/wa.me\/+32493737315\">\n     <i class='fab fa-whatsapp'><\/i>\n        <\/a>\n      \n           <a class=\"uev_contact_link  elementor-repeater-item-d437780\" href=\"mailto:info@hypnodetox.be\">\n     <i class='fas fa-envelope'><\/i>\n        <\/a>\n          \n                 <a class=\"uev_contact_link  elementor-repeater-item-147ca91\" href=\"https:\/\/www.tiktok.com\/\" >\n     <i class='fab fa-tiktok'><\/i>\n        <\/a>\n    \n                 <a class=\"uev_contact_link  elementor-repeater-item-e1a3a84\" href=\"https:\/\/www.instagram.com\/hypodetox\/\" >\n     <i class='fab fa-instagram'><\/i>\n        <\/a>\n    \n\n     <\/div>\n      <img decoding=\"async\" id=\"uc_vcard_button_elementor_9c22b50_qr\" class=\"uev_qr\" src=\"data:image\/gif;base64,R0lGODlhAQABAAD\/ACwAAAAAAQABAAACADs=\">   <button class=\"save_vcard_btn\"> <i class='far fa-arrow-alt-circle-down'><\/i>  Download vCard<\/button>\n     \n   <img decoding=\"async\" style=\"display:none;\" id=\"uc_vcard_button_elementor_9c22b50_vcard_img\" src=\"\"><\/div>\n<!-- end vCard -->\t\t\t\t<\/div>\n\t\t\t\t<\/div>\n\t\t\t\t<\/div>\n\t\t<div class=\"elementor-element elementor-element-ed1a4d7 e-con-full e-flex rt-default-class e-con e-child\" data-id=\"ed1a4d7\" data-element_type=\"container\" data-e-type=\"container\" data-settings=\"{&quot;background_background&quot;:&quot;classic&quot;}\">\n\t\t\t\t<div class=\"elementor-element elementor-element-4ed57a4 rt-default-class elementor-widget elementor-widget-react-heading\" data-id=\"4ed57a4\" data-element_type=\"widget\" data-e-type=\"widget\" data-widget_type=\"react-heading.default\">\n\t\t\t\t<div class=\"elementor-widget-container\">\n\t\t\t\t\t\t\t<div class=\"animation-style1 react-heading default\">\r\n\t\t\t<div class=\"title-inner\">\r\n\t\t\t\t<span class=\"custom sub-text subtitle style1\">Formulaire de contact<\/span>\t\t\t<\/div>\r\n\t\t\t\r\n\t\t\t\t\t\t\t\t<\/div>\t\t\t\r\n\t\t\t\t\t<\/div>\n\t\t\t\t<\/div>\n\t\t\t\t<div class=\"elementor-element elementor-element-c09775e fluentform-widget-submit-button-custom rt-default-class elementor-widget elementor-widget-fluent-form-widget\" data-id=\"c09775e\" data-element_type=\"widget\" data-e-type=\"widget\" data-widget_type=\"fluent-form-widget.default\">\n\t\t\t\t<div class=\"elementor-widget-container\">\n\t\t\t\t\t\n            <div class=\"fluentform-widget-wrapper hide-fluent-form-labels fluentform-widget-align-default\">\n\n                            <div class=\"fluentform-widget-heading\">\n                                                        <\/div>\n            \n            <div class='fluentform ff-default fluentform_wrapper_1 ffs_default_wrap'><form data-form_id=\"1\" id=\"fluentform_1\" class=\"frm-fluent-form fluent_form_1 ff-el-form-top ff_form_instance_1_1 ff-form-loading ffs_default\" data-form_instance=\"ff_form_instance_1_1\" method=\"POST\" ><fieldset  style=\"border: none!important;margin: 0!important;padding: 0!important;background-color: transparent!important;box-shadow: none!important;outline: none!important; min-inline-size: 100%;\">\n                    <legend class=\"ff_screen_reader_title\" style=\"display: block; margin: 0!important;padding: 0!important;height: 0!important;text-indent: -999999px;width: 0!important;overflow:hidden;\">Contact Form Demo<\/legend><p style=\"display: none !important;\" class=\"akismet-fields-container\" data-prefix=\"ak_\"><label>&#916;<textarea name=\"ak_hp_textarea\" cols=\"45\" rows=\"8\" maxlength=\"100\"><\/textarea><\/label><input type=\"hidden\" id=\"ak_js_1\" name=\"ak_js\" value=\"208\"\/><script type=\"text\/javascript\">\n\/* <![CDATA[ *\/\ndocument.getElementById( \"ak_js_1\" ).setAttribute( \"value\", ( new Date() ).getTime() );\n\/* ]]> *\/\n<\/script>\n<\/p><input type='hidden' name='__fluent_form_embded_post_id' value='418' \/><input type=\"hidden\" id=\"_fluentform_1_fluentformnonce\" name=\"_fluentform_1_fluentformnonce\" value=\"86dbb21783\" \/><input type=\"hidden\" name=\"_wp_http_referer\" value=\"\/tr\/wp-json\/wp\/v2\/pages\/418\" \/><div data-type=\"name-element\" data-name=\"names\" class=\" ff-field_container ff-name-field-wrapper\" ><div class='ff-t-container'><div class='ff-t-cell '><div class='ff-el-group'><div class=\"ff-el-input--label asterisk-right\"><label for='ff_1_names_first_name_' id='label_ff_1_names_first_name_' >No;<\/label><\/div><div class='ff-el-input--content'><input type=\"text\" name=\"names[first_name]\" id=\"ff_1_names_first_name_\" class=\"ff-el-form-control\" placeholder=\"Nom\" aria-invalid=\"false\" aria-required=false><\/div><\/div><\/div><div class='ff-t-cell '><div class='ff-el-group'><div class=\"ff-el-input--label asterisk-right\"><label for='ff_1_names_last_name_' id='label_ff_1_names_last_name_' >Nom de famille<\/label><\/div><div class='ff-el-input--content'><input type=\"text\" name=\"names[last_name]\" id=\"ff_1_names_last_name_\" class=\"ff-el-form-control\" placeholder=\"Nom de famille\" aria-invalid=\"false\" aria-required=false><\/div><\/div><\/div><\/div><\/div><div class='ff-el-group'><div class=\"ff-el-input--label ff-el-is-required asterisk-right\"><label for='ff_1_email' id='label_ff_1_email' aria-label=\"Email\">Email<\/label><\/div><div class='ff-el-input--content'><input type=\"email\" name=\"email\" id=\"ff_1_email\" class=\"ff-el-form-control\" placeholder=\"Email\" data-name=\"email\"  aria-invalid=\"false\" aria-required=true><\/div><\/div><div class='ff-el-group'><div class=\"ff-el-input--label asterisk-right\"><label for='ff_1_subject' id='label_ff_1_subject' aria-label=\"Sujette\">Sujette<\/label><\/div><div class='ff-el-input--content'><input type=\"text\" name=\"subject\" class=\"ff-el-form-control\" placeholder=\"Sujette\" data-name=\"subject\" id=\"ff_1_subject\"  aria-invalid=\"false\" aria-required=false><\/div><\/div><div class='ff-el-group'><div class=\"ff-el-input--label ff-el-is-required asterisk-right\"><label for='ff_1_message' id='label_ff_1_message' aria-label=\"Votre message\">Votre message<\/label><\/div><div class='ff-el-input--content'><textarea aria-required=\"true\" aria-labelledby=\"label_ff_1_message\" name=\"message\" id=\"ff_1_message\" class=\"ff-el-form-control\" placeholder=\"Votre message\" rows=\"4\" cols=\"2\" data-name=\"message\" ><\/textarea><\/div><\/div><div class='ff-el-group ff-text-left ff_submit_btn_wrapper'><button type=\"submit\" class=\"ff-btn ff-btn-submit ff-btn-md ff_btn_style\"  aria-label=\"Envoyer\">Envoyer<\/button><\/div><\/fieldset><\/form><div id='fluentform_1_errors' class='ff-errors-in-stack ff_form_instance_1_1 ff-form-loading_errors ff_form_instance_1_1_errors'><\/div><\/div>            <script type=\"text\/javascript\">\n                window.fluent_form_ff_form_instance_1_1 = {\"id\":\"1\",\"ajaxUrl\":\"https:\\\/\\\/hypnodetox.be\\\/wp-admin\\\/admin-ajax.php\",\"settings\":{\"layout\":{\"labelPlacement\":\"top\",\"helpMessagePlacement\":\"with_label\",\"errorMessagePlacement\":\"inline\",\"cssClassName\":\"\",\"asteriskPlacement\":\"asterisk-right\"},\"restrictions\":{\"denyEmptySubmission\":{\"enabled\":false}}},\"form_instance\":\"ff_form_instance_1_1\",\"form_id_selector\":\"fluentform_1\",\"rules\":{\"names[first_name]\":{\"required\":{\"value\":false,\"message\":\"This field is required\",\"global\":false,\"global_message\":\"This field is required\"}},\"names[middle_name]\":{\"required\":{\"value\":false,\"message\":\"This field is required\",\"global\":false,\"global_message\":\"This field is required\"}},\"names[last_name]\":{\"required\":{\"value\":false,\"message\":\"This field is required\",\"global\":false,\"global_message\":\"This field is required\"}},\"email\":{\"required\":{\"value\":true,\"message\":\"This field is required\",\"global\":false,\"global_message\":\"This field is required\"},\"email\":{\"value\":true,\"message\":\"This field must contain a valid email\",\"global\":false,\"global_message\":\"This field must contain a valid email\"}},\"subject\":{\"required\":{\"value\":false,\"message\":\"This field is required\",\"global\":false,\"global_message\":\"This field is required\"}},\"message\":{\"required\":{\"value\":true,\"message\":\"This field is required\",\"global\":false,\"global_message\":\"This field is required\"}}},\"debounce_time\":300};\n                            <\/script>\n                        <\/div>\n\n            \t\t\t\t<\/div>\n\t\t\t\t<\/div>\n\t\t\t\t<div class=\"elementor-element elementor-element-4e1be3b rt-default-class elementor-widget elementor-widget-text-editor\" data-id=\"4e1be3b\" data-element_type=\"widget\" data-e-type=\"widget\" data-widget_type=\"text-editor.default\">\n\t\t\t\t\t\t\t\t\t<p><span style=\"color: #ffffff;\"><strong>Prendre rendez-vous<\/strong><\/span><br \/><span style=\"color: #ffffff;\">S\u00e9ances uniquement au cabinet<\/span><br \/><span style=\"color: #ffffff;\">Les s\u00e9ances se d\u00e9roulent en pr\u00e9sentiel, dans un cadre calme, confidentiel et s\u00e9curis\u00e9.<\/span><br \/><span style=\"color: #ffffff;\">La prise de rendez-vous se fait exclusivement sur r\u00e9servation.<\/span><\/p><p><span style=\"color: #ffffff;\"><strong>Tarifs<\/strong><\/span><br \/><span style=\"color: #ffffff;\">\u2022 Premi\u00e8re s\u00e9ance: 65 \u20ac<br \/>\u2022 S\u00e9ances suivantes: 65 \u20ac<br \/>\u2022 Les prix indiqu\u00e9s ne s\u2019appliquent pas aux entreprises.<\/span><\/p><p><span style=\"color: #ffffff;\">Paiement sur place, en fin de s\u00e9ance.<\/span><br \/><span style=\"color: #ffffff;\"><strong>Annulation &amp; Report<\/strong><\/span><br \/><span style=\"color: #ffffff;\">Pour garantir une bonne organisation :<\/span><br \/><span style=\"color: #ffffff;\">\u2022 annulation ou modification minimum 24h \u00e0 l\u2019avance,<\/span><br \/><span style=\"color: #ffffff;\">\u2022 en cas d\u2019absence injustifi\u00e9e, la s\u00e9ance peut \u00eatre due.<\/span><\/p>\t\t\t\t\t\t\t\t<\/div>\n\t\t\t\t<\/div>\n\t\t\t\t\t<\/div>\n\t\t\t\t<\/div>\n\t\t<div class=\"elementor-element elementor-element-1f13fdb e-flex e-con-boxed rt-default-class e-con e-parent\" data-id=\"1f13fdb\" data-element_type=\"container\" data-e-type=\"container\">\n\t\t\t\t\t<div class=\"e-con-inner\">\n\t\t\t\t<div class=\"elementor-element elementor-element-9e805eb elementor-widget__width-initial rt-default-class elementor-widget elementor-widget-react-heading\" data-id=\"9e805eb\" data-element_type=\"widget\" data-e-type=\"widget\" data-widget_type=\"react-heading.default\">\n\t\t\t\t<div class=\"elementor-widget-container\">\n\t\t\t\t\t\t\t<div class=\"animation-wow fadeInUp react-heading default\">\r\n\t\t\t<div class=\"title-inner\">\r\n\t\t\t\t<span class=\"custom sub-text subtitle wow fadeInUp\">R\u00e9server via Doctor Anytime<\/span><div class=\"wow fadeInUp\"><h2 class=\"title word-line\">Prendre rendez-vous<\/h2><\/div>\t\t\t<\/div>\r\n\t\t\t\r\n\t\t\t\t\t\t\t\t<\/div>\t\t\t\r\n\t\t\t\t\t<\/div>\n\t\t\t\t<\/div>\n\t\t\t\t\t<\/div>\n\t\t\t\t<\/div>\n\t\t<div class=\"elementor-element elementor-element-d6a4cee e-flex e-con-boxed rt-default-class e-con e-parent\" data-id=\"d6a4cee\" data-element_type=\"container\" data-e-type=\"container\">\n\t\t\t\t\t<div class=\"e-con-inner\">\n\t\t<div class=\"elementor-element elementor-element-0d4c432 e-con-full e-flex rt-default-class e-con e-child\" data-id=\"0d4c432\" data-element_type=\"container\" data-e-type=\"container\">\n\t\t\t\t<div class=\"elementor-element elementor-element-b77c7d5 rt-primary-bg elementor-widget elementor-widget-html\" data-id=\"b77c7d5\" data-element_type=\"widget\" data-e-type=\"widget\" data-widget_type=\"html.default\">\n\t\t\t\t\t<div style=\"background-color:#ccdfcb; padding:10px;\">\r\n    <iframe \r\n        src=\"https:\/\/www.doctoranytime.be\/iframes\/agenda?doctorId=112995\"\r\n        frameborder=\"0\"\r\n        style=\"border:none; overflow:hidden; width:100%; height:445px; display:block;\"\r\n        allowtransparency=\"true\"\r\n        id=\"defaultiFrame\">\r\n    <\/iframe>\r\n<\/div>\r\n\t\t\t\t<\/div>\n\t\t\t\t<\/div>\n\t\t\t\t\t<\/div>\n\t\t\t\t<\/div>\n\t\t\t\t<\/div>\n\t\t","protected":false},"excerpt":{"rendered":"<p>Filiz Ozdemir Hypno Detox Download vCard Formulaire de contact Contact Form Demo No;Nom de familleEmailSujetteVotre messageEnvoyer Prendre rendez-vousS\u00e9ances uniquement au cabinetLes s\u00e9ances se d\u00e9roulent en pr\u00e9sentiel, dans un cadre calme, confidentiel et s\u00e9curis\u00e9.La prise de rendez-vous se fait exclusivement sur r\u00e9servation. Tarifs\u2022 Premi\u00e8re s\u00e9ance: 65 \u20ac\u2022 S\u00e9ances suivantes: 65 \u20ac\u2022 Les prix indiqu\u00e9s ne s\u2019appliquent&#8230;<\/p>","protected":false},"author":1,"featured_media":0,"parent":0,"menu_order":0,"comment_status":"closed","ping_status":"closed","template":"elementor_header_footer","meta":{"footnotes":""},"class_list":["post-418","page","type-page","status-publish","hentry"],"_links":{"self":[{"href":"https:\/\/hypnodetox.be\/tr\/wp-json\/wp\/v2\/pages\/418","targetHints":{"allow":["GET"]}}],"collection":[{"href":"https:\/\/hypnodetox.be\/tr\/wp-json\/wp\/v2\/pages"}],"about":[{"href":"https:\/\/hypnodetox.be\/tr\/wp-json\/wp\/v2\/types\/page"}],"author":[{"embeddable":true,"href":"https:\/\/hypnodetox.be\/tr\/wp-json\/wp\/v2\/users\/1"}],"replies":[{"embeddable":true,"href":"https:\/\/hypnodetox.be\/tr\/wp-json\/wp\/v2\/comments?post=418"}],"version-history":[{"count":63,"href":"https:\/\/hypnodetox.be\/tr\/wp-json\/wp\/v2\/pages\/418\/revisions"}],"predecessor-version":[{"id":3962,"href":"https:\/\/hypnodetox.be\/tr\/wp-json\/wp\/v2\/pages\/418\/revisions\/3962"}],"wp:attachment":[{"href":"https:\/\/hypnodetox.be\/tr\/wp-json\/wp\/v2\/media?parent=418"}],"curies":[{"name":"wp","href":"https:\/\/api.w.org\/{rel}","templated":true}]}}