{"id":411,"date":"2024-06-24T11:40:33","date_gmt":"2024-06-24T11:40:33","guid":{"rendered":"http:\/\/192.168.0.235:10022\/?page_id=411"},"modified":"2026-01-26T02:37:02","modified_gmt":"2026-01-26T02:37:02","slug":"legitimite","status":"publish","type":"page","link":"https:\/\/hypnodetox.be\/tr\/legitimite\/","title":{"rendered":"G\u00fcven"},"content":{"rendered":"<div data-elementor-type=\"wp-page\" data-elementor-id=\"411\" class=\"elementor elementor-411\" data-elementor-post-type=\"page\">\n\t\t\t\t<div class=\"elementor-element elementor-element-e34abef e-flex e-con-boxed rt-default-class e-con e-parent\" data-id=\"e34abef\" data-element_type=\"container\" data-e-type=\"container\">\n\t\t\t\t\t<div class=\"e-con-inner\">\n\t\t<div class=\"elementor-element elementor-element-af8f91e e-con-full e-flex rt-default-class e-con e-child\" data-id=\"af8f91e\" data-element_type=\"container\" data-e-type=\"container\">\n\t\t\t\t<div class=\"elementor-element elementor-element-2d83c0c rt-default-class elementor-widget elementor-widget-image\" data-id=\"2d83c0c\" data-element_type=\"widget\" data-e-type=\"widget\" data-widget_type=\"image.default\">\n\t\t\t\t\t\t\t\t\t\t\t\t\t\t\t<img fetchpriority=\"high\" decoding=\"async\" width=\"640\" height=\"426\" src=\"https:\/\/hypnodetox.be\/wp-content\/uploads\/2025\/12\/emotions-3-1024x682.webp\" class=\"attachment-large size-large wp-image-2697\" alt=\"\" srcset=\"https:\/\/hypnodetox.be\/wp-content\/uploads\/2025\/12\/emotions-3-1024x682.webp 1024w, https:\/\/hypnodetox.be\/wp-content\/uploads\/2025\/12\/emotions-3-300x200.webp 300w, https:\/\/hypnodetox.be\/wp-content\/uploads\/2025\/12\/emotions-3-768x512.webp 768w, https:\/\/hypnodetox.be\/wp-content\/uploads\/2025\/12\/emotions-3-1536x1024.webp 1536w, https:\/\/hypnodetox.be\/wp-content\/uploads\/2025\/12\/emotions-3.webp 1920w\" sizes=\"(max-width: 640px) 100vw, 640px\" \/>\t\t\t\t\t\t\t\t\t\t\t\t\t\t\t<\/div>\n\t\t\t\t<\/div>\n\t\t<div class=\"elementor-element elementor-element-5e85ca5 e-con-full e-flex rt-default-class e-con e-child\" data-id=\"5e85ca5\" data-element_type=\"container\" data-e-type=\"container\">\n\t\t\t\t<div class=\"elementor-element elementor-element-48e0c09 rt-default-class elementor-widget elementor-widget-react-heading\" data-id=\"48e0c09\" data-element_type=\"widget\" data-e-type=\"widget\" data-widget_type=\"react-heading.default\">\n\t\t\t\t<div class=\"elementor-widget-container\">\n\t\t\t\t\t\t\t<div class=\"animation-wow fadeInUp react-heading default\">\r\n\t\t\t<div class=\"title-inner\">\r\n\t\t\t\t<span class=\"custom sub-text subtitle wow fadeInUp\">Biz Kimiz<\/span><div class=\"wow fadeInUp\"><h2 class=\"title word-line\">Bu yakla\u015f\u0131m\u0131n arkas\u0131nda kim var?<\/h2><\/div>\t\t\t<\/div>\r\n\t\t\t\r\n\t\t\t\t\t\t\t<div class=\"description wow fadeInUp\">\r\n\t\t\t\t\t<p>Burada hipnoz, e\u011fitimli ve deneyimli bir uygulay\u0131c\u0131 taraf\u0131ndan y\u00fcr\u00fct\u00fclmektedir. Ama\u00e7; ki\u015filere ger\u00e7ek ve kal\u0131c\u0131 bir de\u011fi\u015fim yolunda profesyonel bir \u015fekilde e\u015flik etmektir.\n\nBenimsenen yakla\u015f\u0131m; do\u011frudan, sade ve insani, s\u00f6ylemden \u00e7ok sonuca odaklanan bir anlay\u0131\u015fa dayan\u0131r.<\/p>\t\t\t\t<\/div>\r\n\t\t\t\t\t\t\t\t<\/div>\t\t\t\r\n\t\t\t\t\t<\/div>\n\t\t\t\t<\/div>\n\t\t\t\t<\/div>\n\t\t\t\t\t<\/div>\n\t\t\t\t<\/div>\n\t\t<div class=\"elementor-element elementor-element-301fa3d e-flex e-con-boxed rt-default-class e-con e-parent\" data-id=\"301fa3d\" data-element_type=\"container\" data-e-type=\"container\">\n\t\t\t\t\t<div class=\"e-con-inner\">\n\t\t<div class=\"elementor-element elementor-element-be40b92 e-con-full e-flex rt-default-class e-con e-child\" data-id=\"be40b92\" data-element_type=\"container\" data-e-type=\"container\">\n\t\t\t\t<div class=\"elementor-element elementor-element-afb6d12 rt-default-class elementor-widget elementor-widget-react-heading\" data-id=\"afb6d12\" data-element_type=\"widget\" data-e-type=\"widget\" data-widget_type=\"react-heading.default\">\n\t\t\t\t<div class=\"elementor-widget-container\">\n\t\t\t\t\t\t\t<div class=\"animation-wow fadeInUp react-heading default\">\r\n\t\t\t<div class=\"title-inner\">\r\n\t\t\t\t<span class=\"custom sub-text subtitle wow fadeInUp\">National Guild of Hypnotists<\/span><div class=\"wow fadeInUp\"><h2 class=\"title word-line\">NGH Sertifikas\u0131<\/h2><\/div>\t\t\t<\/div>\r\n\t\t\t\r\n\t\t\t\t\t\t\t<div class=\"description wow fadeInUp\">\r\n\t\t\t\t\t<p>Bu uygulama, d\u00fcnyan\u0131n en eski ve en etkili hipnoz kurulu\u015fu olan NGH \u2013 National Guild of Hypnotists taraf\u0131ndan sertifikaland\u0131r\u0131lm\u0131\u015ft\u0131r.\n\nNGH; y\u00fcksek standartlar\u0131, titiz e\u011fitim s\u00fcre\u00e7leri, kat\u0131 etik \u00e7er\u00e7evesi ve s\u00fcrekli g\u00fcncellenen mesleki yetkinlikleri ile uluslararas\u0131 d\u00fczeyde tan\u0131nan bir kurumdur.<\/p>\t\t\t\t<\/div>\r\n\t\t\t\t\t\t\t\t<\/div>\t\t\t\r\n\t\t\t\t\t<\/div>\n\t\t\t\t<\/div>\n\t\t\t\t<\/div>\n\t\t<div class=\"elementor-element elementor-element-561996a e-con-full e-flex rt-default-class e-con e-child\" data-id=\"561996a\" data-element_type=\"container\" data-e-type=\"container\">\n\t\t\t\t<div class=\"elementor-element elementor-element-ad432f9 rt-default-class elementor-widget elementor-widget-image\" data-id=\"ad432f9\" data-element_type=\"widget\" data-e-type=\"widget\" data-widget_type=\"image.default\">\n\t\t\t\t\t\t\t\t\t\t\t\t\t\t\t<img decoding=\"async\" width=\"640\" height=\"620\" src=\"https:\/\/hypnodetox.be\/wp-content\/uploads\/2025\/12\/National-Guild-of-Hypnotists-Est-1950-2-1024x992.webp\" class=\"attachment-large size-large wp-image-3487\" alt=\"\" srcset=\"https:\/\/hypnodetox.be\/wp-content\/uploads\/2025\/12\/National-Guild-of-Hypnotists-Est-1950-2-1024x992.webp 1024w, https:\/\/hypnodetox.be\/wp-content\/uploads\/2025\/12\/National-Guild-of-Hypnotists-Est-1950-2-300x291.webp 300w, https:\/\/hypnodetox.be\/wp-content\/uploads\/2025\/12\/National-Guild-of-Hypnotists-Est-1950-2-768x744.webp 768w, https:\/\/hypnodetox.be\/wp-content\/uploads\/2025\/12\/National-Guild-of-Hypnotists-Est-1950-2.webp 1080w\" sizes=\"(max-width: 640px) 100vw, 640px\" \/>\t\t\t\t\t\t\t\t\t\t\t\t\t\t\t<\/div>\n\t\t\t\t<\/div>\n\t\t\t\t\t<\/div>\n\t\t\t\t<\/div>\n\t\t<div class=\"elementor-element elementor-element-8c1c919 e-con-full e-flex rt-default-class e-con e-parent\" data-id=\"8c1c919\" data-element_type=\"container\" data-e-type=\"container\">\n\t\t<div class=\"elementor-element elementor-element-48cbf47 e-flex e-con-boxed rt-default-class e-con e-child\" data-id=\"48cbf47\" data-element_type=\"container\" data-e-type=\"container\">\n\t\t\t\t\t<div class=\"e-con-inner\">\n\t\t<div class=\"elementor-element elementor-element-ff5918d e-con-full e-flex rt-default-class e-con e-child\" data-id=\"ff5918d\" data-element_type=\"container\" data-e-type=\"container\">\n\t\t\t\t<div class=\"elementor-element elementor-element-1ab8e9d elementor-widget__width-initial rt-default-class elementor-widget elementor-widget-react-heading\" data-id=\"1ab8e9d\" data-element_type=\"widget\" data-e-type=\"widget\" data-widget_type=\"react-heading.default\">\n\t\t\t\t<div class=\"elementor-widget-container\">\n\t\t\t\t\t\t\t<div class=\"animation-wow fadeInUp react-heading default\">\r\n\t\t\t<div class=\"title-inner\">\r\n\t\t\t\t<span class=\"custom sub-text subtitle wow fadeInUp\">Vizyon<\/span>\t\t\t<\/div>\r\n\t\t\t\r\n\t\t\t\t\t\t\t\t<\/div>\t\t\t\r\n\t\t\t\t\t<\/div>\n\t\t\t\t<\/div>\n\t\t\t\t<\/div>\n\t\t\t\t\t<\/div>\n\t\t\t\t<\/div>\n\t\t<div class=\"elementor-element elementor-element-5c9bf27 e-flex e-con-boxed rt-default-class e-con e-child\" data-id=\"5c9bf27\" data-element_type=\"container\" data-e-type=\"container\">\n\t\t\t\t\t<div class=\"e-con-inner\">\n\t\t\t\t<div class=\"elementor-element elementor-element-149cad2 elementor-absolute rt-default-class elementor-widget elementor-widget-rt-react-image\" data-id=\"149cad2\" data-element_type=\"widget\" data-e-type=\"widget\" data-settings=\"{&quot;_position&quot;:&quot;absolute&quot;}\" data-widget_type=\"rt-react-image.default\">\n\t\t\t\t<div class=\"elementor-widget-container\">\n\t\t\t\t\t        \n        <div class=\"react-image\">\n                            <img decoding=\"async\" class=\"react-multi-image wow scaleIn\" src=\"https:\/\/hypnodetox.be\/wp-content\/uploads\/2026\/01\/K-flowers-crop-4.png\"  alt=\"\"\/>\n                    <\/div>       \n    \t\t\t\t<\/div>\n\t\t\t\t<\/div>\n\t\t<div class=\"elementor-element elementor-element-f386674 e-con-full e-flex rt-default-class e-con e-child\" data-id=\"f386674\" data-element_type=\"container\" data-e-type=\"container\">\n\t\t\t\t<div class=\"elementor-element elementor-element-03d3471 rt-default-class elementor-widget elementor-widget-react-heading\" data-id=\"03d3471\" data-element_type=\"widget\" data-e-type=\"widget\" data-widget_type=\"react-heading.default\">\n\t\t\t\t<div class=\"elementor-widget-container\">\n\t\t\t\t\t\t\t<div class=\"animation-wow fadeInRight react-heading default\">\r\n\t\t\t<div class=\"title-inner\">\r\n\t\t\t\t<div class=\"wow fadeInRight\"><h4 class=\"title word-line\">Bu Yakla\u015f\u0131m\u0131 Farkl\u0131 K\u0131lan Nedir?<\/h4><\/div>\t\t\t<\/div>\r\n\t\t\t\r\n\t\t\t\t\t\t\t\t<\/div>\t\t\t\r\n\t\t\t\t\t<\/div>\n\t\t\t\t<\/div>\n\t\t\t\t<div class=\"elementor-element elementor-element-cd2c32a custom-list rt-default-class elementor-widget elementor-widget-react-heading\" data-id=\"cd2c32a\" data-element_type=\"widget\" data-e-type=\"widget\" data-widget_type=\"react-heading.default\">\n\t\t\t\t<div class=\"elementor-widget-container\">\n\t\t\t\t\t\t\t<div class=\"animation-wow fadeInUp react-heading default\">\r\n\t\t\t<div class=\"title-inner\">\r\n\t\t\t\t\t\t\t<\/div>\r\n\t\t\t\r\n\t\t\t\t\t\t\t<div class=\"description wow fadeInUp\">\r\n\t\t\t\t\t<ol>\n<li>Do\u011frudan, net ve dolamba\u00e7s\u0131z bir y\u00f6ntem.<\/li>\n<li>Her bireye \u00f6zel, ki\u015fiselle\u015ftirilmi\u015f seanslar.<\/li>\n<li>Psikolojik mekanizmalar\u0131n derinlemesine anla\u015f\u0131lmas\u0131.<\/li>\n<li>Hipnoz ve zihinsel teknikleri birle\u015ftiren derinlemesine bir \u00e7al\u0131\u015fma.<\/li>\n<li>Hem profesyonel hem de insana de\u011fer veren bir yakla\u015f\u0131m.<\/li>\n<\/ol>\t\t\t\t<\/div>\r\n\t\t\t\t\t\t\t\t<\/div>\t\t\t\r\n\t\t\t\t\t<\/div>\n\t\t\t\t<\/div>\n\t\t\t\t<\/div>\n\t\t<div class=\"elementor-element elementor-element-9bada26 e-con-full e-flex rt-default-class e-con e-child\" data-id=\"9bada26\" data-element_type=\"container\" data-e-type=\"container\">\n\t\t\t\t<div class=\"elementor-element elementor-element-2071905 rt-default-class elementor-widget elementor-widget-react-heading\" data-id=\"2071905\" data-element_type=\"widget\" data-e-type=\"widget\" data-widget_type=\"react-heading.default\">\n\t\t\t\t<div class=\"elementor-widget-container\">\n\t\t\t\t\t\t\t<div class=\"animation-wow fadeInRight react-heading default\">\r\n\t\t\t<div class=\"title-inner\">\r\n\t\t\t\t<div class=\"wow fadeInRight\"><h4 class=\"title word-line\">Vizyon ve Etik \u00c7er\u00e7eve<\/h4><\/div>\t\t\t<\/div>\r\n\t\t\t\r\n\t\t\t\t\t\t\t\t<\/div>\t\t\t\r\n\t\t\t\t\t<\/div>\n\t\t\t\t<\/div>\n\t\t\t\t<div class=\"elementor-element elementor-element-24cac09 custom-list rt-default-class elementor-widget elementor-widget-react-heading\" data-id=\"24cac09\" data-element_type=\"widget\" data-e-type=\"widget\" data-widget_type=\"react-heading.default\">\n\t\t\t\t<div class=\"elementor-widget-container\">\n\t\t\t\t\t\t\t<div class=\"animation-wow fadeInUp react-heading default\">\r\n\t\t\t<div class=\"title-inner\">\r\n\t\t\t\t\t\t\t<\/div>\r\n\t\t\t\r\n\t\t\t\t\t\t\t<div class=\"description wow fadeInUp\">\r\n\t\t\t\t\t<p>Bu yakla\u015f\u0131m, hipnozu bir e\u011flence unsuru olarak de\u011fil, i\u00e7sel d\u00f6n\u00fc\u015f\u00fcm i\u00e7in kullan\u0131lan bir ara\u00e7 olarak g\u00f6r\u00fcr.<\/p>\n<p>\u00c7er\u00e7eve \u015fu temellere dayan\u0131r:<\/p>\n<ol>\n<li>Tam gizlilik,<\/li>\n<li>Ki\u015fiye mutlak sayg\u0131,<\/li>\n<li>Ger\u00e7ek\u00e7i olmayan vaatlerden ka\u00e7\u0131n\u0131lmas\u0131,<\/li>\n<li>Sa\u011flam bir etik anlay\u0131\u015f\u0131,<\/li>\n<li>\u00d6zerkli\u011fi hedefleyen bir e\u015flik s\u00fcreci.<\/li>\n<\/ol>\t\t\t\t<\/div>\r\n\t\t\t\t\t\t\t\t<\/div>\t\t\t\r\n\t\t\t\t\t<\/div>\n\t\t\t\t<\/div>\n\t\t\t\t<\/div>\n\t\t\t\t\t<\/div>\n\t\t\t\t<\/div>\n\t\t\t\t<\/div>\n\t\t<div class=\"elementor-element elementor-element-544c4b4 e-flex e-con-boxed rt-default-class e-con e-parent\" data-id=\"544c4b4\" data-element_type=\"container\" data-e-type=\"container\">\n\t\t\t\t\t<div class=\"e-con-inner\">\n\t\t<div class=\"elementor-element elementor-element-e05ee09 e-con-full e-flex rt-default-class e-con e-child\" data-id=\"e05ee09\" data-element_type=\"container\" data-e-type=\"container\">\n\t\t\t\t<div class=\"elementor-element elementor-element-3e6e1d1 rt-default-class elementor-widget elementor-widget-image\" data-id=\"3e6e1d1\" data-element_type=\"widget\" data-e-type=\"widget\" data-widget_type=\"image.default\">\n\t\t\t\t\t\t\t\t\t\t\t\t\t\t\t<img decoding=\"async\" width=\"640\" height=\"426\" src=\"https:\/\/hypnodetox.be\/wp-content\/uploads\/2025\/12\/confiance-3-1024x682.webp\" class=\"attachment-large size-large wp-image-2688\" alt=\"\" srcset=\"https:\/\/hypnodetox.be\/wp-content\/uploads\/2025\/12\/confiance-3-1024x682.webp 1024w, https:\/\/hypnodetox.be\/wp-content\/uploads\/2025\/12\/confiance-3-300x200.webp 300w, https:\/\/hypnodetox.be\/wp-content\/uploads\/2025\/12\/confiance-3-768x512.webp 768w, https:\/\/hypnodetox.be\/wp-content\/uploads\/2025\/12\/confiance-3-1536x1024.webp 1536w, https:\/\/hypnodetox.be\/wp-content\/uploads\/2025\/12\/confiance-3.webp 1920w\" sizes=\"(max-width: 640px) 100vw, 640px\" \/>\t\t\t\t\t\t\t\t\t\t\t\t\t\t\t<\/div>\n\t\t\t\t<div class=\"elementor-element elementor-element-045bc9b elementor-absolute rt-default-class elementor-widget elementor-widget-react-video\" data-id=\"045bc9b\" data-element_type=\"widget\" data-e-type=\"widget\" data-settings=\"{&quot;_position&quot;:&quot;absolute&quot;}\" data-widget_type=\"react-video.default\">\n\t\t\t\t<div class=\"elementor-widget-container\">\n\t\t\t\t\t\t\t<div class=\"react-video video-item-1578\" >\r\n\r\n\t\t\r\n\t\t\t\t<div class=\"overly-border\">\t\t\t\t\t\r\n\t\t\t\t\t<a class=\"popup-videos de-video-play-button popup-youtube\" href=\"http:\/\/www.youtube.com\/watch?v=RFTUZqXZN6M\">\r\n                        <span><\/span>\r\n                   <\/a>\r\n\t\t\t\t<\/div>\r\n\t\t<\/div>\r\n\r\n\r\n\t\t<script type=\"text\/javascript\">\r\n\t\t\tjQuery(document).ready(function() {\r\n\t\t\t\tjQuery('.popup-videos').magnificPopup({\r\n\t\t\t\t\tdisableOn: 700,\r\n\t\t\t\t\ttype: 'iframe',\r\n\t\t\t\t\tmainClass: 'mfp-fade',\r\n\t\t\t\t\tremovalDelay: 160,\r\n\t\t\t\t\tpreloader: false,\r\n\t\t\t\t\tfixedContentPos: false\r\n\t\t\t\t});\r\n\t\t\t});\t\r\n\r\n\t\t\t\r\n\t\t<\/script>\r\n\r\n\t\t\t\t<\/div>\n\t\t\t\t<\/div>\n\t\t\t\t<\/div>\n\t\t<div class=\"elementor-element elementor-element-e8e7e9a e-con-full e-flex rt-default-class e-con e-child\" data-id=\"e8e7e9a\" data-element_type=\"container\" data-e-type=\"container\">\n\t\t<div class=\"elementor-element elementor-element-a22d45f e-con-full e-flex rt-default-class e-con e-child\" data-id=\"a22d45f\" data-element_type=\"container\" data-e-type=\"container\">\n\t\t\t\t<div class=\"elementor-element elementor-element-352e36d rt-default-class elementor-widget elementor-widget-react-heading\" data-id=\"352e36d\" data-element_type=\"widget\" data-e-type=\"widget\" data-widget_type=\"react-heading.default\">\n\t\t\t\t<div class=\"elementor-widget-container\">\n\t\t\t\t\t\t\t<div class=\"animation-wow fadeInUp react-heading default\">\r\n\t\t\t<div class=\"title-inner\">\r\n\t\t\t\t<div class=\"wow fadeInUp\"><h2 class=\"title word-line\">Neden Bize G\u00fcvenmelisiniz?<\/h2><\/div>\t\t\t<\/div>\r\n\t\t\t\r\n\t\t\t\t\t\t\t<div class=\"description wow fadeInUp\">\r\n\t\t\t\t\t<p>\u00c7\u00fcnk\u00fc bu e\u015flik s\u00fcreci \u015funlara dayan\u0131r:<\/p><ul><li>Uluslararas\u0131 ge\u00e7erlili\u011fi olan bir sertifikasyon,<\/li><li>Ciddi ve profesyonel bir uygulama,<\/li><li>A\u00e7\u0131k ve tutarl\u0131 etik ilkeler,<\/li><li>Belirgin etik kurallar,<\/li><li>De\u011fi\u015fimi desteklemeye y\u00f6nelik ger\u00e7ek bir kararl\u0131l\u0131k.<\/li><\/ul><p><strong>G\u00fcven burada; \u015feffafl\u0131k, yetkinlik ve sayg\u0131 \u00fczerine in\u015fa edilir.<\/strong><\/p>\t\t\t\t<\/div>\r\n\t\t\t\t\t\t\t\t<\/div>\t\t\t\r\n\t\t\t\t\t<\/div>\n\t\t\t\t<\/div>\n\t\t\t\t<\/div>\n\t\t\t\t<\/div>\n\t\t\t\t\t<\/div>\n\t\t\t\t<\/div>\n\t\t\t\t<\/div>","protected":false},"excerpt":{"rendered":"<p>Who We L\u00e9gitimit\u00e9 Qui se trouve derri\u00e8re cette pratique L\u2019hypnose est ici exerc\u00e9e par une praticienne form\u00e9e, exp\u00e9riment\u00e9e, dont l\u2019objectif est d\u2019accompagner les personnes vers un changement r\u00e9el et durable. L\u2019approche se veut directe, simple, humaine, et centr\u00e9e sur le r\u00e9sultat plut\u00f4t que sur le discours. National Guild of Hypnotists Certification NGH La pratique est&#8230;<\/p>","protected":false},"author":1,"featured_media":0,"parent":0,"menu_order":0,"comment_status":"closed","ping_status":"closed","template":"elementor_header_footer","meta":{"footnotes":""},"class_list":["post-411","page","type-page","status-publish","hentry"],"_links":{"self":[{"href":"https:\/\/hypnodetox.be\/tr\/wp-json\/wp\/v2\/pages\/411","targetHints":{"allow":["GET"]}}],"collection":[{"href":"https:\/\/hypnodetox.be\/tr\/wp-json\/wp\/v2\/pages"}],"about":[{"href":"https:\/\/hypnodetox.be\/tr\/wp-json\/wp\/v2\/types\/page"}],"author":[{"embeddable":true,"href":"https:\/\/hypnodetox.be\/tr\/wp-json\/wp\/v2\/users\/1"}],"replies":[{"embeddable":true,"href":"https:\/\/hypnodetox.be\/tr\/wp-json\/wp\/v2\/comments?post=411"}],"version-history":[{"count":26,"href":"https:\/\/hypnodetox.be\/tr\/wp-json\/wp\/v2\/pages\/411\/revisions"}],"predecessor-version":[{"id":4086,"href":"https:\/\/hypnodetox.be\/tr\/wp-json\/wp\/v2\/pages\/411\/revisions\/4086"}],"wp:attachment":[{"href":"https:\/\/hypnodetox.be\/tr\/wp-json\/wp\/v2\/media?parent=411"}],"curies":[{"name":"wp","href":"https:\/\/api.w.org\/{rel}","templated":true}]}}