{"id":3922,"date":"2026-01-12T11:26:29","date_gmt":"2026-01-12T11:26:29","guid":{"rendered":"https:\/\/hypnodetox.be\/?page_id=3922"},"modified":"2026-01-26T01:33:47","modified_gmt":"2026-01-26T01:33:47","slug":"gestion-du-stress-en-entreprise","status":"publish","type":"page","link":"https:\/\/hypnodetox.be\/tr\/gestion-du-stress-en-entreprise\/","title":{"rendered":"Kurumsal Stres Y\u00f6netimi"},"content":{"rendered":"<div data-elementor-type=\"wp-page\" data-elementor-id=\"3922\" class=\"elementor elementor-3922\" data-elementor-post-type=\"page\">\n\t\t\t\t<div class=\"elementor-element elementor-element-edaf735 e-flex e-con-boxed rt-default-class e-con e-parent\" data-id=\"edaf735\" data-element_type=\"container\" data-e-type=\"container\">\n\t\t\t\t\t<div class=\"e-con-inner\">\n\t\t\t\t<div class=\"elementor-element elementor-element-471d537 elementor-absolute rt-default-class elementor-widget elementor-widget-rt-react-image\" data-id=\"471d537\" data-element_type=\"widget\" data-e-type=\"widget\" data-settings=\"{&quot;_position&quot;:&quot;absolute&quot;}\" data-widget_type=\"rt-react-image.default\">\n\t\t\t\t<div class=\"elementor-widget-container\">\n\t\t\t\t\t        \n        <div class=\"react-image\">\n                            <img decoding=\"async\" class=\"react-multi-image wow zoomIn\" src=\"https:\/\/hypnodetox.be\/wp-content\/uploads\/2026\/01\/K-flowers-crop-3.png\" data-wow-delay=\"0.2\" alt=\"\"\/>\n                    <\/div>       \n    \t\t\t\t<\/div>\n\t\t\t\t<\/div>\n\t\t<div class=\"elementor-element elementor-element-15179d7 e-con-full e-flex rt-default-class e-con e-child\" data-id=\"15179d7\" data-element_type=\"container\" data-e-type=\"container\">\n\t\t\t\t<div class=\"elementor-element elementor-element-64ab686 rt-default-class elementor-widget elementor-widget-react-heading\" data-id=\"64ab686\" data-element_type=\"widget\" data-e-type=\"widget\" data-widget_type=\"react-heading.default\">\n\t\t\t\t<div class=\"elementor-widget-container\">\n\t\t\t\t\t\t\t<div class=\"animation-wow fadeInUp react-heading default\">\r\n\t\t\t<div class=\"title-inner\">\r\n\t\t\t\t<div class=\"wow fadeInUp\"><h2 class=\"title word-line\">Kurumsal Stres Y\u00f6netimi<\/h2><\/div>\t\t\t<\/div>\r\n\t\t\t\r\n\t\t\t\t\t\t\t<div class=\"description wow fadeInUp\">\r\n\t\t\t\t\t<p>\u0130\u015f hayat\u0131ndaki stres; \u00e7al\u0131\u015fanlar\u0131n performans\u0131n\u0131, motivasyonunu ve sa\u011fl\u0131\u011f\u0131n\u0131 do\u011frudan etkiler.\nS\u00fcrekli bask\u0131 alt\u0131nda \u00e7al\u0131\u015fmak; devams\u0131zl\u0131\u011f\u0131 art\u0131r\u0131r, konsantrasyonu d\u00fc\u015f\u00fcr\u00fcr ve \u00e7al\u0131\u015fma ortam\u0131n\u0131n kalitesini bozar.<\/p><p>\u015eirketlere y\u00f6nelik olarak, ekiplerin stresi daha iyi anlamas\u0131na, \u00f6nlemesine ve g\u00fcnl\u00fck hayatta y\u00f6netmesine yard\u0131mc\u0131 olan pratik ve etkili mini konferanslar sunuyorum.<\/p>\t\t\t\t<\/div>\r\n\t\t\t\t\t\t\t\t<\/div>\t\t\t\r\n\t\t\t\t\t<\/div>\n\t\t\t\t<\/div>\n\t\t<div class=\"elementor-element elementor-element-0bc9f2f e-con-full e-flex rt-default-class e-con e-child\" data-id=\"0bc9f2f\" data-element_type=\"container\" data-e-type=\"container\">\n\t\t\t\t<\/div>\n\t\t\t\t<\/div>\n\t\t<div class=\"elementor-element elementor-element-a154803 e-con-full e-flex rt-default-class e-con e-child\" data-id=\"a154803\" data-element_type=\"container\" data-e-type=\"container\">\n\t\t\t\t<div class=\"elementor-element elementor-element-e43951e rt-default-class elementor-widget elementor-widget-image\" data-id=\"e43951e\" data-element_type=\"widget\" data-e-type=\"widget\" data-widget_type=\"image.default\">\n\t\t\t\t\t\t\t\t\t\t\t\t\t\t\t<img fetchpriority=\"high\" decoding=\"async\" width=\"1280\" height=\"1920\" src=\"https:\/\/hypnodetox.be\/wp-content\/uploads\/2026\/01\/burnout-6.webp\" class=\"attachment-full size-full wp-image-3935\" alt=\"\" srcset=\"https:\/\/hypnodetox.be\/wp-content\/uploads\/2026\/01\/burnout-6.webp 1280w, https:\/\/hypnodetox.be\/wp-content\/uploads\/2026\/01\/burnout-6-200x300.webp 200w, https:\/\/hypnodetox.be\/wp-content\/uploads\/2026\/01\/burnout-6-682x1024.webp 682w, https:\/\/hypnodetox.be\/wp-content\/uploads\/2026\/01\/burnout-6-768x1152.webp 768w, https:\/\/hypnodetox.be\/wp-content\/uploads\/2026\/01\/burnout-6-1024x1536.webp 1024w\" sizes=\"(max-width: 1280px) 100vw, 1280px\" \/>\t\t\t\t\t\t\t\t\t\t\t\t\t\t\t<\/div>\n\t\t\t\t<\/div>\n\t\t\t\t\t<\/div>\n\t\t\t\t<\/div>\n\t\t<div class=\"elementor-element elementor-element-3e59028 e-flex e-con-boxed rt-default-class e-con e-parent\" data-id=\"3e59028\" data-element_type=\"container\" data-e-type=\"container\" data-settings=\"{&quot;background_background&quot;:&quot;classic&quot;,&quot;shape_divider_top&quot;:&quot;mountains&quot;,&quot;shape_divider_bottom&quot;:&quot;mountains&quot;}\">\n\t\t\t\t\t<div class=\"e-con-inner\">\n\t\t\t\t<div class=\"elementor-shape elementor-shape-top\" aria-hidden=\"true\" data-negative=\"false\">\n\t\t\t<svg xmlns=\"http:\/\/www.w3.org\/2000\/svg\" viewbox=\"0 0 1000 100\" preserveaspectratio=\"none\">\n\t<path class=\"elementor-shape-fill\" opacity=\"0.33\" d=\"M473,67.3c-203.9,88.3-263.1-34-320.3,0C66,119.1,0,59.7,0,59.7V0h1000v59.7 c0,0-62.1,26.1-94.9,29.3c-32.8,3.3-62.8-12.3-75.8-22.1C806,49.6,745.3,8.7,694.9,4.7S492.4,59,473,67.3z\"\/>\n\t<path class=\"elementor-shape-fill\" opacity=\"0.66\" d=\"M734,67.3c-45.5,0-77.2-23.2-129.1-39.1c-28.6-8.7-150.3-10.1-254,39.1 s-91.7-34.4-149.2,0C115.7,118.3,0,39.8,0,39.8V0h1000v36.5c0,0-28.2-18.5-92.1-18.5C810.2,18.1,775.7,67.3,734,67.3z\"\/>\n\t<path class=\"elementor-shape-fill\" d=\"M766.1,28.9c-200-57.5-266,65.5-395.1,19.5C242,1.8,242,5.4,184.8,20.6C128,35.8,132.3,44.9,89.9,52.5C28.6,63.7,0,0,0,0 h1000c0,0-9.9,40.9-83.6,48.1S829.6,47,766.1,28.9z\"\/>\n<\/svg>\t\t<\/div>\n\t\t\t\t<div class=\"elementor-shape elementor-shape-bottom\" aria-hidden=\"true\" data-negative=\"false\">\n\t\t\t<svg xmlns=\"http:\/\/www.w3.org\/2000\/svg\" viewbox=\"0 0 1000 100\" preserveaspectratio=\"none\">\n\t<path class=\"elementor-shape-fill\" opacity=\"0.33\" d=\"M473,67.3c-203.9,88.3-263.1-34-320.3,0C66,119.1,0,59.7,0,59.7V0h1000v59.7 c0,0-62.1,26.1-94.9,29.3c-32.8,3.3-62.8-12.3-75.8-22.1C806,49.6,745.3,8.7,694.9,4.7S492.4,59,473,67.3z\"\/>\n\t<path class=\"elementor-shape-fill\" opacity=\"0.66\" d=\"M734,67.3c-45.5,0-77.2-23.2-129.1-39.1c-28.6-8.7-150.3-10.1-254,39.1 s-91.7-34.4-149.2,0C115.7,118.3,0,39.8,0,39.8V0h1000v36.5c0,0-28.2-18.5-92.1-18.5C810.2,18.1,775.7,67.3,734,67.3z\"\/>\n\t<path class=\"elementor-shape-fill\" d=\"M766.1,28.9c-200-57.5-266,65.5-395.1,19.5C242,1.8,242,5.4,184.8,20.6C128,35.8,132.3,44.9,89.9,52.5C28.6,63.7,0,0,0,0 h1000c0,0-9.9,40.9-83.6,48.1S829.6,47,766.1,28.9z\"\/>\n<\/svg>\t\t<\/div>\n\t\t\t\t<div class=\"elementor-element elementor-element-b3a3337 elementor-widget__width-initial elementor-widget-mobile__width-inherit rt-default-class elementor-widget elementor-widget-react-heading\" data-id=\"b3a3337\" data-element_type=\"widget\" data-e-type=\"widget\" data-widget_type=\"react-heading.default\">\n\t\t\t\t<div class=\"elementor-widget-container\">\n\t\t\t\t\t\t\t<div class=\"animation-style1 react-heading default\">\r\n\t\t\t<div class=\"title-inner\">\r\n\t\t\t\t<div class=\"style1\"><h4 class=\"title word-line\">Uygulama Format\u0131<\/h4><\/div>\t\t\t<\/div>\r\n\t\t\t\r\n\t\t\t\t\t\t\t<div class=\"description style1\">\r\n\t\t\t\t\t<div>\u2022S\u00fcre: 45 \u2013 90 dakika<\/div><div>\u2022Y\u00fcz y\u00fcze veya \u00e7evrim i\u00e7i (online)<\/div><div>\u20225 \u2013 50 ki\u015filik gruplar<\/div><div>\u2022\u00c7al\u0131\u015fanlar, y\u00f6neticiler veya karma ekipler i\u00e7in uygundur<\/div>\t\t\t\t<\/div>\r\n\t\t\t\t\t\t\t\t<\/div>\t\t\t\r\n\t\t\t\t\t<\/div>\n\t\t\t\t<\/div>\n\t\t\t\t<div class=\"elementor-element elementor-element-558f2db elementor-widget__width-initial elementor-widget-mobile__width-inherit rt-default-class elementor-widget elementor-widget-react-heading\" data-id=\"558f2db\" data-element_type=\"widget\" data-e-type=\"widget\" data-widget_type=\"react-heading.default\">\n\t\t\t\t<div class=\"elementor-widget-container\">\n\t\t\t\t\t\t\t<div class=\"animation-style1 react-heading default\">\r\n\t\t\t<div class=\"title-inner\">\r\n\t\t\t\t<div class=\"style1\"><h4 class=\"title word-line\">Ele Al\u0131nan Ba\u015fl\u0131ca Konular<\/h4><\/div>\t\t\t<\/div>\r\n\t\t\t\r\n\t\t\t\t\t\t\t<div class=\"description style1\">\r\n\t\t\t\t\t<div>\u2022\u0130\u015f ortam\u0131nda stresin nas\u0131l olu\u015ftu\u011funu anlamak<\/div><div>\u2022Zihinsel a\u015f\u0131r\u0131 y\u00fcklenme ve t\u00fckenmi\u015fli\u011fin erken belirtilerini fark etmek<\/div><div>\u2022Sinir sistemini h\u0131zl\u0131ca sakinle\u015ftirmeye y\u00f6nelik pratik teknikler<\/div><div>\u2022Bask\u0131 alt\u0131nda duygu y\u00f6netimi<\/div><div>\u2022Bask\u0131 alt\u0131nda duygu y\u00f6netimi<\/div><div>\u2022Burn-out\u2019un \u00f6nlenmesi<\/div>\t\t\t\t<\/div>\r\n\t\t\t\t\t\t\t\t<\/div>\t\t\t\r\n\t\t\t\t\t<\/div>\n\t\t\t\t<\/div>\n\t\t\t\t<div class=\"elementor-element elementor-element-09ad13d elementor-widget__width-initial elementor-widget-mobile__width-inherit rt-default-class elementor-widget elementor-widget-react-heading\" data-id=\"09ad13d\" data-element_type=\"widget\" data-e-type=\"widget\" data-widget_type=\"react-heading.default\">\n\t\t\t\t<div class=\"elementor-widget-container\">\n\t\t\t\t\t\t\t<div class=\"animation-style1 react-heading default\">\r\n\t\t\t<div class=\"title-inner\">\r\n\t\t\t\t<div class=\"style1\"><h4 class=\"title word-line\">Yakla\u015f\u0131m<\/h4><\/div>\t\t\t<\/div>\r\n\t\t\t\r\n\t\t\t\t\t\t\t<div class=\"description style1\">\r\n\t\t\t\t\t<div>Stres y\u00f6netimi alan\u0131nda uzman bir hipnoterapist olarak; hipnoz, n\u00f6robilim ve uygulamal\u0131 psikoloji temelli ara\u00e7lar kullan\u0131yorum<\/div><div>\u00a0<\/div><div>T\u00fcm m\u00fcdahaleler:<\/div><div>\u2022Somut ve kolay uygulanabilir,<\/div><div>\u2022Hemen hayata ge\u00e7irilebilecek \u00e7\u00f6z\u00fcmlere odakl\u0131,<\/div><div>\u2022Gereksiz t\u0131bbi jargon i\u00e7ermeyen,<\/div><div>\u2022Kurumsal \u00e7er\u00e7eveye ve i\u015f ortam\u0131na sayg\u0131l\u0131d\u0131r.<\/div>\t\t\t\t<\/div>\r\n\t\t\t\t\t\t\t\t<\/div>\t\t\t\r\n\t\t\t\t\t<\/div>\n\t\t\t\t<\/div>\n\t\t\t\t<div class=\"elementor-element elementor-element-8ab589a elementor-widget__width-initial elementor-widget-mobile__width-inherit rt-default-class elementor-widget elementor-widget-react-heading\" data-id=\"8ab589a\" data-element_type=\"widget\" data-e-type=\"widget\" data-widget_type=\"react-heading.default\">\n\t\t\t\t<div class=\"elementor-widget-container\">\n\t\t\t\t\t\t\t<div class=\"animation-style1 react-heading default\">\r\n\t\t\t<div class=\"title-inner\">\r\n\t\t\t\t<div class=\"style1\"><h4 class=\"title word-line\">\u015eirketler \u0130\u00e7in Sa\u011flanan Faydalar<\/h4><\/div>\t\t\t<\/div>\r\n\t\t\t\r\n\t\t\t\t\t\t\t<div class=\"description style1\">\r\n\t\t\t\t\t<div>\u2022Kurum i\u00e7i gerginli\u011fin azalmas\u0131<\/div><div>\u2022Konsantrasyon ve verimlili\u011fin artmas\u0131<\/div><div>\u2022Konsantrasyon ve verimlili\u011fin artmas\u0131<\/div><div>\u2022Psikososyal risklerin \u00f6nlenmesi<\/div><div>\u2022Kurumsal imaj\u0131n ve \u00e7al\u0131\u015fan memnuniyetinin desteklenmesi<\/div>\t\t\t\t<\/div>\r\n\t\t\t\t\t\t\t\t<\/div>\t\t\t\r\n\t\t\t\t\t<\/div>\n\t\t\t\t<\/div>\n\t\t\t\t<div class=\"elementor-element elementor-element-89507a1 elementor-widget__width-initial elementor-widget-mobile__width-inherit rt-default-class elementor-widget elementor-widget-react-heading\" data-id=\"89507a1\" data-element_type=\"widget\" data-e-type=\"widget\" data-widget_type=\"react-heading.default\">\n\t\t\t\t<div class=\"elementor-widget-container\">\n\t\t\t\t\t\t\t<div class=\"animation-style1 react-heading default\">\r\n\t\t\t<div class=\"title-inner\">\r\n\t\t\t\t<div class=\"style1\"><h4 class=\"title word-line\">Hedef Kitle<\/h4><\/div>\t\t\t<\/div>\r\n\t\t\t\r\n\t\t\t\t\t\t\t<div class=\"description style1\">\r\n\t\t\t\t\t<div>\u2022KOB\u0130\u2019ler ve b\u00fcy\u00fck \u00f6l\u00e7ekli \u015firketler<\/div><div>\u2022Kamu ve \u00f6zel sekt\u00f6r<\/div><div>\u2022Y\u00fcksek zihinsel veya duygusal y\u00fck alt\u0131nda \u00e7al\u0131\u015fan ekipler<\/div>\t\t\t\t<\/div>\r\n\t\t\t\t\t\t\t\t<\/div>\t\t\t\r\n\t\t\t\t\t<\/div>\n\t\t\t\t<\/div>\n\t\t\t\t<div class=\"elementor-element elementor-element-b8a21f7 elementor-widget__width-initial elementor-widget-mobile__width-inherit rt-default-class elementor-widget elementor-widget-react-heading\" data-id=\"b8a21f7\" data-element_type=\"widget\" data-e-type=\"widget\" data-widget_type=\"react-heading.default\">\n\t\t\t\t<div class=\"elementor-widget-container\">\n\t\t\t\t\t\t\t<div class=\"animation-style1 react-heading default\">\r\n\t\t\t<div class=\"title-inner\">\r\n\t\t\t\t<div class=\"style1\"><h4 class=\"title word-line\">\u0130leti\u015fim<\/h4><\/div>\t\t\t<\/div>\r\n\t\t\t\r\n\t\t\t\t\t\t\t<div class=\"description style1\">\r\n\t\t\t\t\t<p>\u015eirketinizde bir mini konferans d\u00fczenlemek ya da\nkurumunuza \u00f6zel bir teklif almak ister misiniz?<\/p><p>\ud83d\udc49 \u0130leti\u015fim i\u00e7in <span style=\"color: #008000\"><a style=\"color: #008000\" href=\"https:\/\/hypnodetox.be\/tr\/contact\/\">form doldurun<\/a><\/span> veya <span style=\"color: #008000\"><a style=\"color: #008000\" href=\"mailto:info@hypnodetox.be\">email atin<\/a><\/span>.<\/p>\t\t\t\t<\/div>\r\n\t\t\t\t\t\t\t\t<\/div>\t\t\t\r\n\t\t\t\t\t<\/div>\n\t\t\t\t<\/div>\n\t\t\t\t\t<\/div>\n\t\t\t\t<\/div>\n\t\t\t\t<\/div>","protected":false},"excerpt":{"rendered":"<p>Gestion du stress en entreprise Le stress professionnel impacte directement la performance, la motivation et la sant\u00e9 des collaborateurs. Une pression constante augmente l\u2019absent\u00e9isme, diminue la concentration et d\u00e9t\u00e9riore le climat de travail. J\u2019interviens en entreprise pour proposer des mini-conf\u00e9rences pratiques et efficaces, destin\u00e9es \u00e0 aider les \u00e9quipes \u00e0 mieux comprendre, pr\u00e9venir et g\u00e9rer le&#8230;<\/p>","protected":false},"author":1,"featured_media":0,"parent":0,"menu_order":0,"comment_status":"closed","ping_status":"closed","template":"elementor_header_footer","meta":{"footnotes":""},"class_list":["post-3922","page","type-page","status-publish","hentry"],"_links":{"self":[{"href":"https:\/\/hypnodetox.be\/tr\/wp-json\/wp\/v2\/pages\/3922","targetHints":{"allow":["GET"]}}],"collection":[{"href":"https:\/\/hypnodetox.be\/tr\/wp-json\/wp\/v2\/pages"}],"about":[{"href":"https:\/\/hypnodetox.be\/tr\/wp-json\/wp\/v2\/types\/page"}],"author":[{"embeddable":true,"href":"https:\/\/hypnodetox.be\/tr\/wp-json\/wp\/v2\/users\/1"}],"replies":[{"embeddable":true,"href":"https:\/\/hypnodetox.be\/tr\/wp-json\/wp\/v2\/comments?post=3922"}],"version-history":[{"count":12,"href":"https:\/\/hypnodetox.be\/tr\/wp-json\/wp\/v2\/pages\/3922\/revisions"}],"predecessor-version":[{"id":4044,"href":"https:\/\/hypnodetox.be\/tr\/wp-json\/wp\/v2\/pages\/3922\/revisions\/4044"}],"wp:attachment":[{"href":"https:\/\/hypnodetox.be\/tr\/wp-json\/wp\/v2\/media?parent=3922"}],"curies":[{"name":"wp","href":"https:\/\/api.w.org\/{rel}","templated":true}]}}