{"id":3803,"date":"2026-01-02T06:43:00","date_gmt":"2026-01-02T06:43:00","guid":{"rendered":"https:\/\/hypnodetox.be\/?page_id=3803"},"modified":"2026-01-26T02:17:58","modified_gmt":"2026-01-26T02:17:58","slug":"anneau-gastrique-virtuel","status":"publish","type":"page","link":"https:\/\/hypnodetox.be\/tr\/anneau-gastrique-virtuel\/","title":{"rendered":"Sanal Mide Band\u0131"},"content":{"rendered":"<div data-elementor-type=\"wp-page\" data-elementor-id=\"3803\" class=\"elementor elementor-3803\" data-elementor-post-type=\"page\">\n\t\t\t\t<div class=\"elementor-element elementor-element-52bfad7 e-flex e-con-boxed rt-default-class e-con e-parent\" data-id=\"52bfad7\" data-element_type=\"container\" data-e-type=\"container\">\n\t\t\t\t\t<div class=\"e-con-inner\">\n\t\t\t\t<div class=\"elementor-element elementor-element-1c8581c elementor-absolute rt-default-class elementor-widget elementor-widget-rt-react-image\" data-id=\"1c8581c\" data-element_type=\"widget\" data-e-type=\"widget\" data-settings=\"{&quot;_position&quot;:&quot;absolute&quot;}\" data-widget_type=\"rt-react-image.default\">\n\t\t\t\t<div class=\"elementor-widget-container\">\n\t\t\t\t\t        \n        <div class=\"react-image\">\n                            <img decoding=\"async\" class=\"react-multi-image wow zoomIn\" src=\"https:\/\/hypnodetox.be\/wp-content\/uploads\/2026\/01\/K-flowers-crop-3.png\" data-wow-delay=\"0.2\" alt=\"\"\/>\n                    <\/div>       \n    \t\t\t\t<\/div>\n\t\t\t\t<\/div>\n\t\t<div class=\"elementor-element elementor-element-766762d e-con-full e-flex rt-default-class e-con e-child\" data-id=\"766762d\" data-element_type=\"container\" data-e-type=\"container\">\n\t\t\t\t<div class=\"elementor-element elementor-element-a133939 rt-default-class elementor-widget elementor-widget-react-heading\" data-id=\"a133939\" data-element_type=\"widget\" data-e-type=\"widget\" data-widget_type=\"react-heading.default\">\n\t\t\t\t<div class=\"elementor-widget-container\">\n\t\t\t\t\t\t\t<div class=\"animation-wow fadeInUp react-heading default\">\r\n\t\t\t<div class=\"title-inner\">\r\n\t\t\t\t<span class=\"custom sub-text subtitle wow fadeInUp\">Hipnoz &amp;<\/span><div class=\"wow fadeInUp\"><h2 class=\"title word-line\">Sanal Mide Band\u0131<\/h2><\/div>\t\t\t<\/div>\r\n\t\t\t\r\n\t\t\t\t\t\t\t<div class=\"description wow fadeInUp\">\r\n\t\t\t\t\t<p>Beslenmenin Bilin\u00e7d\u0131\u015f\u0131 Mekanizmalar\u0131na Etki Etmek<\/p><p>Hipnozla uygulanan sanal mide band\u0131, midenin fiziksel olarak k\u00fc\u00e7\u00fclt\u00fclmesi anlam\u0131na gelmez.<br \/>Bu yakla\u015f\u0131m, tokluk alg\u0131s\u0131 ve yeme otomatikleri \u00fczerinde \u00e7al\u0131\u015f\u0131r.<\/p><p>Hipnotik \u00e7al\u0131\u015fma sayesinde beyin, midenin daha \u00e7abuk doydu\u011fu fikrini b\u00fct\u00fcnle\u015ftirir.<br \/>A\u015f\u0131r\u0131 a\u00e7l\u0131k hissi azal\u0131r, porsiyonlar daha do\u011fal bir \u015fekilde dengelenir.<\/p>\t\t\t\t<\/div>\r\n\t\t\t\t\t\t\t\t<\/div>\t\t\t\r\n\t\t\t\t\t<\/div>\n\t\t\t\t<\/div>\n\t\t<div class=\"elementor-element elementor-element-24b66fe e-con-full e-flex rt-default-class e-con e-child\" data-id=\"24b66fe\" data-element_type=\"container\" data-e-type=\"container\">\n\t\t\t\t<\/div>\n\t\t\t\t<\/div>\n\t\t<div class=\"elementor-element elementor-element-4a8486b e-con-full e-flex rt-default-class e-con e-child\" data-id=\"4a8486b\" data-element_type=\"container\" data-e-type=\"container\">\n\t\t\t\t<div class=\"elementor-element elementor-element-a5ab59b rt-default-class elementor-widget elementor-widget-image\" data-id=\"a5ab59b\" data-element_type=\"widget\" data-e-type=\"widget\" data-widget_type=\"image.default\">\n\t\t\t\t\t\t\t\t\t\t\t\t\t\t\t<img fetchpriority=\"high\" decoding=\"async\" width=\"1920\" height=\"1280\" src=\"https:\/\/hypnodetox.be\/wp-content\/uploads\/2026\/01\/vgb-1.webp\" class=\"attachment-full size-full wp-image-3652\" alt=\"\" srcset=\"https:\/\/hypnodetox.be\/wp-content\/uploads\/2026\/01\/vgb-1.webp 1920w, https:\/\/hypnodetox.be\/wp-content\/uploads\/2026\/01\/vgb-1-300x200.webp 300w, https:\/\/hypnodetox.be\/wp-content\/uploads\/2026\/01\/vgb-1-1024x682.webp 1024w, https:\/\/hypnodetox.be\/wp-content\/uploads\/2026\/01\/vgb-1-768x512.webp 768w, https:\/\/hypnodetox.be\/wp-content\/uploads\/2026\/01\/vgb-1-1536x1024.webp 1536w\" sizes=\"(max-width: 1920px) 100vw, 1920px\" \/>\t\t\t\t\t\t\t\t\t\t\t\t\t\t\t<\/div>\n\t\t\t\t<\/div>\n\t\t\t\t\t<\/div>\n\t\t\t\t<\/div>\n\t\t<div class=\"elementor-element elementor-element-74fede9 e-flex e-con-boxed rt-default-class e-con e-parent\" data-id=\"74fede9\" data-element_type=\"container\" data-e-type=\"container\" data-settings=\"{&quot;background_background&quot;:&quot;classic&quot;,&quot;shape_divider_top&quot;:&quot;mountains&quot;,&quot;shape_divider_bottom&quot;:&quot;mountains&quot;}\">\n\t\t\t\t\t<div class=\"e-con-inner\">\n\t\t\t\t<div class=\"elementor-shape elementor-shape-top\" aria-hidden=\"true\" data-negative=\"false\">\n\t\t\t<svg xmlns=\"http:\/\/www.w3.org\/2000\/svg\" viewbox=\"0 0 1000 100\" preserveaspectratio=\"none\">\n\t<path class=\"elementor-shape-fill\" opacity=\"0.33\" d=\"M473,67.3c-203.9,88.3-263.1-34-320.3,0C66,119.1,0,59.7,0,59.7V0h1000v59.7 c0,0-62.1,26.1-94.9,29.3c-32.8,3.3-62.8-12.3-75.8-22.1C806,49.6,745.3,8.7,694.9,4.7S492.4,59,473,67.3z\"\/>\n\t<path class=\"elementor-shape-fill\" opacity=\"0.66\" d=\"M734,67.3c-45.5,0-77.2-23.2-129.1-39.1c-28.6-8.7-150.3-10.1-254,39.1 s-91.7-34.4-149.2,0C115.7,118.3,0,39.8,0,39.8V0h1000v36.5c0,0-28.2-18.5-92.1-18.5C810.2,18.1,775.7,67.3,734,67.3z\"\/>\n\t<path class=\"elementor-shape-fill\" d=\"M766.1,28.9c-200-57.5-266,65.5-395.1,19.5C242,1.8,242,5.4,184.8,20.6C128,35.8,132.3,44.9,89.9,52.5C28.6,63.7,0,0,0,0 h1000c0,0-9.9,40.9-83.6,48.1S829.6,47,766.1,28.9z\"\/>\n<\/svg>\t\t<\/div>\n\t\t\t\t<div class=\"elementor-shape elementor-shape-bottom\" aria-hidden=\"true\" data-negative=\"false\">\n\t\t\t<svg xmlns=\"http:\/\/www.w3.org\/2000\/svg\" viewbox=\"0 0 1000 100\" preserveaspectratio=\"none\">\n\t<path class=\"elementor-shape-fill\" opacity=\"0.33\" d=\"M473,67.3c-203.9,88.3-263.1-34-320.3,0C66,119.1,0,59.7,0,59.7V0h1000v59.7 c0,0-62.1,26.1-94.9,29.3c-32.8,3.3-62.8-12.3-75.8-22.1C806,49.6,745.3,8.7,694.9,4.7S492.4,59,473,67.3z\"\/>\n\t<path class=\"elementor-shape-fill\" opacity=\"0.66\" d=\"M734,67.3c-45.5,0-77.2-23.2-129.1-39.1c-28.6-8.7-150.3-10.1-254,39.1 s-91.7-34.4-149.2,0C115.7,118.3,0,39.8,0,39.8V0h1000v36.5c0,0-28.2-18.5-92.1-18.5C810.2,18.1,775.7,67.3,734,67.3z\"\/>\n\t<path class=\"elementor-shape-fill\" d=\"M766.1,28.9c-200-57.5-266,65.5-395.1,19.5C242,1.8,242,5.4,184.8,20.6C128,35.8,132.3,44.9,89.9,52.5C28.6,63.7,0,0,0,0 h1000c0,0-9.9,40.9-83.6,48.1S829.6,47,766.1,28.9z\"\/>\n<\/svg>\t\t<\/div>\n\t\t\t\t<div class=\"elementor-element elementor-element-4b10d71 elementor-widget__width-initial elementor-widget-mobile__width-inherit rt-default-class elementor-widget elementor-widget-react-heading\" data-id=\"4b10d71\" data-element_type=\"widget\" data-e-type=\"widget\" data-widget_type=\"react-heading.default\">\n\t\t\t\t<div class=\"elementor-widget-container\">\n\t\t\t\t\t\t\t<div class=\"animation-style1 react-heading default\">\r\n\t\t\t<div class=\"title-inner\">\r\n\t\t\t\t<div class=\"style1\"><h4 class=\"title word-line\">Bu Yakla\u015f\u0131m Ger\u00e7ekte Neyi Hedefler?<\/h4><\/div>\t\t\t<\/div>\r\n\t\t\t\r\n\t\t\t\t\t\t\t<div class=\"description style1\">\r\n\t\t\t\t\t<div>Sanal mide band\u0131 \u015fu alanlarda \u00e7al\u0131\u015fmay\u0131 ama\u00e7lar:<\/div><div>\u2022 Tokluk hissi,<\/div><div>\u2022 Yeme ataklar\u0131,<\/div><div>\u2022 Duygusal yeme davran\u0131\u015f\u0131,<\/div><div>\u2022 Yiyecekle ili\u015fkili otomatik davran\u0131\u015flar,<\/div><div>\u2022 Bedenle ve beslenmeyle kurulan ili\u015fki.<\/div><div>\u00a0<\/div><div>Ama\u00e7 k\u0131s\u0131tlama de\u011fil, beslenmeyle kurulan ili\u015fkinin yeniden dengelenmesidir.<\/div>\t\t\t\t<\/div>\r\n\t\t\t\t\t\t\t\t<\/div>\t\t\t\r\n\t\t\t\t\t<\/div>\n\t\t\t\t<\/div>\n\t\t\t\t<div class=\"elementor-element elementor-element-f878d58 elementor-widget__width-initial elementor-widget-mobile__width-inherit rt-default-class elementor-widget elementor-widget-react-heading\" data-id=\"f878d58\" data-element_type=\"widget\" data-e-type=\"widget\" data-widget_type=\"react-heading.default\">\n\t\t\t\t<div class=\"elementor-widget-container\">\n\t\t\t\t\t\t\t<div class=\"animation-style1 react-heading default\">\r\n\t\t\t<div class=\"title-inner\">\r\n\t\t\t\t\t\t\t<\/div>\r\n\t\t\t\r\n\t\t\t\t\t\t\t<div class=\"description style1\">\r\n\t\t\t\t\t<p><img decoding=\"async\" class=\"alignnone wp-image-3350 size-large\" src=\"https:\/\/hypnodetox.be\/wp-content\/uploads\/2025\/12\/podis-3-867x1024.png\" alt=\"\" width=\"867\" height=\"1024\" \/><\/p>\t\t\t\t<\/div>\r\n\t\t\t\t\t\t\t\t<\/div>\t\t\t\r\n\t\t\t\t\t<\/div>\n\t\t\t\t<\/div>\n\t\t\t\t<div class=\"elementor-element elementor-element-06c9456 elementor-widget__width-initial elementor-widget-mobile__width-inherit rt-default-class elementor-widget elementor-widget-react-heading\" data-id=\"06c9456\" data-element_type=\"widget\" data-e-type=\"widget\" data-widget_type=\"react-heading.default\">\n\t\t\t\t<div class=\"elementor-widget-container\">\n\t\t\t\t\t\t\t<div class=\"animation-style1 react-heading default\">\r\n\t\t\t<div class=\"title-inner\">\r\n\t\t\t\t<div class=\"style1\"><h4 class=\"title word-line\">Bu Y\u00f6ntem Kimler \u0130\u00e7in Uygundur?<\/h4><\/div>\t\t\t<\/div>\r\n\t\t\t\r\n\t\t\t\t\t\t\t<div class=\"description style1\">\r\n\t\t\t\t\t<div>Bu yakla\u015f\u0131m, a\u015fa\u011f\u0131daki durumlar\u0131 ya\u015fayan ki\u015filere y\u00f6neliktir:<\/div><div>\u2022 Tokluk hissetmeden gere\u011finden fazla yiyenler,<\/div><div>\u2022 Stres, yorgunluk ya da duygularla yemek yiyenler,<\/div><div>\u2022 Bir\u00e7ok diyeti denemi\u015f ancak kal\u0131c\u0131 sonu\u00e7 alamam\u0131\u015f olanlar,<\/div><div>\u2022 Bedene sayg\u0131l\u0131, invaziv olmayan bir y\u00f6ntem arayanlar.<\/div><div>\u00a0<\/div><div>Bu y\u00f6ntem t\u0131bbi ya da cerrahi bir takibin yerine ge\u00e7mez.<\/div>\t\t\t\t<\/div>\r\n\t\t\t\t\t\t\t\t<\/div>\t\t\t\r\n\t\t\t\t\t<\/div>\n\t\t\t\t<\/div>\n\t\t\t\t<div class=\"elementor-element elementor-element-1a9575c elementor-widget__width-initial elementor-widget-mobile__width-inherit rt-default-class elementor-widget elementor-widget-react-heading\" data-id=\"1a9575c\" data-element_type=\"widget\" data-e-type=\"widget\" data-widget_type=\"react-heading.default\">\n\t\t\t\t<div class=\"elementor-widget-container\">\n\t\t\t\t\t\t\t<div class=\"animation-style1 react-heading default\">\r\n\t\t\t<div class=\"title-inner\">\r\n\t\t\t\t<div class=\"style1\"><h4 class=\"title word-line\">Bu Y\u00f6ntem Ne De\u011fildir?<\/h4><\/div>\t\t\t<\/div>\r\n\t\t\t\r\n\t\t\t\t\t\t\t<div class=\"description style1\">\r\n\t\t\t\t\t<div>Bu y\u00f6ntem:<\/div><div>\u2022 Bir ameliyat de\u011fildir,<\/div><div>\u2022 Mucizevi bir \u00e7\u00f6z\u00fcm de\u011fildir,<\/div><div>\u2022 Sadece iradeye dayal\u0131 bir kontrol y\u00f6ntemi de\u011fildir,<\/div><div>\u2022 H\u0131zl\u0131 kilo kayb\u0131 vaat etmez.<\/div><div>\u00a0<\/div><div>Sonu\u00e7lar, ki\u015finin s\u00fcrece kat\u0131l\u0131m\u0131na ve i\u00e7sel i\u015fleyi\u015fine ba\u011fl\u0131d\u0131r.<\/div>\t\t\t\t<\/div>\r\n\t\t\t\t\t\t\t\t<\/div>\t\t\t\r\n\t\t\t\t\t<\/div>\n\t\t\t\t<\/div>\n\t\t\t\t<div class=\"elementor-element elementor-element-7497b6d elementor-widget__width-initial elementor-widget-mobile__width-inherit rt-default-class elementor-widget elementor-widget-react-heading\" data-id=\"7497b6d\" data-element_type=\"widget\" data-e-type=\"widget\" data-widget_type=\"react-heading.default\">\n\t\t\t\t<div class=\"elementor-widget-container\">\n\t\t\t\t\t\t\t<div class=\"animation-style1 react-heading default\">\r\n\t\t\t<div class=\"title-inner\">\r\n\t\t\t\t<div class=\"style1\"><h4 class=\"title word-line\">Hipnozun Rol\u00fc<\/h4><\/div>\t\t\t<\/div>\r\n\t\t\t\r\n\t\t\t\t\t\t\t<div class=\"description style1\">\r\n\t\t\t\t\t<div>Hipnoz, \u015fu alanlar\u0131 y\u00f6neten bilin\u00e7d\u0131\u015f\u0131 mekanizmalara eri\u015fmeyi sa\u011flar:<\/div><div>\u2022 A\u00e7l\u0131k,<\/div><div>\u2022 Tokluk,<\/div><div>\u2022 Kontrol edilemeyen istekler,<\/div><div>\u2022 Tekrarlayan davran\u0131\u015flar.<\/div><div>\u00a0<\/div><div>Bu d\u00fczeyde \u00e7al\u0131\u015f\u0131ld\u0131\u011f\u0131nda, de\u011fi\u015fim daha do\u011fal ve daha kal\u0131c\u0131 h\u00e2le gelir.<\/div>\t\t\t\t<\/div>\r\n\t\t\t\t\t\t\t\t<\/div>\t\t\t\r\n\t\t\t\t\t<\/div>\n\t\t\t\t<\/div>\n\t\t\t\t<div class=\"elementor-element elementor-element-a640919 elementor-widget__width-initial elementor-widget-mobile__width-inherit rt-default-class elementor-widget elementor-widget-react-heading\" data-id=\"a640919\" data-element_type=\"widget\" data-e-type=\"widget\" data-widget_type=\"react-heading.default\">\n\t\t\t\t<div class=\"elementor-widget-container\">\n\t\t\t\t\t\t\t<div class=\"animation-style1 react-heading default\">\r\n\t\t\t<div class=\"title-inner\">\r\n\t\t\t\t<div class=\"style1\"><h4 class=\"title word-line\">D\u00fcr\u00fcst Bir Sonu\u00e7<\/h4><\/div>\t\t\t<\/div>\r\n\t\t\t\r\n\t\t\t\t\t\t\t<div class=\"description style1\">\r\n\t\t\t\t\t<p>Hipnozla uygulanan sanal mide band\u0131, bir zorlay\u0131c\u0131 y\u00f6ntem de\u011fil, bir d\u00fczenleme arac\u0131d\u0131r.<br \/>Beslenmeyle ili\u015fkisini de\u011fi\u015ftirmeye haz\u0131r,<br \/>ciddi, kademeli ve bedene sayg\u0131l\u0131 bir s\u00fcre\u00e7 arayan ki\u015filere y\u00f6neliktir.<\/p>\t\t\t\t<\/div>\r\n\t\t\t\t\t\t\t\t<\/div>\t\t\t\r\n\t\t\t\t\t<\/div>\n\t\t\t\t<\/div>\n\t\t\t\t\t<\/div>\n\t\t\t\t<\/div>\n\t\t<div class=\"elementor-element elementor-element-824e2d4 e-flex e-con-boxed rt-default-class e-con e-parent\" data-id=\"824e2d4\" data-element_type=\"container\" data-e-type=\"container\">\n\t\t\t\t\t<div class=\"e-con-inner\">\n\t\t\t\t<div class=\"elementor-element elementor-element-d699e7b elementor-widget__width-initial rt-default-class elementor-widget elementor-widget-react-heading\" data-id=\"d699e7b\" data-element_type=\"widget\" data-e-type=\"widget\" data-widget_type=\"react-heading.default\">\n\t\t\t\t<div class=\"elementor-widget-container\">\n\t\t\t\t\t\t\t<div class=\"animation-wow fadeInUp react-heading default\">\r\n\t\t\t<div class=\"title-inner\">\r\n\t\t\t\t<div class=\"wow fadeInUp\"><h2 class=\"title word-line\">\u00d6nce duyguyu sakinle\u015ftirmek. Sonra in\u015fa etmek.<\/h2><\/div>\t\t\t<\/div>\r\n\t\t\t\r\n\t\t\t\t\t\t\t\t<\/div>\t\t\t\r\n\t\t\t\t\t<\/div>\n\t\t\t\t<\/div>\n\t\t\t\t\t<\/div>\n\t\t\t\t<\/div>\n\t\t\t\t<\/div>","protected":false},"excerpt":{"rendered":"<p>Hypnose &amp; Anneau gastrique virtuel Agir sur les m\u00e9canismes inconscients de l\u2019alimentation L\u2019anneau gastrique virtuel en hypnose ne consiste pas \u00e0 r\u00e9duire l\u2019estomac physiquement.Il agit sur la perception interne de la sati\u00e9t\u00e9 et sur les automatismes alimentaires. Par le travail hypnotique, le cerveau int\u00e8gre l\u2019id\u00e9e d\u2019un estomac plus rapidement satisfait.Les sensations de faim excessive diminuent,&#8230;<\/p>","protected":false},"author":1,"featured_media":0,"parent":0,"menu_order":0,"comment_status":"closed","ping_status":"closed","template":"elementor_header_footer","meta":{"footnotes":""},"class_list":["post-3803","page","type-page","status-publish","hentry"],"_links":{"self":[{"href":"https:\/\/hypnodetox.be\/tr\/wp-json\/wp\/v2\/pages\/3803","targetHints":{"allow":["GET"]}}],"collection":[{"href":"https:\/\/hypnodetox.be\/tr\/wp-json\/wp\/v2\/pages"}],"about":[{"href":"https:\/\/hypnodetox.be\/tr\/wp-json\/wp\/v2\/types\/page"}],"author":[{"embeddable":true,"href":"https:\/\/hypnodetox.be\/tr\/wp-json\/wp\/v2\/users\/1"}],"replies":[{"embeddable":true,"href":"https:\/\/hypnodetox.be\/tr\/wp-json\/wp\/v2\/comments?post=3803"}],"version-history":[{"count":13,"href":"https:\/\/hypnodetox.be\/tr\/wp-json\/wp\/v2\/pages\/3803\/revisions"}],"predecessor-version":[{"id":4066,"href":"https:\/\/hypnodetox.be\/tr\/wp-json\/wp\/v2\/pages\/3803\/revisions\/4066"}],"wp:attachment":[{"href":"https:\/\/hypnodetox.be\/tr\/wp-json\/wp\/v2\/media?parent=3803"}],"curies":[{"name":"wp","href":"https:\/\/api.w.org\/{rel}","templated":true}]}}