{"id":3452,"date":"2025-12-22T03:59:23","date_gmt":"2025-12-22T03:59:23","guid":{"rendered":"https:\/\/hypnodetox.be\/?page_id=3452"},"modified":"2026-01-26T02:04:59","modified_gmt":"2026-01-26T02:04:59","slug":"ma-methode","status":"publish","type":"page","link":"https:\/\/hypnodetox.be\/tr\/ma-methode\/","title":{"rendered":"Y\u00f6ntem"},"content":{"rendered":"\t\t<div data-elementor-type=\"wp-page\" data-elementor-id=\"3452\" class=\"elementor elementor-3452\" data-elementor-post-type=\"page\">\n\t\t\t\t<div class=\"elementor-element elementor-element-658b5adb e-flex e-con-boxed rt-default-class e-con e-parent\" data-id=\"658b5adb\" data-element_type=\"container\" data-e-type=\"container\">\n\t\t\t\t\t<div class=\"e-con-inner\">\n\t\t\t\t<div class=\"elementor-element elementor-element-27d4167 rt-default-class elementor-widget elementor-widget-image\" data-id=\"27d4167\" data-element_type=\"widget\" data-e-type=\"widget\" data-widget_type=\"image.default\">\n\t\t\t\t\t\t\t\t\t\t\t\t\t\t\t<img fetchpriority=\"high\" decoding=\"async\" width=\"640\" height=\"426\" src=\"https:\/\/hypnodetox.be\/wp-content\/uploads\/2026\/01\/gelincik_02-1024x682.webp\" class=\"attachment-large size-large wp-image-3718\" alt=\"\" srcset=\"https:\/\/hypnodetox.be\/wp-content\/uploads\/2026\/01\/gelincik_02-1024x682.webp 1024w, https:\/\/hypnodetox.be\/wp-content\/uploads\/2026\/01\/gelincik_02-300x200.webp 300w, https:\/\/hypnodetox.be\/wp-content\/uploads\/2026\/01\/gelincik_02-768x512.webp 768w, https:\/\/hypnodetox.be\/wp-content\/uploads\/2026\/01\/gelincik_02-1536x1024.webp 1536w, https:\/\/hypnodetox.be\/wp-content\/uploads\/2026\/01\/gelincik_02.webp 1920w\" sizes=\"(max-width: 640px) 100vw, 640px\" \/>\t\t\t\t\t\t\t\t\t\t\t\t\t\t\t<\/div>\n\t\t\t\t<div class=\"elementor-element elementor-element-4b9d9b0e elementor-widget__width-initial rt-default-class elementor-widget elementor-widget-react-heading\" data-id=\"4b9d9b0e\" data-element_type=\"widget\" data-e-type=\"widget\" data-widget_type=\"react-heading.default\">\n\t\t\t\t<div class=\"elementor-widget-container\">\n\t\t\t\t\t\t\t<div class=\"animation-wow fadeInUp react-heading default\">\r\n\t\t\t<div class=\"title-inner\">\r\n\t\t\t\t<div class=\"wow fadeInUp\"><h2 class=\"title word-line\">   M\u00e9thode<\/h2><\/div>\t\t\t<\/div>\r\n\t\t\t\r\n\t\t\t\t\t\t\t\t<\/div>\t\t\t\r\n\t\t\t\t\t<\/div>\n\t\t\t\t<\/div>\n\t\t\t\t\t<\/div>\n\t\t\t\t<\/div>\n\t\t<div class=\"elementor-element elementor-element-6260b9a e-flex e-con-boxed rt-default-class e-con e-parent\" data-id=\"6260b9a\" data-element_type=\"container\" data-e-type=\"container\">\n\t\t\t\t\t<div class=\"e-con-inner\">\n\t\t\t\t<div class=\"elementor-element elementor-element-d5bbd86 rt-default-class elementor-widget elementor-widget-ucaddon_uc_material_bullets\" data-id=\"d5bbd86\" data-element_type=\"widget\" data-e-type=\"widget\" data-widget_type=\"ucaddon_uc_material_bullets.default\">\n\t\t\t\t<div class=\"elementor-widget-container\">\n\t\t\t\t\t\n<!-- start Icon Bullets -->\n\t\t<link id='font-awesome-css' href='https:\/\/hypnodetox.be\/wp-content\/plugins\/unlimited-elements-for-elementor-premium\/assets_libraries\/font-awesome6\/fontawesome-all.min.css' type='text\/css' rel='stylesheet' >\n\t\t<link id='font-awesome-4-shim-css' href='https:\/\/hypnodetox.be\/wp-content\/plugins\/unlimited-elements-for-elementor-premium\/assets_libraries\/font-awesome6\/fontawesome-v4-shims.min.css' type='text\/css' rel='stylesheet' >\n\n<style>\/* widget: Icon Bullets *\/\n\n\n\n#uc_uc_material_bullets_elementor_d5bbd86 *{\n\t-webkit-box-sizing: border-box;\n\t-moz-box-sizing: border-box;\n\tbox-sizing: border-box;\n}\n\n#uc_uc_material_bullets_elementor_d5bbd86 .ue-icon-wrapper{\n\tdisplay: flex;\n}\n\n#uc_uc_material_bullets_elementor_d5bbd86 .ue-icon{\n  display:flex;\n  align-items:center;\n  justify-content:center;\n  flex-grow:0;\n  flex-shrink:0;\n  line-height:1em;\n  transition:0.3s;\n}\n\n#uc_uc_material_bullets_elementor_d5bbd86 .ue-icon svg{\n  height:1em;\n  width:1em;\n}\n\n#uc_uc_material_bullets_elementor_d5bbd86 .uc_material_bullets_row{\n\tfont-weight:400;\n\toverflow:hidden;\n\tdisplay:flex;\n\tposition:relative;\n\ttext-align:left;\n\twidth:100%;   \n    transition:0.3s;\n}\n\n#uc_uc_material_bullets_elementor_d5bbd86 .uc_material_bullets_row a.ue-item-link{\n  position:absolute;\n  display:block;\n  top:0;\n  right:0;\n  left:0;\n  bottom:0;\n}\n\n#uc_uc_material_bullets_elementor_d5bbd86 .uc_material_bullets_row:last-child{\n\tmargin-bottom:0px !important;\n}\n\n\n#uc_uc_material_bullets_elementor_d5bbd86 .uc_material_bullets_row {\n\tposition:relative;\n\tvertical-align:middle;\n}\n\n#uc_uc_material_bullets_elementor_d5bbd86 .uc_material_bullets_row .uc_content_box{\n\tdisplay:flex;\n    flex-direction:column;\n    align-items: flex-start;\n    flex-grow:1;\n}\n\n#uc_uc_material_bullets_elementor_d5bbd86 .ue-bullets{\n  display:grid;\n}\n\n#uc_uc_material_bullets_elementor_d5bbd86 .ue-text, \n#uc_uc_material_bullets_elementor_d5bbd86 .ue-title, \n#uc_uc_material_bullets_elementor_d5bbd86 .ue-seperator{\n  width:100%;\n}\n\n#uc_uc_material_bullets_elementor_d5bbd86 .ue-seperator-line{\n  display:inline-block;\n  font-size:0px;\n}\n\n#uc_uc_material_bullets_elementor_d5bbd86 .ue-seperator{\n  font-size:0px;\n}\n\n#uc_uc_material_bullets_elementor_d5bbd86.uc-remote-parent .uc_material_bullets_row{\n  cursor:pointer;\n}\n\n.ue-title{\n  font-size:21px;\n  margin:0;\n}\n\n#uc_uc_material_bullets_elementor_d5bbd86 .uc_content_box > *{\n  transition: all .3s;\n}\n\n<\/style>\n\n<div id=\"uc_uc_material_bullets_elementor_d5bbd86\" class=\"uc_material_bullets  \"  >   \t\n  <div class=\"ue-bullets uc-items-wrapper\" role=\"list\">\n    <div class=\"uc_material_bullets_row elementor-repeater-item-c85d416\" role=\"listitem\">\n  <div class=\"ue-icon-wrapper\" >\n    <div class=\"ue-icon\">\n             <span class=\"ue-icon-text\">1<\/span> \t          \n    <\/div>\n  <\/div>\n  \n  <div class=\"uc_content_box uc_ceal\">\n    <div class=\"ue-title\">Les \u00e9tapes de l\u2019accompagnement<\/div>\n    \n    \t\n    \n    <div class=\"ue-text\">\u2022 Compr\u00e9hension du probl\u00e8me : identifier les m\u00e9canismes internes, d\u00e9clencheurs et automatismes.<br\/>\n\u2022 D\u00e9finition de l\u2019objectif : formuler un objectif clair et atteignable.<br\/>\n\u2022 Travail hypnotique cibl\u00e9 : intervenir l\u00e0 o\u00f9 le blocage se construit.<br\/>\n\u2022 Stabilisation du changement : renforcer les nouveaux sch\u00e9mas et \u00e9viter les retours en arri\u00e8re.<br\/>\n\u2022 Autonomie : permettre au client de continuer \u00e0 \u00e9voluer sans d\u00e9pendance.<br\/><\/div>\t\n  <\/div>\n  \t\n<\/div>\n<div class=\"uc_material_bullets_row elementor-repeater-item-f76daa6\" role=\"listitem\">\n  <div class=\"ue-icon-wrapper\" >\n    <div class=\"ue-icon\">\n             <span class=\"ue-icon-text\">2<\/span> \t          \n    <\/div>\n  <\/div>\n  \n  <div class=\"uc_content_box uc_ceal\">\n    <div class=\"ue-title\">Le r\u00f4le actif du client<\/div>\n    \n    \t\n    \n    <div class=\"ue-text\">L\u2019hypnose devient r\u00e9ellement efficace lorsque le client :<br\/>\n\u2022 s\u2019implique dans le processus,<br\/>\n\u2022 accueille les s\u00e9ances avec ouverture,<br\/>\n\u2022 applique les ajustements entre les rendez-vous,<br\/>\n\u2022 fixe un objectif clair,<br\/>\n\u2022 observe son propre fonctionnement.<br\/><\/div>\t\n  <\/div>\n  \t\n<\/div>\n<div class=\"uc_material_bullets_row elementor-repeater-item-290834b\" role=\"listitem\">\n  <div class=\"ue-icon-wrapper\" >\n    <div class=\"ue-icon\">\n             <span class=\"ue-icon-text\">3<\/span> \t          \n    <\/div>\n  <\/div>\n  \n  <div class=\"uc_content_box uc_ceal\">\n    <div class=\"ue-title\">Le cadre de s\u00e9curit\u00e9 et de confidentialit\u00e9<\/div>\n    \n    \t\n    \n    <div class=\"ue-text\">Chaque s\u00e9ance se d\u00e9roule dans un cadre strict :.<br\/>\n\u2022 confidentialit\u00e9 totale,.<br\/>\n\u2022 respect absolu,.<br\/>\n\u2022 absence de jugement,.<br\/>\n\u2022 rythme adapt\u00e9,.<br\/>\n\u2022 environnement s\u00e9curis\u00e9...<br\/><br\/>\nLe client garde toujours le contr\u00f4le de lui-m\u00eame. Aucune manipulation, aucune suggestion contraire\naux valeurs personnelles.<br\/><\/div>\t\n  <\/div>\n  \t\n<\/div>\n<div class=\"uc_material_bullets_row elementor-repeater-item-0c12afd\" role=\"listitem\">\n  <div class=\"ue-icon-wrapper\" >\n    <div class=\"ue-icon\">\n             <span class=\"ue-icon-text\">4<\/span> \t          \n    <\/div>\n  <\/div>\n  \n  <div class=\"uc_content_box uc_ceal\">\n    <div class=\"ue-title\">Ce que je refuse de faire<\/div>\n    \n    \t\n    \n    <div class=\"ue-text\">Pour garantir un travail professionnel :<br\/>\n\u2022 pas de promesses irr\u00e9alistes,<br\/>\n\u2022 pas de manipulation \u00e9motionnelle,<br\/>\n\u2022 pas d\u2019hypnose spectaculaire,<br\/>\n\u2022 pas d\u2019intervention hors comp\u00e9tence (m\u00e9dical, psychiatrique),<br\/>\n\u2022 pas de s\u00e9ances pour une personne non volontaire,<br\/>\n\u2022 pas de pratiques cr\u00e9ant une d\u00e9pendance.<br\/><br\/>\nLe cadre est clair : s\u00e9rieux, respect, efficacit\u00e9.<br\/><\/div>\t\n  <\/div>\n  \t\n<\/div>\n\n  <\/div>\n<\/div>\n<!-- end Icon Bullets -->\t\t\t\t<\/div>\n\t\t\t\t<\/div>\n\t\t\t\t\t<\/div>\n\t\t\t\t<\/div>\n\t\t<div class=\"elementor-element elementor-element-3d150e4 e-con-full e-flex rt-default-class e-con e-parent\" data-id=\"3d150e4\" data-element_type=\"container\" data-e-type=\"container\" data-settings=\"{&quot;shape_divider_top&quot;:&quot;mountains&quot;,&quot;shape_divider_bottom&quot;:&quot;mountains&quot;}\">\n\t\t\t\t<div class=\"elementor-shape elementor-shape-top\" aria-hidden=\"true\" data-negative=\"false\">\n\t\t\t<svg xmlns=\"http:\/\/www.w3.org\/2000\/svg\" viewBox=\"0 0 1000 100\" preserveAspectRatio=\"none\">\n\t<path class=\"elementor-shape-fill\" opacity=\"0.33\" d=\"M473,67.3c-203.9,88.3-263.1-34-320.3,0C66,119.1,0,59.7,0,59.7V0h1000v59.7 c0,0-62.1,26.1-94.9,29.3c-32.8,3.3-62.8-12.3-75.8-22.1C806,49.6,745.3,8.7,694.9,4.7S492.4,59,473,67.3z\"\/>\n\t<path class=\"elementor-shape-fill\" opacity=\"0.66\" d=\"M734,67.3c-45.5,0-77.2-23.2-129.1-39.1c-28.6-8.7-150.3-10.1-254,39.1 s-91.7-34.4-149.2,0C115.7,118.3,0,39.8,0,39.8V0h1000v36.5c0,0-28.2-18.5-92.1-18.5C810.2,18.1,775.7,67.3,734,67.3z\"\/>\n\t<path class=\"elementor-shape-fill\" d=\"M766.1,28.9c-200-57.5-266,65.5-395.1,19.5C242,1.8,242,5.4,184.8,20.6C128,35.8,132.3,44.9,89.9,52.5C28.6,63.7,0,0,0,0 h1000c0,0-9.9,40.9-83.6,48.1S829.6,47,766.1,28.9z\"\/>\n<\/svg>\t\t<\/div>\n\t\t\t\t<div class=\"elementor-shape elementor-shape-bottom\" aria-hidden=\"true\" data-negative=\"false\">\n\t\t\t<svg xmlns=\"http:\/\/www.w3.org\/2000\/svg\" viewBox=\"0 0 1000 100\" preserveAspectRatio=\"none\">\n\t<path class=\"elementor-shape-fill\" opacity=\"0.33\" d=\"M473,67.3c-203.9,88.3-263.1-34-320.3,0C66,119.1,0,59.7,0,59.7V0h1000v59.7 c0,0-62.1,26.1-94.9,29.3c-32.8,3.3-62.8-12.3-75.8-22.1C806,49.6,745.3,8.7,694.9,4.7S492.4,59,473,67.3z\"\/>\n\t<path class=\"elementor-shape-fill\" opacity=\"0.66\" d=\"M734,67.3c-45.5,0-77.2-23.2-129.1-39.1c-28.6-8.7-150.3-10.1-254,39.1 s-91.7-34.4-149.2,0C115.7,118.3,0,39.8,0,39.8V0h1000v36.5c0,0-28.2-18.5-92.1-18.5C810.2,18.1,775.7,67.3,734,67.3z\"\/>\n\t<path class=\"elementor-shape-fill\" d=\"M766.1,28.9c-200-57.5-266,65.5-395.1,19.5C242,1.8,242,5.4,184.8,20.6C128,35.8,132.3,44.9,89.9,52.5C28.6,63.7,0,0,0,0 h1000c0,0-9.9,40.9-83.6,48.1S829.6,47,766.1,28.9z\"\/>\n<\/svg>\t\t<\/div>\n\t\t\t\t<\/div>\n\t\t<script type=\"text\/javascript\" src=\"https:\/\/hypnodetox.be\/wp-content\/plugins\/unlimited-elements-for-elementor-premium\/assets_libraries\/owl-carousel-new\/owl.carousel.min.js\"  id='ue_js_owl-carousel'><\/script>\n<link rel=\"stylesheet\" type=\"text\/css\" href=\"https:\/\/hypnodetox.be\/wp-content\/plugins\/unlimited-elements-for-elementor-premium\/assets_libraries\/owl-carousel-new\/assets\/owl.carousel.css\"  id='ue_css_owl-carousel' >\n<link rel=\"stylesheet\" type=\"text\/css\" href=\"https:\/\/hypnodetox.be\/wp-content\/uploads\/ac_assets\/background_slider\/animate.css\"  id='ue_css_uc_ac_assets_file_animate_css_77907' >\n\t\t<div class=\"unlimited-elements-background-overlay\" data-forid=\"3d150e4\" data-location=\"back\" style=\"display:none\">\n\t\t\t<template>\n\t\t\t\n<!-- start Background Slider -->\n\t\t<link id='owl-carousel-css' href='https:\/\/hypnodetox.be\/wp-content\/plugins\/unlimited-elements-for-elementor-premium\/assets_libraries\/owl-carousel-new\/assets\/owl.carousel.css' type='text\/css' rel='stylesheet' >\n\t\t<link id='uc_ac_assets_file_animate_css_77907-css' href='https:\/\/hypnodetox.be\/wp-content\/uploads\/ac_assets\/background_slider\/animate.css' type='text\/css' rel='stylesheet' >\n\n<style>\/* widget: Background Slider *\/\n\n#uc_background_slider_bg_addon10078\n{\n  position:absolute;\n  top:0px;\n  left:0px;\n  right:0px;\n  bottom:0px;\n  height:100%;\n  overflow:hidden;\n}\n\n#uc_background_slider_bg_addon10078 .owl-carousel\n{\n  position:absolute;\n  top:0px;\n  left:0px;\n  right:0px;\n  bottom:0px;\n  height:100%;\n}\n\n#uc_background_slider_bg_addon10078 .owl-stage-outer\n{\n  position:absolute;\n  top:0px;\n  left:0px;\n  right:0px;\n  bottom:0px;\n  height:100%;\n}\n\n#uc_background_slider_bg_addon10078 .owl-stage\n{\n  position:absolute;\n  top:0px;\n  left:0px;\n  right:0px;\n  bottom:0px;\n  height:100%;\n}\n\n\n#uc_background_slider_bg_addon10078 .owl-carousel .ue-item\n{\n  position:absolute;\n  top:0px;\n  left:0px;\n  right:0px;\n  bottom:0px;\n  height:100%;\n}\n\n#uc_background_slider_bg_addon10078 .owl-carousel .ue-item img\n{\n  position:absolute;\n  top:0px;\n  left:0px;\n  right:0px;\n  bottom:0px;\n  object-fit: cover;\n  height:100%;\n  width:100%;\n}\n\n#uc_background_slider_bg_addon10078 .owl-carousel .ue-item .ue-item-template\n{\n  position:absolute;\n  top:0px;\n  left:0px;\n  right:0px;\n  bottom:0px;\n  object-fit: cover;\n  height:100%;\n  width:100%;\n}\n\n#uc_background_slider_bg_addon10078 .ue-item-inside\n{\n  position:absolute;\n  top:0px;\n  left:0px;\n  right:0px;\n  bottom:0px;\n  height:100%;\n  \n}\n\n\n#uc_background_slider_bg_addon10078 .owl-item\n{\n  height:100%;\n  overflow: hidden;\n}\n\n\n\n\n<\/style>\n\n<div id=\"uc_background_slider_bg_addon10078\" style=\"direction:ltr;\" class=\"ue-slider-bg\">\n\n  <div id=\"uc_background_slider_bg_addon10078_carousel\" class=\"owl-carousel owl-theme \"   >\n    <div class=\"ue-item elementor-repeater-item-907fdd5\">\n  <div class=\"ue-item-inside\">\n\t\t<img decoding=\"async\" src=\"https:\/\/hypnodetox.be\/wp-content\/uploads\/2026\/01\/gelincik_01.webp\" class=\"ue-item-bg-slider-img\" alt=\"gelincik_01\">          <\/div>\n<\/div>\n\n   <\/div>\n  \n<\/div>\n<script type=\"text\/javascript\"  id=\"ue_script_background_slider\">\n\n\/* Background Slider scripts: *\/ \n\njQuery(document).ready(function(){\nfunction uc_background_slider_bg_addon10078_start(){\n\t\t\t\n\t\t\n  var objCarousel = jQuery('#uc_background_slider_bg_addon10078_carousel');\n  \n    objCarousel.owlCarousel({\n      loop:true,      \n      autoplay:true,\n      animateIn: 'fadeIn',\n      animateOut: 'fadeOut',\n      autoplayTimeout : 3000,\n      margin:0,\n      nav:false,\n      dots:false,      \n      responsive:{\n        0:{\n          items:1\n        },\n        600:{\n          items:1\n        },\n        1000:{\n          items:1\n        }\n      }\n    });\n  \t\n    \t\t\t\n\t\t\tobjCarousel.trigger(\"uc-object-ready\");\n\t\t\tjQuery(document).trigger(\"uc-remote-parent-init\", [objCarousel]);\n\t\t\t      \t\n   \n    \t\n}if(jQuery(\"#uc_background_slider_bg_addon10078\").length && !jQuery(\"#uc_background_slider_bg_addon10078\").parents('[data-elementor-type=\"popup\"]').length) uc_background_slider_bg_addon10078_start();\n\tjQuery( document ).on( 'elementor\/popup\/show', (event, id, objPopup) => {\n\tif(objPopup.$element.has(jQuery(\"#uc_background_slider_bg_addon10078\")).length) uc_background_slider_bg_addon10078_start()});\n});\n\t\t\t\n<\/script>\n<!-- end Background Slider -->\t\t\t<\/template>\n\t\t<\/div>\n\t\t\n\t\t\t\t<\/div>\n\t\t","protected":false},"excerpt":{"rendered":"<p>M\u00e9thode \/* widget: Icon Bullets *\/ #uc_uc_material_bullets_elementor_d5bbd86 *{ -webkit-box-sizing: border-box; -moz-box-sizing: border-box; box-sizing: border-box; } #uc_uc_material_bullets_elementor_d5bbd86 .ue-icon-wrapper{ display: flex; } #uc_uc_material_bullets_elementor_d5bbd86 .ue-icon{ display:flex; align-items:center; justify-content:center; flex-grow:0; flex-shrink:0; line-height:1em; transition:0.3s; } #uc_uc_material_bullets_elementor_d5bbd86 .ue-icon svg{ height:1em; width:1em; } #uc_uc_material_bullets_elementor_d5bbd86 .uc_material_bullets_row{ font-weight:400; overflow:hidden; display:flex; position:relative; text-align:left; width:100%; transition:0.3s; } #uc_uc_material_bullets_elementor_d5bbd86 .uc_material_bullets_row a.ue-item-link{ position:absolute; display:block; top:0; right:0; left:0; bottom:0;&#8230;<\/p>","protected":false},"author":1,"featured_media":0,"parent":0,"menu_order":0,"comment_status":"closed","ping_status":"closed","template":"elementor_header_footer","meta":{"footnotes":""},"class_list":["post-3452","page","type-page","status-publish","hentry"],"_links":{"self":[{"href":"https:\/\/hypnodetox.be\/tr\/wp-json\/wp\/v2\/pages\/3452","targetHints":{"allow":["GET"]}}],"collection":[{"href":"https:\/\/hypnodetox.be\/tr\/wp-json\/wp\/v2\/pages"}],"about":[{"href":"https:\/\/hypnodetox.be\/tr\/wp-json\/wp\/v2\/types\/page"}],"author":[{"embeddable":true,"href":"https:\/\/hypnodetox.be\/tr\/wp-json\/wp\/v2\/users\/1"}],"replies":[{"embeddable":true,"href":"https:\/\/hypnodetox.be\/tr\/wp-json\/wp\/v2\/comments?post=3452"}],"version-history":[{"count":26,"href":"https:\/\/hypnodetox.be\/tr\/wp-json\/wp\/v2\/pages\/3452\/revisions"}],"predecessor-version":[{"id":4059,"href":"https:\/\/hypnodetox.be\/tr\/wp-json\/wp\/v2\/pages\/3452\/revisions\/4059"}],"wp:attachment":[{"href":"https:\/\/hypnodetox.be\/tr\/wp-json\/wp\/v2\/media?parent=3452"}],"curies":[{"name":"wp","href":"https:\/\/api.w.org\/{rel}","templated":true}]}}