{"id":3441,"date":"2025-12-22T03:36:02","date_gmt":"2025-12-22T03:36:02","guid":{"rendered":"https:\/\/hypnodetox.be\/?page_id=3441"},"modified":"2026-01-26T02:24:56","modified_gmt":"2026-01-26T02:24:56","slug":"la-promesse-de-lhypnose","status":"publish","type":"page","link":"https:\/\/hypnodetox.be\/tr\/la-promesse-de-lhypnose\/","title":{"rendered":"Hipnoz Ne Vaat Eder?"},"content":{"rendered":"<div data-elementor-type=\"wp-page\" data-elementor-id=\"3441\" class=\"elementor elementor-3441\" data-elementor-post-type=\"page\">\n\t\t\t\t<div class=\"elementor-element elementor-element-39d1810d e-flex e-con-boxed rt-default-class e-con e-parent\" data-id=\"39d1810d\" data-element_type=\"container\" data-e-type=\"container\">\n\t\t\t\t\t<div class=\"e-con-inner\">\n\t\t\t\t<div class=\"elementor-element elementor-element-731059be elementor-absolute rt-default-class elementor-widget elementor-widget-rt-react-image\" data-id=\"731059be\" data-element_type=\"widget\" data-e-type=\"widget\" data-settings=\"{&quot;_position&quot;:&quot;absolute&quot;}\" data-widget_type=\"rt-react-image.default\">\n\t\t\t\t<div class=\"elementor-widget-container\">\n\t\t\t\t\t        \n        <div class=\"react-image\">\n                            <img decoding=\"async\" class=\"react-multi-image wow zoomIn\" src=\"https:\/\/hypnodetox.be\/wp-content\/uploads\/2026\/01\/K-flowers-crop-3.png\" data-wow-delay=\"0.2\" alt=\"\"\/>\n                    <\/div>       \n    \t\t\t\t<\/div>\n\t\t\t\t<\/div>\n\t\t<div class=\"elementor-element elementor-element-a7f32fa e-con-full e-flex rt-default-class e-con e-child\" data-id=\"a7f32fa\" data-element_type=\"container\" data-e-type=\"container\">\n\t\t\t\t<div class=\"elementor-element elementor-element-5280e443 rt-default-class elementor-widget elementor-widget-react-heading\" data-id=\"5280e443\" data-element_type=\"widget\" data-e-type=\"widget\" data-widget_type=\"react-heading.default\">\n\t\t\t\t<div class=\"elementor-widget-container\">\n\t\t\t\t\t\t\t<div class=\"animation-wow fadeInUp react-heading default\">\r\n\t\t\t<div class=\"title-inner\">\r\n\t\t\t\t<div class=\"wow fadeInUp\"><h2 class=\"title word-line\">Hipnoz Ne Vaat Eder?<\/h2><\/div>\t\t\t<\/div>\r\n\t\t\t\r\n\t\t\t\t\t\t\t<div class=\"description wow fadeInUp\">\r\n\t\t\t\t\t<p>Hipnozun sihirli bir yan\u0131 yoktur; ilerlemeni engelleyen i\u00e7sel mekanizmalar\u0131 yeniden d\u00fczenlemeye yard\u0131mc\u0131 olan somut bir ara\u00e7t\u0131r.<br \/>Zihninin bask\u0131y\u0131 b\u0131rakt\u0131\u011f\u0131, yeniden dengelendi\u011fi ve uzun zamand\u0131r seni sabote eden \u015feyleri d\u00f6n\u00fc\u015ft\u00fcrebilecek h\u00e2le geldi\u011fi bir alan yarat\u0131r.<\/p>\t\t\t\t<\/div>\r\n\t\t\t\t\t\t\t\t<\/div>\t\t\t\r\n\t\t\t\t\t<\/div>\n\t\t\t\t<\/div>\n\t\t\t\t<\/div>\n\t\t<div class=\"elementor-element elementor-element-7c7ba6e9 e-con-full e-flex rt-default-class e-con e-child\" data-id=\"7c7ba6e9\" data-element_type=\"container\" data-e-type=\"container\">\n\t\t\t\t<div class=\"elementor-element elementor-element-68e3b1eb rt-default-class elementor-widget elementor-widget-image\" data-id=\"68e3b1eb\" data-element_type=\"widget\" data-e-type=\"widget\" data-widget_type=\"image.default\">\n\t\t\t\t\t\t\t\t\t\t\t\t\t\t\t<img fetchpriority=\"high\" decoding=\"async\" width=\"1920\" height=\"1280\" src=\"https:\/\/hypnodetox.be\/wp-content\/uploads\/2025\/12\/uyku-1.webp\" class=\"attachment-full size-full wp-image-2710\" alt=\"\" srcset=\"https:\/\/hypnodetox.be\/wp-content\/uploads\/2025\/12\/uyku-1.webp 1920w, https:\/\/hypnodetox.be\/wp-content\/uploads\/2025\/12\/uyku-1-300x200.webp 300w, https:\/\/hypnodetox.be\/wp-content\/uploads\/2025\/12\/uyku-1-1024x682.webp 1024w, https:\/\/hypnodetox.be\/wp-content\/uploads\/2025\/12\/uyku-1-768x512.webp 768w, https:\/\/hypnodetox.be\/wp-content\/uploads\/2025\/12\/uyku-1-1536x1024.webp 1536w\" sizes=\"(max-width: 1920px) 100vw, 1920px\" \/>\t\t\t\t\t\t\t\t\t\t\t\t\t\t\t<\/div>\n\t\t\t\t<\/div>\n\t\t\t\t\t<\/div>\n\t\t\t\t<\/div>\n\t\t<div class=\"elementor-element elementor-element-5b0f24f2 e-flex e-con-boxed rt-default-class e-con e-parent\" data-id=\"5b0f24f2\" data-element_type=\"container\" data-e-type=\"container\" data-settings=\"{&quot;background_background&quot;:&quot;classic&quot;,&quot;shape_divider_top&quot;:&quot;mountains&quot;,&quot;shape_divider_bottom&quot;:&quot;mountains&quot;}\">\n\t\t\t\t\t<div class=\"e-con-inner\">\n\t\t\t\t<div class=\"elementor-shape elementor-shape-top\" aria-hidden=\"true\" data-negative=\"false\">\n\t\t\t<svg xmlns=\"http:\/\/www.w3.org\/2000\/svg\" viewbox=\"0 0 1000 100\" preserveaspectratio=\"none\">\n\t<path class=\"elementor-shape-fill\" opacity=\"0.33\" d=\"M473,67.3c-203.9,88.3-263.1-34-320.3,0C66,119.1,0,59.7,0,59.7V0h1000v59.7 c0,0-62.1,26.1-94.9,29.3c-32.8,3.3-62.8-12.3-75.8-22.1C806,49.6,745.3,8.7,694.9,4.7S492.4,59,473,67.3z\"\/>\n\t<path class=\"elementor-shape-fill\" opacity=\"0.66\" d=\"M734,67.3c-45.5,0-77.2-23.2-129.1-39.1c-28.6-8.7-150.3-10.1-254,39.1 s-91.7-34.4-149.2,0C115.7,118.3,0,39.8,0,39.8V0h1000v36.5c0,0-28.2-18.5-92.1-18.5C810.2,18.1,775.7,67.3,734,67.3z\"\/>\n\t<path class=\"elementor-shape-fill\" d=\"M766.1,28.9c-200-57.5-266,65.5-395.1,19.5C242,1.8,242,5.4,184.8,20.6C128,35.8,132.3,44.9,89.9,52.5C28.6,63.7,0,0,0,0 h1000c0,0-9.9,40.9-83.6,48.1S829.6,47,766.1,28.9z\"\/>\n<\/svg>\t\t<\/div>\n\t\t\t\t<div class=\"elementor-shape elementor-shape-bottom\" aria-hidden=\"true\" data-negative=\"false\">\n\t\t\t<svg xmlns=\"http:\/\/www.w3.org\/2000\/svg\" viewbox=\"0 0 1000 100\" preserveaspectratio=\"none\">\n\t<path class=\"elementor-shape-fill\" opacity=\"0.33\" d=\"M473,67.3c-203.9,88.3-263.1-34-320.3,0C66,119.1,0,59.7,0,59.7V0h1000v59.7 c0,0-62.1,26.1-94.9,29.3c-32.8,3.3-62.8-12.3-75.8-22.1C806,49.6,745.3,8.7,694.9,4.7S492.4,59,473,67.3z\"\/>\n\t<path class=\"elementor-shape-fill\" opacity=\"0.66\" d=\"M734,67.3c-45.5,0-77.2-23.2-129.1-39.1c-28.6-8.7-150.3-10.1-254,39.1 s-91.7-34.4-149.2,0C115.7,118.3,0,39.8,0,39.8V0h1000v36.5c0,0-28.2-18.5-92.1-18.5C810.2,18.1,775.7,67.3,734,67.3z\"\/>\n\t<path class=\"elementor-shape-fill\" d=\"M766.1,28.9c-200-57.5-266,65.5-395.1,19.5C242,1.8,242,5.4,184.8,20.6C128,35.8,132.3,44.9,89.9,52.5C28.6,63.7,0,0,0,0 h1000c0,0-9.9,40.9-83.6,48.1S829.6,47,766.1,28.9z\"\/>\n<\/svg>\t\t<\/div>\n\t\t\t\t<div class=\"elementor-element elementor-element-60444b9a elementor-widget__width-initial elementor-widget-mobile__width-inherit rt-default-class elementor-widget elementor-widget-react-heading\" data-id=\"60444b9a\" data-element_type=\"widget\" data-e-type=\"widget\" data-widget_type=\"react-heading.default\">\n\t\t\t\t<div class=\"elementor-widget-container\">\n\t\t\t\t\t\t\t<div class=\"animation-style1 react-heading default\">\r\n\t\t\t<div class=\"title-inner\">\r\n\t\t\t\t<div class=\"style1\"><h4 class=\"title word-line\">Bu Y\u00f6ntem Ne Sa\u011flar?<\/h4><\/div>\t\t\t<\/div>\r\n\t\t\t\r\n\t\t\t\t\t\t\t<div class=\"description style1\">\r\n\t\t\t\t\t<p>\u2022 Stresi azaltmak ve zihni sakinle\u015ftirmek.<br \/>\u2022 Yemekle dengeli ve sa\u011fl\u0131kl\u0131 bir ili\u015fki kurmak.<br \/>\u2022 Porsiyonlar\u0131 do\u011fal bir \u015fekilde azaltmak i\u00e7in sanal mide band\u0131 uygulamak.<br \/>\u2022 Uykuya dalmay\u0131 kolayla\u015ft\u0131rmak ve uyku kalitesini art\u0131rmak.<br \/>\u2022 Zorlanmadan sigara b\u0131rakmak.<br \/>\u2022 \u00d6zg\u00fcveni ve \u00f6zsayg\u0131y\u0131 sa\u011flam bir temel \u00fczerine yeniden in\u015fa etmek.<br \/>\u2022 Fobileri ve a\u015f\u0131r\u0131 tepkileri etkisiz h\u00e2le getirmek.<\/p><p>Burada hipnoz; derin, kal\u0131c\u0131 ve \u00f6l\u00e7\u00fclebilir bir de\u011fi\u015fimi hedefler.<\/p>\t\t\t\t<\/div>\r\n\t\t\t\t\t\t\t\t<\/div>\t\t\t\r\n\t\t\t\t\t<\/div>\n\t\t\t\t<\/div>\n\t\t\t\t<div class=\"elementor-element elementor-element-4b1c8a91 elementor-widget__width-initial elementor-widget-mobile__width-inherit rt-default-class elementor-widget elementor-widget-react-heading\" data-id=\"4b1c8a91\" data-element_type=\"widget\" data-e-type=\"widget\" data-widget_type=\"react-heading.default\">\n\t\t\t\t<div class=\"elementor-widget-container\">\n\t\t\t\t\t\t\t<div class=\"animation-style1 react-heading default\">\r\n\t\t\t<div class=\"title-inner\">\r\n\t\t\t\t<div class=\"style1\"><h4 class=\"title word-line\">Kimin \u0130\u00e7in Uygun?<\/h4><\/div>\t\t\t<\/div>\r\n\t\t\t\r\n\t\t\t\t\t\t\t<div class=\"description style1\">\r\n\t\t\t\t\t<p>Bu y\u00f6ntem, \u015funlar\u0131 hedefleyen ki\u015filer i\u00e7in uygundur:<br \/>\u2022 ge\u00e7ici bir \u00e7\u00f6z\u00fcm de\u011fil, ger\u00e7ek bir de\u011fi\u015fim,<br \/>\u2022 kendi i\u00e7sel i\u015fleyi\u015flerini anlamak ve d\u00f6n\u00fc\u015ft\u00fcrmek,<br \/>\u2022 yap\u0131land\u0131r\u0131lm\u0131\u015f ve sayg\u0131l\u0131 bir y\u00f6ntemle ilerlemek,<br \/>\u2022 \u00e7ok uzun s\u00fcredir tekrar eden bir d\u00f6ng\u00fcden \u00e7\u0131kmak.<\/p>\t\t\t\t<\/div>\r\n\t\t\t\t\t\t\t\t<\/div>\t\t\t\r\n\t\t\t\t\t<\/div>\n\t\t\t\t<\/div>\n\t\t\t\t<div class=\"elementor-element elementor-element-1552fca elementor-widget__width-initial elementor-widget-mobile__width-inherit rt-default-class elementor-widget elementor-widget-react-heading\" data-id=\"1552fca\" data-element_type=\"widget\" data-e-type=\"widget\" data-widget_type=\"react-heading.default\">\n\t\t\t\t<div class=\"elementor-widget-container\">\n\t\t\t\t\t\t\t<div class=\"animation-style1 react-heading default\">\r\n\t\t\t<div class=\"title-inner\">\r\n\t\t\t\t<div class=\"style1\"><h4 class=\"title word-line\">Kimler \u0130\u00e7in Uygun De\u011fil?<\/h4><\/div>\t\t\t<\/div>\r\n\t\t\t\r\n\t\t\t\t\t\t\t<div class=\"description style1\">\r\n\t\t\t\t\t<p>A\u015fa\u011f\u0131daki durumlarda bu y\u00f6ntem \u00f6nerilmez:<br \/>\u2022 hi\u00e7 \u00e7aba g\u00f6stermeden sonu\u00e7 bekleyenler,<br \/>\u2022 merak ama\u00e7l\u0131, y\u00fczeysel bir deneyim arayanlar,<br \/>\u2022 kendi i\u00e7sel mekanizmalar\u0131n\u0131 ke\u015ffetmeyi reddedenler,<br \/>\u2022 t\u0131bbi ya da psikiyatrik bir \u00e7\u00f6z\u00fcm arayanlar.<\/p><p>Ama\u00e7<br \/>Zihninin bir engel olmaktan \u00e7\u0131k\u0131p bir m\u00fcttefike d\u00f6n\u00fc\u015fmesi. Bir y\u00fck de\u011fil, bir destek h\u00e2line gelmesi.<\/p>\t\t\t\t<\/div>\r\n\t\t\t\t\t\t\t\t<\/div>\t\t\t\r\n\t\t\t\t\t<\/div>\n\t\t\t\t<\/div>\n\t\t\t\t\t<\/div>\n\t\t\t\t<\/div>\n\t\t<div class=\"elementor-element elementor-element-2ff9e50c e-flex e-con-boxed rt-default-class e-con e-parent\" data-id=\"2ff9e50c\" data-element_type=\"container\" data-e-type=\"container\">\n\t\t\t\t\t<div class=\"e-con-inner\">\n\t\t\t\t<div class=\"elementor-element elementor-element-52fa901a elementor-widget__width-initial rt-default-class elementor-widget elementor-widget-react-heading\" data-id=\"52fa901a\" data-element_type=\"widget\" data-e-type=\"widget\" data-widget_type=\"react-heading.default\">\n\t\t\t\t<div class=\"elementor-widget-container\">\n\t\t\t\t\t\t\t<div class=\"animation-wow fadeInUp react-heading default\">\r\n\t\t\t<div class=\"title-inner\">\r\n\t\t\t\t<div class=\"wow fadeInUp\"><h2 class=\"title word-line\">\u00d6nce duyguyu sakinle\u015ftirmek. Sonra in\u015fa etmek.<\/h2><\/div>\t\t\t<\/div>\r\n\t\t\t\r\n\t\t\t\t\t\t\t\t<\/div>\t\t\t\r\n\t\t\t\t\t<\/div>\n\t\t\t\t<\/div>\n\t\t\t\t\t<\/div>\n\t\t\t\t<\/div>\n\t\t\t\t<\/div>","protected":false},"excerpt":{"rendered":"<p>La promesse de l\u2019hypnose L\u2019hypnose n\u2019a rien de magique : c\u2019est un outil concret qui permet de r\u00e9organiser les m\u00e9canismes internes qui bloquent ton \u00e9volution.Elle cr\u00e9e un espace o\u00f9 ton esprit rel\u00e2che la pression, se r\u00e9\u00e9quilibre et devient capable de transformer ce qui te sabote depuis longtemps. Ce que cette m\u00e9thode permet \u2022 R\u00e9duire le&#8230;<\/p>","protected":false},"author":1,"featured_media":0,"parent":0,"menu_order":0,"comment_status":"closed","ping_status":"closed","template":"elementor_header_footer","meta":{"footnotes":""},"class_list":["post-3441","page","type-page","status-publish","hentry"],"_links":{"self":[{"href":"https:\/\/hypnodetox.be\/tr\/wp-json\/wp\/v2\/pages\/3441","targetHints":{"allow":["GET"]}}],"collection":[{"href":"https:\/\/hypnodetox.be\/tr\/wp-json\/wp\/v2\/pages"}],"about":[{"href":"https:\/\/hypnodetox.be\/tr\/wp-json\/wp\/v2\/types\/page"}],"author":[{"embeddable":true,"href":"https:\/\/hypnodetox.be\/tr\/wp-json\/wp\/v2\/users\/1"}],"replies":[{"embeddable":true,"href":"https:\/\/hypnodetox.be\/tr\/wp-json\/wp\/v2\/comments?post=3441"}],"version-history":[{"count":21,"href":"https:\/\/hypnodetox.be\/tr\/wp-json\/wp\/v2\/pages\/3441\/revisions"}],"predecessor-version":[{"id":4070,"href":"https:\/\/hypnodetox.be\/tr\/wp-json\/wp\/v2\/pages\/3441\/revisions\/4070"}],"wp:attachment":[{"href":"https:\/\/hypnodetox.be\/tr\/wp-json\/wp\/v2\/media?parent=3441"}],"curies":[{"name":"wp","href":"https:\/\/api.w.org\/{rel}","templated":true}]}}