{"id":3383,"date":"2025-12-22T02:39:57","date_gmt":"2025-12-22T02:39:57","guid":{"rendered":"https:\/\/hypnodetox.be\/?page_id=3383"},"modified":"2026-01-26T02:23:02","modified_gmt":"2026-01-26T02:23:02","slug":"confiance-en-soi","status":"publish","type":"page","link":"https:\/\/hypnodetox.be\/tr\/confiance-en-soi\/","title":{"rendered":"\u00d6zg\u00fcven"},"content":{"rendered":"<div data-elementor-type=\"wp-page\" data-elementor-id=\"3383\" class=\"elementor elementor-3383\" data-elementor-post-type=\"page\">\n\t\t\t\t<div class=\"elementor-element elementor-element-3c30969a e-flex e-con-boxed rt-default-class e-con e-parent\" data-id=\"3c30969a\" data-element_type=\"container\" data-e-type=\"container\">\n\t\t\t\t\t<div class=\"e-con-inner\">\n\t\t\t\t<div class=\"elementor-element elementor-element-1cb18295 elementor-absolute rt-default-class elementor-widget elementor-widget-rt-react-image\" data-id=\"1cb18295\" data-element_type=\"widget\" data-e-type=\"widget\" data-settings=\"{&quot;_position&quot;:&quot;absolute&quot;}\" data-widget_type=\"rt-react-image.default\">\n\t\t\t\t<div class=\"elementor-widget-container\">\n\t\t\t\t\t        \n        <div class=\"react-image\">\n                            <img decoding=\"async\" class=\"react-multi-image wow zoomIn\" src=\"https:\/\/hypnodetox.be\/wp-content\/uploads\/2026\/01\/K-flowers-crop-3.png\" data-wow-delay=\"0.2\" alt=\"\"\/>\n                    <\/div>       \n    \t\t\t\t<\/div>\n\t\t\t\t<\/div>\n\t\t<div class=\"elementor-element elementor-element-631b6ba2 e-con-full e-flex rt-default-class e-con e-child\" data-id=\"631b6ba2\" data-element_type=\"container\" data-e-type=\"container\">\n\t\t\t\t<div class=\"elementor-element elementor-element-25fc4415 rt-default-class elementor-widget elementor-widget-react-heading\" data-id=\"25fc4415\" data-element_type=\"widget\" data-e-type=\"widget\" data-widget_type=\"react-heading.default\">\n\t\t\t\t<div class=\"elementor-widget-container\">\n\t\t\t\t\t\t\t<div class=\"animation-wow fadeInUp react-heading default\">\r\n\t\t\t<div class=\"title-inner\">\r\n\t\t\t\t<span class=\"custom sub-text subtitle wow fadeInUp\">Hipnoz &amp;<\/span><div class=\"wow fadeInUp\"><h2 class=\"title word-line\">\u00d6zg\u00fcven<\/h2><\/div>\t\t\t<\/div>\r\n\t\t\t\r\n\t\t\t\t\t\t\t<div class=\"description wow fadeInUp\">\r\n\t\t\t\t\t<p>\u00d6zg\u00fcven Neden Zay\u0131flar?<br \/>\u00d6zg\u00fcven eksikli\u011fi, ki\u015finin de\u011ferli olmamas\u0131ndan de\u011fil; zamanla bozulan i\u00e7sel mekanizmalardan kaynaklan\u0131r:<br \/>\u2022 Hata yapma korkusu,<br \/>\u2022 S\u00fcrekli kendini ele\u015ftirme,<br \/>\u2022 Kendini ifade etmekte zorlanma,<br \/>\u2022 Ba\u015fkalar\u0131yla durmadan k\u0131yaslama,<br \/>\u2022 Her karar \u00f6ncesi teredd\u00fct ya\u015fama,<br \/>\u2022 Asla \u201cyeterli\u201d olamama hissi.<\/p>\t\t\t\t<\/div>\r\n\t\t\t\t\t\t\t\t<\/div>\t\t\t\r\n\t\t\t\t\t<\/div>\n\t\t\t\t<\/div>\n\t\t<div class=\"elementor-element elementor-element-6aa789ac e-con-full e-flex rt-default-class e-con e-child\" data-id=\"6aa789ac\" data-element_type=\"container\" data-e-type=\"container\">\n\t\t\t\t<div class=\"elementor-element elementor-element-42a4fe9f rt-default-class elementor-widget elementor-widget-heading\" data-id=\"42a4fe9f\" data-element_type=\"widget\" data-e-type=\"widget\" data-widget_type=\"heading.default\">\n\t\t\t\t\t<div class=\"elementor-heading-title elementor-size-default\">Bu tepkiler zamanla yerle\u015fir ve\nher davran\u0131\u015f\u0131 ko\u015fulland\u0131ran otomatik reflekslere d\u00f6n\u00fc\u015f\u00fcr.<\/div>\t\t\t\t<\/div>\n\t\t\t\t<\/div>\n\t\t\t\t<\/div>\n\t\t<div class=\"elementor-element elementor-element-ef9fb7f e-con-full e-flex rt-default-class e-con e-child\" data-id=\"ef9fb7f\" data-element_type=\"container\" data-e-type=\"container\">\n\t\t\t\t<div class=\"elementor-element elementor-element-653d3cf6 rt-default-class elementor-widget elementor-widget-image\" data-id=\"653d3cf6\" data-element_type=\"widget\" data-e-type=\"widget\" data-widget_type=\"image.default\">\n\t\t\t\t\t\t\t\t\t\t\t\t\t\t\t<img fetchpriority=\"high\" decoding=\"async\" width=\"1920\" height=\"1280\" src=\"https:\/\/hypnodetox.be\/wp-content\/uploads\/2025\/12\/emotions-2a.webp\" class=\"attachment-full size-full wp-image-2731\" alt=\"\" srcset=\"https:\/\/hypnodetox.be\/wp-content\/uploads\/2025\/12\/emotions-2a.webp 1920w, https:\/\/hypnodetox.be\/wp-content\/uploads\/2025\/12\/emotions-2a-300x200.webp 300w, https:\/\/hypnodetox.be\/wp-content\/uploads\/2025\/12\/emotions-2a-1024x682.webp 1024w, https:\/\/hypnodetox.be\/wp-content\/uploads\/2025\/12\/emotions-2a-768x512.webp 768w, https:\/\/hypnodetox.be\/wp-content\/uploads\/2025\/12\/emotions-2a-1536x1024.webp 1536w\" sizes=\"(max-width: 1920px) 100vw, 1920px\" \/>\t\t\t\t\t\t\t\t\t\t\t\t\t\t\t<\/div>\n\t\t\t\t<\/div>\n\t\t\t\t\t<\/div>\n\t\t\t\t<\/div>\n\t\t<div class=\"elementor-element elementor-element-5d73c60a e-flex e-con-boxed rt-default-class e-con e-parent\" data-id=\"5d73c60a\" data-element_type=\"container\" data-e-type=\"container\" data-settings=\"{&quot;background_background&quot;:&quot;classic&quot;,&quot;shape_divider_top&quot;:&quot;mountains&quot;,&quot;shape_divider_bottom&quot;:&quot;mountains&quot;}\">\n\t\t\t\t\t<div class=\"e-con-inner\">\n\t\t\t\t<div class=\"elementor-shape elementor-shape-top\" aria-hidden=\"true\" data-negative=\"false\">\n\t\t\t<svg xmlns=\"http:\/\/www.w3.org\/2000\/svg\" viewbox=\"0 0 1000 100\" preserveaspectratio=\"none\">\n\t<path class=\"elementor-shape-fill\" opacity=\"0.33\" d=\"M473,67.3c-203.9,88.3-263.1-34-320.3,0C66,119.1,0,59.7,0,59.7V0h1000v59.7 c0,0-62.1,26.1-94.9,29.3c-32.8,3.3-62.8-12.3-75.8-22.1C806,49.6,745.3,8.7,694.9,4.7S492.4,59,473,67.3z\"\/>\n\t<path class=\"elementor-shape-fill\" opacity=\"0.66\" d=\"M734,67.3c-45.5,0-77.2-23.2-129.1-39.1c-28.6-8.7-150.3-10.1-254,39.1 s-91.7-34.4-149.2,0C115.7,118.3,0,39.8,0,39.8V0h1000v36.5c0,0-28.2-18.5-92.1-18.5C810.2,18.1,775.7,67.3,734,67.3z\"\/>\n\t<path class=\"elementor-shape-fill\" d=\"M766.1,28.9c-200-57.5-266,65.5-395.1,19.5C242,1.8,242,5.4,184.8,20.6C128,35.8,132.3,44.9,89.9,52.5C28.6,63.7,0,0,0,0 h1000c0,0-9.9,40.9-83.6,48.1S829.6,47,766.1,28.9z\"\/>\n<\/svg>\t\t<\/div>\n\t\t\t\t<div class=\"elementor-shape elementor-shape-bottom\" aria-hidden=\"true\" data-negative=\"false\">\n\t\t\t<svg xmlns=\"http:\/\/www.w3.org\/2000\/svg\" viewbox=\"0 0 1000 100\" preserveaspectratio=\"none\">\n\t<path class=\"elementor-shape-fill\" opacity=\"0.33\" d=\"M473,67.3c-203.9,88.3-263.1-34-320.3,0C66,119.1,0,59.7,0,59.7V0h1000v59.7 c0,0-62.1,26.1-94.9,29.3c-32.8,3.3-62.8-12.3-75.8-22.1C806,49.6,745.3,8.7,694.9,4.7S492.4,59,473,67.3z\"\/>\n\t<path class=\"elementor-shape-fill\" opacity=\"0.66\" d=\"M734,67.3c-45.5,0-77.2-23.2-129.1-39.1c-28.6-8.7-150.3-10.1-254,39.1 s-91.7-34.4-149.2,0C115.7,118.3,0,39.8,0,39.8V0h1000v36.5c0,0-28.2-18.5-92.1-18.5C810.2,18.1,775.7,67.3,734,67.3z\"\/>\n\t<path class=\"elementor-shape-fill\" d=\"M766.1,28.9c-200-57.5-266,65.5-395.1,19.5C242,1.8,242,5.4,184.8,20.6C128,35.8,132.3,44.9,89.9,52.5C28.6,63.7,0,0,0,0 h1000c0,0-9.9,40.9-83.6,48.1S829.6,47,766.1,28.9z\"\/>\n<\/svg>\t\t<\/div>\n\t\t\t\t<div class=\"elementor-element elementor-element-615ec23c elementor-widget__width-initial elementor-widget-mobile__width-inherit rt-default-class elementor-widget elementor-widget-react-heading\" data-id=\"615ec23c\" data-element_type=\"widget\" data-e-type=\"widget\" data-widget_type=\"react-heading.default\">\n\t\t\t\t<div class=\"elementor-widget-container\">\n\t\t\t\t\t\t\t<div class=\"animation-style1 react-heading default\">\r\n\t\t\t<div class=\"title-inner\">\r\n\t\t\t\t<div class=\"style1\"><h4 class=\"title word-line\">Hipnoz Ne Sa\u011flar?<\/h4><\/div>\t\t\t<\/div>\r\n\t\t\t\r\n\t\t\t\t\t\t\t<div class=\"description style1\">\r\n\t\t\t\t\t<p>Hipnoz, \u00f6zg\u00fcven eksikli\u011finin k\u00f6kenine do\u011frudan m\u00fcdahale eder. \u015eunlar\u0131 m\u00fcmk\u00fcn k\u0131lar:<br \/>\u2022 Kendini sabote etme e\u011filimini azaltmak,<br \/>\u2022 \u0130\u00e7sel ele\u015ftiriyi sakinle\u015ftirmek,<br \/>\u2022 \u00d6zsayg\u0131y\u0131 g\u00fc\u00e7lendirmek,<br \/>\u2022 Daha istikrarl\u0131 bir benlik alg\u0131s\u0131 olu\u015fturmak,<br \/>\u2022 Do\u011fal bir \u015fekilde kendini ifade etmeyi geli\u015ftirmek,<br \/>\u2022 Daha sa\u011flam bir i\u00e7 duru\u015f in\u015fa etmek.<\/p><p>\u00d6zg\u00fcven zorla olu\u015fturulmaz: yeniden aktive edilir.<\/p>\t\t\t\t<\/div>\r\n\t\t\t\t\t\t\t\t<\/div>\t\t\t\r\n\t\t\t\t\t<\/div>\n\t\t\t\t<\/div>\n\t\t\t\t<div class=\"elementor-element elementor-element-6f106c19 elementor-widget__width-initial elementor-widget-mobile__width-inherit rt-default-class elementor-widget elementor-widget-react-heading\" data-id=\"6f106c19\" data-element_type=\"widget\" data-e-type=\"widget\" data-widget_type=\"react-heading.default\">\n\t\t\t\t<div class=\"elementor-widget-container\">\n\t\t\t\t\t\t\t<div class=\"animation-style1 react-heading default\">\r\n\t\t\t<div class=\"title-inner\">\r\n\t\t\t\t\t\t\t<\/div>\r\n\t\t\t\r\n\t\t\t\t\t\t\t<div class=\"description style1\">\r\n\t\t\t\t\t<p><img decoding=\"async\" class=\"alignnone size-large wp-image-3385\" src=\"https:\/\/hypnodetox.be\/wp-content\/uploads\/2025\/12\/confiance-2a-1013x1024.png\" alt=\"\" width=\"640\" height=\"647\" \/><\/p>\t\t\t\t<\/div>\r\n\t\t\t\t\t\t\t\t<\/div>\t\t\t\r\n\t\t\t\t\t<\/div>\n\t\t\t\t<\/div>\n\t\t\t\t<div class=\"elementor-element elementor-element-5bf960bf elementor-widget__width-initial elementor-widget-mobile__width-inherit rt-default-class elementor-widget elementor-widget-react-heading\" data-id=\"5bf960bf\" data-element_type=\"widget\" data-e-type=\"widget\" data-widget_type=\"react-heading.default\">\n\t\t\t\t<div class=\"elementor-widget-container\">\n\t\t\t\t\t\t\t<div class=\"animation-style1 react-heading default\">\r\n\t\t\t<div class=\"title-inner\">\r\n\t\t\t\t<div class=\"style1\"><h4 class=\"title word-line\">Yakla\u015f\u0131m Nas\u0131l \u0130\u015fler?<\/h4><\/div>\t\t\t<\/div>\r\n\t\t\t\r\n\t\t\t\t\t\t\t<div class=\"description style1\">\r\n\t\t\t\t\t<p>Hipnoz \u015fu konularda destek sa\u011flar:<br \/>\u2022 S\u0131n\u0131rlay\u0131c\u0131 inan\u00e7lar\u0131 d\u00f6n\u00fc\u015ft\u00fcrmek,<br \/>\u2022 \u015e\u00fcphe ve teredd\u00fct tepkilerini yeniden yap\u0131land\u0131rmak,<br \/>\u2022 Unutulmu\u015f i\u00e7sel kaynaklara eri\u015fmek,<br \/>\u2022 Kendine dair daha ger\u00e7ek\u00e7i ve sakin bir alg\u0131y\u0131 peki\u015ftirmek,<br \/>\u2022 Duygusal dengeyi yeniden kazanmak.<\/p>\t\t\t\t<\/div>\r\n\t\t\t\t\t\t\t\t<\/div>\t\t\t\r\n\t\t\t\t\t<\/div>\n\t\t\t\t<\/div>\n\t\t\t\t<div class=\"elementor-element elementor-element-4cbd63b elementor-widget__width-initial elementor-widget-mobile__width-inherit rt-default-class elementor-widget elementor-widget-react-heading\" data-id=\"4cbd63b\" data-element_type=\"widget\" data-e-type=\"widget\" data-widget_type=\"react-heading.default\">\n\t\t\t\t<div class=\"elementor-widget-container\">\n\t\t\t\t\t\t\t<div class=\"animation-style1 react-heading default\">\r\n\t\t\t<div class=\"title-inner\">\r\n\t\t\t\t<div class=\"style1\"><h4 class=\"title word-line\">Bu Y\u00f6ntem Kimler \u0130\u00e7in Uygundur?<\/h4><\/div>\t\t\t<\/div>\r\n\t\t\t\r\n\t\t\t\t\t\t\t<div class=\"description style1\">\r\n\t\t\t\t\t<p>Bu yakla\u015f\u0131m, a\u015fa\u011f\u0131daki durumlar\u0131 ya\u015fayan ki\u015filer i\u00e7in uygundur:<br \/>\u2022 Kararlar\u0131nda kendine g\u00fcvenmekte zorlananlar,<br \/>\u2022 Yarg\u0131lanma korkusuyla kendini geri \u00e7ekenler,<br \/>\u2022 Hayatta yerini bulamad\u0131\u011f\u0131n\u0131 hissedenler,<br \/>\u2022 Yetkinliklerine ra\u011fmen kendinden \u015f\u00fcphe edenler,<br \/>\u2022 \u0130\u00e7sel duru\u015funu g\u00fc\u00e7lendirmek isteyenler.<\/p>\t\t\t\t<\/div>\r\n\t\t\t\t\t\t\t\t<\/div>\t\t\t\r\n\t\t\t\t\t<\/div>\n\t\t\t\t<\/div>\n\t\t\t\t<div class=\"elementor-element elementor-element-b38d1df elementor-widget__width-initial elementor-widget-mobile__width-inherit rt-default-class elementor-widget elementor-widget-react-heading\" data-id=\"b38d1df\" data-element_type=\"widget\" data-e-type=\"widget\" data-widget_type=\"react-heading.default\">\n\t\t\t\t<div class=\"elementor-widget-container\">\n\t\t\t\t\t\t\t<div class=\"animation-style1 react-heading default\">\r\n\t\t\t<div class=\"title-inner\">\r\n\t\t\t\t<div class=\"style1\"><h4 class=\"title word-line\">Bu Y\u00f6ntem Ne De\u011fildir?<\/h4><\/div>\t\t\t<\/div>\r\n\t\t\t\r\n\t\t\t\t\t\t\t<div class=\"description style1\">\r\n\t\t\t\t\t<p>\u2022 Bir motivasyon konu\u015fmas\u0131 de\u011fildir,<br \/>\u2022 Y\u00fczeysel \u201cpozitif d\u00fc\u015f\u00fcnce\u201d tekni\u011fi de\u011fildir,<br \/>\u2022 Sihirli bir \u00e7\u00f6z\u00fcm sunmaz,<br \/>\u2022 Duygular\u0131 tamamen ortadan kald\u0131rmay\u0131 ama\u00e7lamaz.<\/p>\t\t\t\t<\/div>\r\n\t\t\t\t\t\t\t\t<\/div>\t\t\t\r\n\t\t\t\t\t<\/div>\n\t\t\t\t<\/div>\n\t\t\t\t<div class=\"elementor-element elementor-element-3cd0480c elementor-widget__width-initial elementor-widget-mobile__width-inherit rt-default-class elementor-widget elementor-widget-react-heading\" data-id=\"3cd0480c\" data-element_type=\"widget\" data-e-type=\"widget\" data-widget_type=\"react-heading.default\">\n\t\t\t\t<div class=\"elementor-widget-container\">\n\t\t\t\t\t\t\t<div class=\"animation-style1 react-heading default\">\r\n\t\t\t<div class=\"title-inner\">\r\n\t\t\t\t<div class=\"style1\"><h4 class=\"title word-line\">E\u015flik S\u00fcrecinin \u0130\u015fleyi\u015fi<\/h4><\/div>\t\t\t<\/div>\r\n\t\t\t\r\n\t\t\t\t\t\t\t<div class=\"description style1\">\r\n\t\t\t\t\t<p>\u0130lk Seans<br \/>\u2022 \u00d6zg\u00fcven eksikli\u011finin kaynaklar\u0131n\u0131 anlamak,<br \/>\u2022 S\u0131n\u0131rlay\u0131c\u0131 kal\u0131plar\u0131 belirlemek,<br \/>\u2022 Benlik alg\u0131s\u0131n\u0131 dengelemeye y\u00f6nelik ilk yeniden yap\u0131land\u0131rmalar.<\/p><p>Takip Seanslar\u0131<br \/>\u2022 \u0130\u00e7sel duru\u015fu g\u00fc\u00e7lendirmek,<br \/>\u2022 Yeni alg\u0131lar\u0131 kal\u0131c\u0131 h\u00e2le getirmek,<br \/>\u2022 \u015e\u00fcphe ve kendini sabote etme e\u011filimini kal\u0131c\u0131 olarak azaltmak.<\/p>\t\t\t\t<\/div>\r\n\t\t\t\t\t\t\t\t<\/div>\t\t\t\r\n\t\t\t\t\t<\/div>\n\t\t\t\t<\/div>\n\t\t\t\t\t<\/div>\n\t\t\t\t<\/div>\n\t\t<div class=\"elementor-element elementor-element-1d7909ba e-flex e-con-boxed rt-default-class e-con e-parent\" data-id=\"1d7909ba\" data-element_type=\"container\" data-e-type=\"container\">\n\t\t\t\t\t<div class=\"e-con-inner\">\n\t\t\t\t<div class=\"elementor-element elementor-element-1f70ca7d elementor-widget__width-initial rt-default-class elementor-widget elementor-widget-react-heading\" data-id=\"1f70ca7d\" data-element_type=\"widget\" data-e-type=\"widget\" data-widget_type=\"react-heading.default\">\n\t\t\t\t<div class=\"elementor-widget-container\">\n\t\t\t\t\t\t\t<div class=\"animation-wow fadeInUp react-heading default\">\r\n\t\t\t<div class=\"title-inner\">\r\n\t\t\t\t<div class=\"wow fadeInUp\"><h2 class=\"title word-line\">\u00d6nce duyguyu sakinle\u015ftirmek. Sonra in\u015fa etmek.<\/h2><\/div>\t\t\t<\/div>\r\n\t\t\t\r\n\t\t\t\t\t\t\t\t<\/div>\t\t\t\r\n\t\t\t\t\t<\/div>\n\t\t\t\t<\/div>\n\t\t\t\t\t<\/div>\n\t\t\t\t<\/div>\n\t\t\t\t<\/div>","protected":false},"excerpt":{"rendered":"<p>Hypnose &amp; Confiance en Soi Pourquoi la confiance s\u2019effriteLe manque de confiance ne vient pas d\u2019un d\u00e9faut de valeur mais de m\u00e9canismes internes qui se d\u00e9r\u00e8glent :\u2022 peur de mal faire,\u2022 auto-critique permanente,\u2022 difficult\u00e9 \u00e0 s\u2019affirmer,\u2022 comparaison constante,\u2022 h\u00e9sitation avant chaque d\u00e9cision,\u2022 sensation de ne jamais \u00eatre \u201cassez\u201d. Ces r\u00e9flexes se construisent avec le temps&#8230;<\/p>","protected":false},"author":1,"featured_media":0,"parent":0,"menu_order":0,"comment_status":"closed","ping_status":"closed","template":"elementor_header_footer","meta":{"footnotes":""},"class_list":["post-3383","page","type-page","status-publish","hentry"],"_links":{"self":[{"href":"https:\/\/hypnodetox.be\/tr\/wp-json\/wp\/v2\/pages\/3383","targetHints":{"allow":["GET"]}}],"collection":[{"href":"https:\/\/hypnodetox.be\/tr\/wp-json\/wp\/v2\/pages"}],"about":[{"href":"https:\/\/hypnodetox.be\/tr\/wp-json\/wp\/v2\/types\/page"}],"author":[{"embeddable":true,"href":"https:\/\/hypnodetox.be\/tr\/wp-json\/wp\/v2\/users\/1"}],"replies":[{"embeddable":true,"href":"https:\/\/hypnodetox.be\/tr\/wp-json\/wp\/v2\/comments?post=3383"}],"version-history":[{"count":40,"href":"https:\/\/hypnodetox.be\/tr\/wp-json\/wp\/v2\/pages\/3383\/revisions"}],"predecessor-version":[{"id":4068,"href":"https:\/\/hypnodetox.be\/tr\/wp-json\/wp\/v2\/pages\/3383\/revisions\/4068"}],"wp:attachment":[{"href":"https:\/\/hypnodetox.be\/tr\/wp-json\/wp\/v2\/media?parent=3383"}],"curies":[{"name":"wp","href":"https:\/\/api.w.org\/{rel}","templated":true}]}}