{"id":3370,"date":"2025-12-22T02:02:36","date_gmt":"2025-12-22T02:02:36","guid":{"rendered":"https:\/\/hypnodetox.be\/?page_id=3370"},"modified":"2026-01-26T02:30:57","modified_gmt":"2026-01-26T02:30:57","slug":"phobies","status":"publish","type":"page","link":"https:\/\/hypnodetox.be\/tr\/phobies\/","title":{"rendered":"Fobiler"},"content":{"rendered":"<div data-elementor-type=\"wp-page\" data-elementor-id=\"3370\" class=\"elementor elementor-3370\" data-elementor-post-type=\"page\">\n\t\t\t\t<div class=\"elementor-element elementor-element-64f1b1a5 e-flex e-con-boxed rt-default-class e-con e-parent\" data-id=\"64f1b1a5\" data-element_type=\"container\" data-e-type=\"container\">\n\t\t\t\t\t<div class=\"e-con-inner\">\n\t\t\t\t<div class=\"elementor-element elementor-element-64946249 elementor-absolute rt-default-class elementor-widget elementor-widget-rt-react-image\" data-id=\"64946249\" data-element_type=\"widget\" data-e-type=\"widget\" data-settings=\"{&quot;_position&quot;:&quot;absolute&quot;}\" data-widget_type=\"rt-react-image.default\">\n\t\t\t\t<div class=\"elementor-widget-container\">\n\t\t\t\t\t        \n        <div class=\"react-image\">\n                            <img decoding=\"async\" class=\"react-multi-image wow zoomIn\" src=\"https:\/\/hypnodetox.be\/wp-content\/uploads\/2026\/01\/K-flowers-crop-3.png\" data-wow-delay=\"0.2\" alt=\"\"\/>\n                    <\/div>       \n    \t\t\t\t<\/div>\n\t\t\t\t<\/div>\n\t\t<div class=\"elementor-element elementor-element-6c17f0b8 e-con-full e-flex rt-default-class e-con e-child\" data-id=\"6c17f0b8\" data-element_type=\"container\" data-e-type=\"container\">\n\t\t\t\t<div class=\"elementor-element elementor-element-45bb3990 rt-default-class elementor-widget elementor-widget-react-heading\" data-id=\"45bb3990\" data-element_type=\"widget\" data-e-type=\"widget\" data-widget_type=\"react-heading.default\">\n\t\t\t\t<div class=\"elementor-widget-container\">\n\t\t\t\t\t\t\t<div class=\"animation-wow fadeInUp react-heading default\">\r\n\t\t\t<div class=\"title-inner\">\r\n\t\t\t\t<span class=\"custom sub-text subtitle wow fadeInUp\">Hipnoz &amp;<\/span><div class=\"wow fadeInUp\"><h2 class=\"title word-line\">Fobiler<\/h2><\/div>\t\t\t<\/div>\r\n\t\t\t\r\n\t\t\t\t\t\t\t<div class=\"description wow fadeInUp\">\r\n\t\t\t\t\t<p>Bir Fobi Neden Bu Kadar Yer Kaplar?<br \/>Fobi, mant\u0131kl\u0131 bir korku de\u011fildir;\nbeynin otomatik bir refleksidir.<\/p><p>\u015eu durumlarda yerle\u015fir:<br \/>\u2022 \u0130\u00e7sel sistem, asl\u0131nda tehlike olmayan bir \u015feyi tehlikeyle e\u015fle\u015ftirdi\u011finde,<br \/>\u2022 D\u00fc\u015f\u00fcnce devreye girmeden \u00f6nce beden tepki verdi\u011finde,<br \/>\u2022 Duygu ta\u015farak kontrol\u00fc ele ald\u0131\u011f\u0131nda,<br \/>\u2022 Ka\u00e7\u0131nma, bir hayatta kalma mekanizmas\u0131na d\u00f6n\u00fc\u015ft\u00fc\u011f\u00fcnde.<\/p>\t\t\t\t<\/div>\r\n\t\t\t\t\t\t\t\t<\/div>\t\t\t\r\n\t\t\t\t\t<\/div>\n\t\t\t\t<\/div>\n\t\t<div class=\"elementor-element elementor-element-627edd08 e-con-full e-flex rt-default-class e-con e-child\" data-id=\"627edd08\" data-element_type=\"container\" data-e-type=\"container\">\n\t\t\t\t<div class=\"elementor-element elementor-element-744f539f rt-default-class elementor-widget elementor-widget-heading\" data-id=\"744f539f\" data-element_type=\"widget\" data-e-type=\"widget\" data-widget_type=\"heading.default\">\n\t\t\t\t\t<div class=\"elementor-heading-title elementor-size-default\">Sonu\u00e7: Tepki orant\u0131s\u0131zd\u0131r, ancak iradeyle kontrol edilemez.<\/div>\t\t\t\t<\/div>\n\t\t\t\t<\/div>\n\t\t\t\t<\/div>\n\t\t<div class=\"elementor-element elementor-element-48276b6e e-con-full e-flex rt-default-class e-con e-child\" data-id=\"48276b6e\" data-element_type=\"container\" data-e-type=\"container\">\n\t\t\t\t<div class=\"elementor-element elementor-element-e3a6dee rt-default-class elementor-widget elementor-widget-image\" data-id=\"e3a6dee\" data-element_type=\"widget\" data-e-type=\"widget\" data-widget_type=\"image.default\">\n\t\t\t\t\t\t\t\t\t\t\t\t\t\t\t<img fetchpriority=\"high\" decoding=\"async\" width=\"1920\" height=\"1280\" src=\"https:\/\/hypnodetox.be\/wp-content\/uploads\/2025\/12\/phobies-2.webp\" class=\"attachment-full size-full wp-image-2700\" alt=\"\" srcset=\"https:\/\/hypnodetox.be\/wp-content\/uploads\/2025\/12\/phobies-2.webp 1920w, https:\/\/hypnodetox.be\/wp-content\/uploads\/2025\/12\/phobies-2-300x200.webp 300w, https:\/\/hypnodetox.be\/wp-content\/uploads\/2025\/12\/phobies-2-1024x682.webp 1024w, https:\/\/hypnodetox.be\/wp-content\/uploads\/2025\/12\/phobies-2-768x512.webp 768w, https:\/\/hypnodetox.be\/wp-content\/uploads\/2025\/12\/phobies-2-1536x1024.webp 1536w\" sizes=\"(max-width: 1920px) 100vw, 1920px\" \/>\t\t\t\t\t\t\t\t\t\t\t\t\t\t\t<\/div>\n\t\t\t\t<\/div>\n\t\t\t\t\t<\/div>\n\t\t\t\t<\/div>\n\t\t<div class=\"elementor-element elementor-element-25b7f1cb e-flex e-con-boxed rt-default-class e-con e-parent\" data-id=\"25b7f1cb\" data-element_type=\"container\" data-e-type=\"container\" data-settings=\"{&quot;background_background&quot;:&quot;classic&quot;,&quot;shape_divider_top&quot;:&quot;mountains&quot;,&quot;shape_divider_bottom&quot;:&quot;mountains&quot;}\">\n\t\t\t\t\t<div class=\"e-con-inner\">\n\t\t\t\t<div class=\"elementor-shape elementor-shape-top\" aria-hidden=\"true\" data-negative=\"false\">\n\t\t\t<svg xmlns=\"http:\/\/www.w3.org\/2000\/svg\" viewbox=\"0 0 1000 100\" preserveaspectratio=\"none\">\n\t<path class=\"elementor-shape-fill\" opacity=\"0.33\" d=\"M473,67.3c-203.9,88.3-263.1-34-320.3,0C66,119.1,0,59.7,0,59.7V0h1000v59.7 c0,0-62.1,26.1-94.9,29.3c-32.8,3.3-62.8-12.3-75.8-22.1C806,49.6,745.3,8.7,694.9,4.7S492.4,59,473,67.3z\"\/>\n\t<path class=\"elementor-shape-fill\" opacity=\"0.66\" d=\"M734,67.3c-45.5,0-77.2-23.2-129.1-39.1c-28.6-8.7-150.3-10.1-254,39.1 s-91.7-34.4-149.2,0C115.7,118.3,0,39.8,0,39.8V0h1000v36.5c0,0-28.2-18.5-92.1-18.5C810.2,18.1,775.7,67.3,734,67.3z\"\/>\n\t<path class=\"elementor-shape-fill\" d=\"M766.1,28.9c-200-57.5-266,65.5-395.1,19.5C242,1.8,242,5.4,184.8,20.6C128,35.8,132.3,44.9,89.9,52.5C28.6,63.7,0,0,0,0 h1000c0,0-9.9,40.9-83.6,48.1S829.6,47,766.1,28.9z\"\/>\n<\/svg>\t\t<\/div>\n\t\t\t\t<div class=\"elementor-shape elementor-shape-bottom\" aria-hidden=\"true\" data-negative=\"false\">\n\t\t\t<svg xmlns=\"http:\/\/www.w3.org\/2000\/svg\" viewbox=\"0 0 1000 100\" preserveaspectratio=\"none\">\n\t<path class=\"elementor-shape-fill\" opacity=\"0.33\" d=\"M473,67.3c-203.9,88.3-263.1-34-320.3,0C66,119.1,0,59.7,0,59.7V0h1000v59.7 c0,0-62.1,26.1-94.9,29.3c-32.8,3.3-62.8-12.3-75.8-22.1C806,49.6,745.3,8.7,694.9,4.7S492.4,59,473,67.3z\"\/>\n\t<path class=\"elementor-shape-fill\" opacity=\"0.66\" d=\"M734,67.3c-45.5,0-77.2-23.2-129.1-39.1c-28.6-8.7-150.3-10.1-254,39.1 s-91.7-34.4-149.2,0C115.7,118.3,0,39.8,0,39.8V0h1000v36.5c0,0-28.2-18.5-92.1-18.5C810.2,18.1,775.7,67.3,734,67.3z\"\/>\n\t<path class=\"elementor-shape-fill\" d=\"M766.1,28.9c-200-57.5-266,65.5-395.1,19.5C242,1.8,242,5.4,184.8,20.6C128,35.8,132.3,44.9,89.9,52.5C28.6,63.7,0,0,0,0 h1000c0,0-9.9,40.9-83.6,48.1S829.6,47,766.1,28.9z\"\/>\n<\/svg>\t\t<\/div>\n\t\t\t\t<div class=\"elementor-element elementor-element-257b0857 elementor-widget__width-initial elementor-widget-mobile__width-inherit rt-default-class elementor-widget elementor-widget-react-heading\" data-id=\"257b0857\" data-element_type=\"widget\" data-e-type=\"widget\" data-widget_type=\"react-heading.default\">\n\t\t\t\t<div class=\"elementor-widget-container\">\n\t\t\t\t\t\t\t<div class=\"animation-style1 react-heading default\">\r\n\t\t\t<div class=\"title-inner\">\r\n\t\t\t\t<div class=\"style1\"><h4 class=\"title word-line\">Hipnoz Ne Sa\u011flar?<\/h4><\/div>\t\t\t<\/div>\r\n\t\t\t\r\n\t\t\t\t\t\t\t<div class=\"description style1\">\r\n\t\t\t\t\t<p>Hipnoz, fobinin yerle\u015fti\u011fi noktaya do\u011frudan etki eder. \u015eunlar\u0131 m\u00fcmk\u00fcn k\u0131lar:<br \/>\u2022 Otomatik refleksi devre d\u0131\u015f\u0131 b\u0131rakmak,<br \/>\u2022 Duygusal yo\u011funlu\u011fu azaltmak,<br \/>\u2022 Beynin ger\u00e7ek tehlike ile sahte alarm\u0131 yeniden ay\u0131rt etmeyi \u00f6\u011frenmesini sa\u011flamak,<br \/>\u2022 Fobik nesnenin alg\u0131s\u0131n\u0131 d\u00f6n\u00fc\u015ft\u00fcrmek,<br \/>\u2022 Do\u011fal bir kontrol hissini yeniden kazanmak,<br \/>\u2022 Ka\u00e7\u0131nma davran\u0131\u015f\u0131n\u0131 azaltmak.<\/p><p>Ama\u00e7 basittir:  Otomatik tepkiyi kesmek.<\/p>\t\t\t\t<\/div>\r\n\t\t\t\t\t\t\t\t<\/div>\t\t\t\r\n\t\t\t\t\t<\/div>\n\t\t\t\t<\/div>\n\t\t\t\t<div class=\"elementor-element elementor-element-5be5650d elementor-widget__width-initial elementor-widget-mobile__width-inherit rt-default-class elementor-widget elementor-widget-react-heading\" data-id=\"5be5650d\" data-element_type=\"widget\" data-e-type=\"widget\" data-widget_type=\"react-heading.default\">\n\t\t\t\t<div class=\"elementor-widget-container\">\n\t\t\t\t\t\t\t<div class=\"animation-style1 react-heading default\">\r\n\t\t\t<div class=\"title-inner\">\r\n\t\t\t\t\t\t\t<\/div>\r\n\t\t\t\r\n\t\t\t\t\t\t\t<div class=\"description style1\">\r\n\t\t\t\t\t<p><img decoding=\"async\" class=\"aligncenter wp-image-3372 size-large\" src=\"https:\/\/hypnodetox.be\/wp-content\/uploads\/2025\/12\/confiance-5a-534x1024.png\" alt=\"\" width=\"534\" height=\"1024\" \/><\/p>\t\t\t\t<\/div>\r\n\t\t\t\t\t\t\t\t<\/div>\t\t\t\r\n\t\t\t\t\t<\/div>\n\t\t\t\t<\/div>\n\t\t\t\t<div class=\"elementor-element elementor-element-ffa00c1 elementor-widget__width-initial elementor-widget-mobile__width-inherit rt-default-class elementor-widget elementor-widget-react-heading\" data-id=\"ffa00c1\" data-element_type=\"widget\" data-e-type=\"widget\" data-widget_type=\"react-heading.default\">\n\t\t\t\t<div class=\"elementor-widget-container\">\n\t\t\t\t\t\t\t<div class=\"animation-style1 react-heading default\">\r\n\t\t\t<div class=\"title-inner\">\r\n\t\t\t\t<div class=\"style1\"><h4 class=\"title word-line\">Yakla\u015f\u0131m Nas\u0131l \u0130\u015fler?<\/h4><\/div>\t\t\t<\/div>\r\n\t\t\t\r\n\t\t\t\t\t\t\t<div class=\"description style1\">\r\n\t\t\t\t\t<p>Hipnoz \u015fu konularda destek sa\u011flar:<br \/>\u2022 duygusal devreleri yeniden programlamak,<br \/>\u2022 i\u00e7sel tepkileri sakinle\u015ftirmek,<br \/>\u2022 zihnin durumu yorumlama bi\u00e7imini yeniden yap\u0131land\u0131rmak,<br \/>\u2022 i\u00e7sel g\u00fcven duygusunu yeniden tesis etmek,<br \/>\u2022 duruma uygun bir tepkiyi yeniden in\u015fa etmek.<\/p>\t\t\t\t<\/div>\r\n\t\t\t\t\t\t\t\t<\/div>\t\t\t\r\n\t\t\t\t\t<\/div>\n\t\t\t\t<\/div>\n\t\t\t\t<div class=\"elementor-element elementor-element-486f3dae elementor-widget__width-initial elementor-widget-mobile__width-inherit rt-default-class elementor-widget elementor-widget-react-heading\" data-id=\"486f3dae\" data-element_type=\"widget\" data-e-type=\"widget\" data-widget_type=\"react-heading.default\">\n\t\t\t\t<div class=\"elementor-widget-container\">\n\t\t\t\t\t\t\t<div class=\"animation-style1 react-heading default\">\r\n\t\t\t<div class=\"title-inner\">\r\n\t\t\t\t<div class=\"style1\"><h4 class=\"title word-line\">Bu Y\u00f6ntem Kimler \u0130\u00e7in Uygundur?<\/h4><\/div>\t\t\t<\/div>\r\n\t\t\t\r\n\t\t\t\t\t\t\t<div class=\"description style1\">\r\n\t\t\t\t\t<p>Bu y\u00f6ntem, a\u015fa\u011f\u0131daki durumlar\u0131 ya\u015fayan ki\u015filer i\u00e7in uygundur:<br \/>\u2022 G\u00fcnl\u00fck ya\u015fam\u0131 zorla\u015ft\u0131ran bir fobi ya\u015fayanlar,<br \/>\u2022 Korku nedeniyle baz\u0131 durumlardan ka\u00e7\u0131nanlar,<br \/>\u2022 Kontrol edilemeyen anksiyete y\u00fckselmeleri hissedenler,<br \/>\u2022 Daha do\u011fal ve dengeli bir davran\u0131\u015fa geri d\u00f6nmek isteyenler,<br \/>\u2022 Yumu\u015fak ama etkili bir \u00e7\u00f6z\u00fcm arayanlar.<\/p>\t\t\t\t<\/div>\r\n\t\t\t\t\t\t\t\t<\/div>\t\t\t\r\n\t\t\t\t\t<\/div>\n\t\t\t\t<\/div>\n\t\t\t\t<div class=\"elementor-element elementor-element-18d95c5e elementor-widget__width-initial elementor-widget-mobile__width-inherit rt-default-class elementor-widget elementor-widget-react-heading\" data-id=\"18d95c5e\" data-element_type=\"widget\" data-e-type=\"widget\" data-widget_type=\"react-heading.default\">\n\t\t\t\t<div class=\"elementor-widget-container\">\n\t\t\t\t\t\t\t<div class=\"animation-style1 react-heading default\">\r\n\t\t\t<div class=\"title-inner\">\r\n\t\t\t\t<div class=\"style1\"><h4 class=\"title word-line\">Bu Y\u00f6ntem Ne De\u011fildir?<\/h4><\/div>\t\t\t<\/div>\r\n\t\t\t\r\n\t\t\t\t\t\t\t<div class=\"description style1\">\r\n\t\t\t\t\t<p>\u2022 Yumu\u015fak ama etkili bir \u00e7\u00f6z\u00fcm arayanlar.<br \/>\u2022 Zorlama ya da bask\u0131 i\u00e7ermez,<br \/>\u2022 Duygular\u0131 tamamen bast\u0131rmay\u0131 hedeflemez,<br \/>\u2022 An\u0131nda sonu\u00e7 vaat etmez,<br \/>\u2022 T\u0131bbi bir tedavi de\u011fildir.<\/p>\t\t\t\t<\/div>\r\n\t\t\t\t\t\t\t\t<\/div>\t\t\t\r\n\t\t\t\t\t<\/div>\n\t\t\t\t<\/div>\n\t\t\t\t<div class=\"elementor-element elementor-element-7f4ded4f elementor-widget__width-initial elementor-widget-mobile__width-inherit rt-default-class elementor-widget elementor-widget-react-heading\" data-id=\"7f4ded4f\" data-element_type=\"widget\" data-e-type=\"widget\" data-widget_type=\"react-heading.default\">\n\t\t\t\t<div class=\"elementor-widget-container\">\n\t\t\t\t\t\t\t<div class=\"animation-style1 react-heading default\">\r\n\t\t\t<div class=\"title-inner\">\r\n\t\t\t\t<div class=\"style1\"><h4 class=\"title word-line\">E\u015flik S\u00fcrecinin \u0130\u015fleyi\u015fi<\/h4><\/div>\t\t\t<\/div>\r\n\t\t\t\r\n\t\t\t\t\t\t\t<div class=\"description style1\">\r\n\t\t\t\t\t<p>\u0130lk Seans<br \/>\u2022 Tepkinin k\u00f6kenini ke\u015ffetmek,<br \/>\u2022 Duygusal kal\u0131b\u0131 belirlemek,<br \/>\u2022 Otomatik refleksi d\u00f6n\u00fc\u015ft\u00fcrmeye y\u00f6nelik ilk yeniden yap\u0131land\u0131rmalar.<\/p><p>Takip Seanslar\u0131<br \/>\u2022 Yeni davran\u0131\u015f\u0131n istikrara kavu\u015fturulmas\u0131,<br \/>\u2022 Tepkinin kademeli olarak azalmas\u0131,<br \/>\u2022 Sakin ve kontroll\u00fc bir yan\u0131t\u0131n kal\u0131c\u0131 h\u00e2le getirilmesi.<\/p>\t\t\t\t<\/div>\r\n\t\t\t\t\t\t\t\t<\/div>\t\t\t\r\n\t\t\t\t\t<\/div>\n\t\t\t\t<\/div>\n\t\t\t\t\t<\/div>\n\t\t\t\t<\/div>\n\t\t<div class=\"elementor-element elementor-element-3309d9b5 e-flex e-con-boxed rt-default-class e-con e-parent\" data-id=\"3309d9b5\" data-element_type=\"container\" data-e-type=\"container\">\n\t\t\t\t\t<div class=\"e-con-inner\">\n\t\t\t\t<div class=\"elementor-element elementor-element-49a21f74 elementor-widget__width-initial rt-default-class elementor-widget elementor-widget-react-heading\" data-id=\"49a21f74\" data-element_type=\"widget\" data-e-type=\"widget\" data-widget_type=\"react-heading.default\">\n\t\t\t\t<div class=\"elementor-widget-container\">\n\t\t\t\t\t\t\t<div class=\"animation-wow fadeInUp react-heading default\">\r\n\t\t\t<div class=\"title-inner\">\r\n\t\t\t\t<div class=\"wow fadeInUp\"><h2 class=\"title word-line\">\u00d6nce duyguyu sakinle\u015ftirmek. Sonra in\u015fa etmek.<\/h2><\/div>\t\t\t<\/div>\r\n\t\t\t\r\n\t\t\t\t\t\t\t\t<\/div>\t\t\t\r\n\t\t\t\t\t<\/div>\n\t\t\t\t<\/div>\n\t\t\t\t\t<\/div>\n\t\t\t\t<\/div>\n\t\t\t\t<\/div>","protected":false},"excerpt":{"rendered":"<p>Hypnose &amp; Phobies Pourquoi une phobie prend autant de placeUne phobie n\u2019est pas une peur logique : c\u2019est un r\u00e9flexe automatique du cerveau. Elle s\u2019installe lorsque :\u2022 le syst\u00e8me interne associe un danger \u00e0 quelque chose qui n\u2019en repr\u00e9sente pas,\u2022 le corps r\u00e9agit avant m\u00eame que la pens\u00e9e intervienne,\u2022 l\u2019\u00e9motion d\u00e9borde et prend le contr\u00f4le,\u2022&#8230;<\/p>","protected":false},"author":1,"featured_media":0,"parent":0,"menu_order":0,"comment_status":"closed","ping_status":"closed","template":"elementor_header_footer","meta":{"footnotes":""},"class_list":["post-3370","page","type-page","status-publish","hentry"],"_links":{"self":[{"href":"https:\/\/hypnodetox.be\/tr\/wp-json\/wp\/v2\/pages\/3370","targetHints":{"allow":["GET"]}}],"collection":[{"href":"https:\/\/hypnodetox.be\/tr\/wp-json\/wp\/v2\/pages"}],"about":[{"href":"https:\/\/hypnodetox.be\/tr\/wp-json\/wp\/v2\/types\/page"}],"author":[{"embeddable":true,"href":"https:\/\/hypnodetox.be\/tr\/wp-json\/wp\/v2\/users\/1"}],"replies":[{"embeddable":true,"href":"https:\/\/hypnodetox.be\/tr\/wp-json\/wp\/v2\/comments?post=3370"}],"version-history":[{"count":22,"href":"https:\/\/hypnodetox.be\/tr\/wp-json\/wp\/v2\/pages\/3370\/revisions"}],"predecessor-version":[{"id":4079,"href":"https:\/\/hypnodetox.be\/tr\/wp-json\/wp\/v2\/pages\/3370\/revisions\/4079"}],"wp:attachment":[{"href":"https:\/\/hypnodetox.be\/tr\/wp-json\/wp\/v2\/media?parent=3370"}],"curies":[{"name":"wp","href":"https:\/\/api.w.org\/{rel}","templated":true}]}}