{"id":3348,"date":"2025-12-22T01:37:50","date_gmt":"2025-12-22T01:37:50","guid":{"rendered":"https:\/\/hypnodetox.be\/?page_id=3348"},"modified":"2026-01-26T02:27:07","modified_gmt":"2026-01-26T02:27:07","slug":"perte_de_poids","status":"publish","type":"page","link":"https:\/\/hypnodetox.be\/tr\/perte_de_poids\/","title":{"rendered":"Kilo Verme"},"content":{"rendered":"<div data-elementor-type=\"wp-page\" data-elementor-id=\"3348\" class=\"elementor elementor-3348\" data-elementor-post-type=\"page\">\n\t\t\t\t<div class=\"elementor-element elementor-element-4f588dc6 e-flex e-con-boxed rt-default-class e-con e-parent\" data-id=\"4f588dc6\" data-element_type=\"container\" data-e-type=\"container\">\n\t\t\t\t\t<div class=\"e-con-inner\">\n\t\t\t\t<div class=\"elementor-element elementor-element-412d9cf7 elementor-absolute rt-default-class elementor-widget elementor-widget-rt-react-image\" data-id=\"412d9cf7\" data-element_type=\"widget\" data-e-type=\"widget\" data-settings=\"{&quot;_position&quot;:&quot;absolute&quot;}\" data-widget_type=\"rt-react-image.default\">\n\t\t\t\t<div class=\"elementor-widget-container\">\n\t\t\t\t\t        \n        <div class=\"react-image\">\n                            <img decoding=\"async\" class=\"react-multi-image wow zoomIn\" src=\"https:\/\/hypnodetox.be\/wp-content\/uploads\/2026\/01\/K-flowers-crop-3.png\" data-wow-delay=\"0.2\" alt=\"\"\/>\n                    <\/div>       \n    \t\t\t\t<\/div>\n\t\t\t\t<\/div>\n\t\t<div class=\"elementor-element elementor-element-26df64e4 e-con-full e-flex rt-default-class e-con e-child\" data-id=\"26df64e4\" data-element_type=\"container\" data-e-type=\"container\">\n\t\t\t\t<div class=\"elementor-element elementor-element-1f98d3bc rt-default-class elementor-widget elementor-widget-react-heading\" data-id=\"1f98d3bc\" data-element_type=\"widget\" data-e-type=\"widget\" data-widget_type=\"react-heading.default\">\n\t\t\t\t<div class=\"elementor-widget-container\">\n\t\t\t\t\t\t\t<div class=\"animation-wow fadeInUp react-heading default\">\r\n\t\t\t<div class=\"title-inner\">\r\n\t\t\t\t<span class=\"custom sub-text subtitle wow fadeInUp\">Hipnoz &amp;<\/span><div class=\"wow fadeInUp\"><h2 class=\"title word-line\">Kilo Verme<\/h2><\/div>\t\t\t<\/div>\r\n\t\t\t\r\n\t\t\t\t\t\t\t<div class=\"description wow fadeInUp\">\r\n\t\t\t\t\t<p>Diyetler Neden Ba\u015far\u0131s\u0131z Olur?<br \/>Kilosuyla m\u00fccadele eden \u00e7o\u011fu insan\u0131n sorunu\nirade ya da disiplin eksikli\u011fi de\u011fildir.<\/p><p><br \/>Sorun ba\u015fka bir yerde ba\u015flar:<br \/>\u2022 Otomatik davran\u0131\u015flar,<br \/>\u2022 Duygusal at\u0131\u015ft\u0131rmalar,<br \/>\u2022 Yiyecekle \u00e7at\u0131\u015fmal\u0131 bir ili\u015fki,<br \/>\u2022 Yan\u0131lt\u0131c\u0131 a\u00e7l\u0131k hissi,<br \/>\u2022 Yemeyi durdurmakta zorlanma,<br \/>\u2022 Stres ya da yorgunlu\u011fu telafi etme ihtiyac\u0131.<\/p>\t\t\t\t<\/div>\r\n\t\t\t\t\t\t\t\t<\/div>\t\t\t\r\n\t\t\t\t\t<\/div>\n\t\t\t\t<\/div>\n\t\t<div class=\"elementor-element elementor-element-7bb8d697 e-con-full e-flex rt-default-class e-con e-child\" data-id=\"7bb8d697\" data-element_type=\"container\" data-e-type=\"container\">\n\t\t\t\t<div class=\"elementor-element elementor-element-4233192a rt-default-class elementor-widget elementor-widget-heading\" data-id=\"4233192a\" data-element_type=\"widget\" data-e-type=\"widget\" data-widget_type=\"heading.default\">\n\t\t\t\t\t<div class=\"elementor-heading-title elementor-size-default\">Sorunun kayna\u011f\u0131 i\u00e7selse, sadece beslenmeyi de\u011fi\u015ftirmek yeterli olmaz. \u0130\u015fte bu noktada hipnoz devreye girer<\/div>\t\t\t\t<\/div>\n\t\t\t\t<\/div>\n\t\t\t\t<\/div>\n\t\t<div class=\"elementor-element elementor-element-62d10b96 e-con-full e-flex rt-default-class e-con e-child\" data-id=\"62d10b96\" data-element_type=\"container\" data-e-type=\"container\">\n\t\t\t\t<div class=\"elementor-element elementor-element-1c2691ff rt-default-class elementor-widget elementor-widget-image\" data-id=\"1c2691ff\" data-element_type=\"widget\" data-e-type=\"widget\" data-widget_type=\"image.default\">\n\t\t\t\t\t\t\t\t\t\t\t\t\t\t\t<img fetchpriority=\"high\" decoding=\"async\" width=\"1920\" height=\"1280\" src=\"https:\/\/hypnodetox.be\/wp-content\/uploads\/2025\/12\/podis-1.webp\" class=\"attachment-full size-full wp-image-2705\" alt=\"\" srcset=\"https:\/\/hypnodetox.be\/wp-content\/uploads\/2025\/12\/podis-1.webp 1920w, https:\/\/hypnodetox.be\/wp-content\/uploads\/2025\/12\/podis-1-300x200.webp 300w, https:\/\/hypnodetox.be\/wp-content\/uploads\/2025\/12\/podis-1-1024x682.webp 1024w, https:\/\/hypnodetox.be\/wp-content\/uploads\/2025\/12\/podis-1-768x512.webp 768w, https:\/\/hypnodetox.be\/wp-content\/uploads\/2025\/12\/podis-1-1536x1024.webp 1536w\" sizes=\"(max-width: 1920px) 100vw, 1920px\" \/>\t\t\t\t\t\t\t\t\t\t\t\t\t\t\t<\/div>\n\t\t\t\t<\/div>\n\t\t\t\t\t<\/div>\n\t\t\t\t<\/div>\n\t\t<div class=\"elementor-element elementor-element-28e57fce e-flex e-con-boxed rt-default-class e-con e-parent\" data-id=\"28e57fce\" data-element_type=\"container\" data-e-type=\"container\" data-settings=\"{&quot;background_background&quot;:&quot;classic&quot;,&quot;shape_divider_top&quot;:&quot;mountains&quot;,&quot;shape_divider_bottom&quot;:&quot;mountains&quot;}\">\n\t\t\t\t\t<div class=\"e-con-inner\">\n\t\t\t\t<div class=\"elementor-shape elementor-shape-top\" aria-hidden=\"true\" data-negative=\"false\">\n\t\t\t<svg xmlns=\"http:\/\/www.w3.org\/2000\/svg\" viewbox=\"0 0 1000 100\" preserveaspectratio=\"none\">\n\t<path class=\"elementor-shape-fill\" opacity=\"0.33\" d=\"M473,67.3c-203.9,88.3-263.1-34-320.3,0C66,119.1,0,59.7,0,59.7V0h1000v59.7 c0,0-62.1,26.1-94.9,29.3c-32.8,3.3-62.8-12.3-75.8-22.1C806,49.6,745.3,8.7,694.9,4.7S492.4,59,473,67.3z\"\/>\n\t<path class=\"elementor-shape-fill\" opacity=\"0.66\" d=\"M734,67.3c-45.5,0-77.2-23.2-129.1-39.1c-28.6-8.7-150.3-10.1-254,39.1 s-91.7-34.4-149.2,0C115.7,118.3,0,39.8,0,39.8V0h1000v36.5c0,0-28.2-18.5-92.1-18.5C810.2,18.1,775.7,67.3,734,67.3z\"\/>\n\t<path class=\"elementor-shape-fill\" d=\"M766.1,28.9c-200-57.5-266,65.5-395.1,19.5C242,1.8,242,5.4,184.8,20.6C128,35.8,132.3,44.9,89.9,52.5C28.6,63.7,0,0,0,0 h1000c0,0-9.9,40.9-83.6,48.1S829.6,47,766.1,28.9z\"\/>\n<\/svg>\t\t<\/div>\n\t\t\t\t<div class=\"elementor-shape elementor-shape-bottom\" aria-hidden=\"true\" data-negative=\"false\">\n\t\t\t<svg xmlns=\"http:\/\/www.w3.org\/2000\/svg\" viewbox=\"0 0 1000 100\" preserveaspectratio=\"none\">\n\t<path class=\"elementor-shape-fill\" opacity=\"0.33\" d=\"M473,67.3c-203.9,88.3-263.1-34-320.3,0C66,119.1,0,59.7,0,59.7V0h1000v59.7 c0,0-62.1,26.1-94.9,29.3c-32.8,3.3-62.8-12.3-75.8-22.1C806,49.6,745.3,8.7,694.9,4.7S492.4,59,473,67.3z\"\/>\n\t<path class=\"elementor-shape-fill\" opacity=\"0.66\" d=\"M734,67.3c-45.5,0-77.2-23.2-129.1-39.1c-28.6-8.7-150.3-10.1-254,39.1 s-91.7-34.4-149.2,0C115.7,118.3,0,39.8,0,39.8V0h1000v36.5c0,0-28.2-18.5-92.1-18.5C810.2,18.1,775.7,67.3,734,67.3z\"\/>\n\t<path class=\"elementor-shape-fill\" d=\"M766.1,28.9c-200-57.5-266,65.5-395.1,19.5C242,1.8,242,5.4,184.8,20.6C128,35.8,132.3,44.9,89.9,52.5C28.6,63.7,0,0,0,0 h1000c0,0-9.9,40.9-83.6,48.1S829.6,47,766.1,28.9z\"\/>\n<\/svg>\t\t<\/div>\n\t\t\t\t<div class=\"elementor-element elementor-element-4230c365 elementor-widget__width-initial elementor-widget-mobile__width-inherit rt-default-class elementor-widget elementor-widget-react-heading\" data-id=\"4230c365\" data-element_type=\"widget\" data-e-type=\"widget\" data-widget_type=\"react-heading.default\">\n\t\t\t\t<div class=\"elementor-widget-container\">\n\t\t\t\t\t\t\t<div class=\"animation-style1 react-heading default\">\r\n\t\t\t<div class=\"title-inner\">\r\n\t\t\t\t<div class=\"style1\"><h4 class=\"title word-line\">Kilo Vermede Hipnoz Ne Yapar?<\/h4><\/div>\t\t\t<\/div>\r\n\t\t\t\r\n\t\t\t\t\t\t\t<div class=\"description style1\">\r\n\t\t\t\t\t<p>Hipnoz; refleksler, inan\u00e7lar, d\u00fcrt\u00fcler ve duygular \u00fczerinde \u00e7al\u0131\u015f\u0131r.<\/p><p>Hipnoz sayesinde:<br \/>\u2022 Yeme ataklar\u0131n\u0131 azaltmak,<br \/>\u2022 Porsiyonlar\u0131 do\u011fal olarak k\u00fc\u00e7\u00fcltmek,<br \/>\u2022 Ger\u00e7ek a\u00e7l\u0131k sinyalleriyle yeniden ba\u011flant\u0131 kurmak,<br \/>\u2022 \u201cStres = yemek\u201d ba\u011flant\u0131s\u0131n\u0131 koparmak,<br \/>\u2022 M\u00fccadele etmeden kontrol\u00fc yeniden kazanmak,<br \/>\u2022 Yemek su\u00e7lulu\u011funu serbest b\u0131rakmak,<br \/>\u2022 \u0130stikrarl\u0131 bir motivasyon yerle\u015ftirmek.<\/p>\t\t\t\t<\/div>\r\n\t\t\t\t\t\t\t\t<\/div>\t\t\t\r\n\t\t\t\t\t<\/div>\n\t\t\t\t<\/div>\n\t\t\t\t<div class=\"elementor-element elementor-element-3300fd7f elementor-widget__width-initial elementor-widget-mobile__width-inherit rt-default-class elementor-widget elementor-widget-react-heading\" data-id=\"3300fd7f\" data-element_type=\"widget\" data-e-type=\"widget\" data-widget_type=\"react-heading.default\">\n\t\t\t\t<div class=\"elementor-widget-container\">\n\t\t\t\t\t\t\t<div class=\"animation-style1 react-heading default\">\r\n\t\t\t<div class=\"title-inner\">\r\n\t\t\t\t\t\t\t<\/div>\r\n\t\t\t\r\n\t\t\t\t\t\t\t<div class=\"description style1\">\r\n\t\t\t\t\t<p><img decoding=\"async\" class=\"alignnone size-medium wp-image-3350 aligncenter\" src=\"https:\/\/hypnodetox.be\/wp-content\/uploads\/2025\/12\/podis-3-254x300.png\" alt=\"\" width=\"254\" height=\"300\" \/><\/p>\t\t\t\t<\/div>\r\n\t\t\t\t\t\t\t\t<\/div>\t\t\t\r\n\t\t\t\t\t<\/div>\n\t\t\t\t<\/div>\n\t\t\t\t<div class=\"elementor-element elementor-element-1cac9525 elementor-widget__width-initial elementor-widget-mobile__width-inherit rt-default-class elementor-widget elementor-widget-react-heading\" data-id=\"1cac9525\" data-element_type=\"widget\" data-e-type=\"widget\" data-widget_type=\"react-heading.default\">\n\t\t\t\t<div class=\"elementor-widget-container\">\n\t\t\t\t\t\t\t<div class=\"animation-style1 react-heading default\">\r\n\t\t\t<div class=\"title-inner\">\r\n\t\t\t\t<div class=\"style1\"><h4 class=\"title word-line\">Sanal Mide Band\u0131 (Hipnozla)<\/h4><\/div>\t\t\t<\/div>\r\n\t\t\t\r\n\t\t\t\t\t\t\t<div class=\"description style1\">\r\n\t\t\t\t\t<p>Hipnoz \u015fu konularda destek sa\u011flar:<br \/>Hipnoz, midenin daha k\u00fc\u00e7\u00fckm\u00fc\u015f gibi alg\u0131lanmas\u0131n\u0131 sa\u011flayan daha h\u0131zl\u0131 tokluk hissi olu\u015fturabilir:<br \/>\u2022 Miktarlar\u0131n azalmas\u0131,<br \/>\u2022 Toklu\u011fun daha erken fark edilmesi,<br \/>\u2022 A\u015f\u0131r\u0131 yeme ihtiyac\u0131n\u0131n zay\u0131flamas\u0131.<\/p>\t\t\t\t<\/div>\r\n\t\t\t\t\t\t\t\t<\/div>\t\t\t\r\n\t\t\t\t\t<\/div>\n\t\t\t\t<\/div>\n\t\t\t\t<div class=\"elementor-element elementor-element-3bdc9fe9 elementor-widget__width-initial elementor-widget-mobile__width-inherit rt-default-class elementor-widget elementor-widget-react-heading\" data-id=\"3bdc9fe9\" data-element_type=\"widget\" data-e-type=\"widget\" data-widget_type=\"react-heading.default\">\n\t\t\t\t<div class=\"elementor-widget-container\">\n\t\t\t\t\t\t\t<div class=\"animation-style1 react-heading default\">\r\n\t\t\t<div class=\"title-inner\">\r\n\t\t\t\t<div class=\"style1\"><h4 class=\"title word-line\">Bu Y\u00f6ntem Kimler \u0130\u00e7in Uygundur?<\/h4><\/div>\t\t\t<\/div>\r\n\t\t\t\r\n\t\t\t\t\t\t\t<div class=\"description style1\">\r\n\t\t\t\t\t<p>Bu y\u00f6ntem, a\u015fa\u011f\u0131daki hedefleri olan ki\u015filer i\u00e7in uygundur:<br \/>\u2022 Pek \u00e7ok y\u00f6ntemi denemi\u015f ama kal\u0131c\u0131 sonu\u00e7 alamam\u0131\u015f olanlar,<br \/>\u2022 Stres veya duygularla yemek yiyenler,<br \/>\u2022 Arka arkaya diyetlerden \u00e7\u0131kmak isteyenler,<br \/>\u2022 Yiyecekle ili\u015fkisini yeniden e\u011fitmek isteyenler,<br \/>\u2022 Kal\u0131c\u0131 bir i\u00e7sel de\u011fi\u015fim hedefleyenler.<\/p>\t\t\t\t<\/div>\r\n\t\t\t\t\t\t\t\t<\/div>\t\t\t\r\n\t\t\t\t\t<\/div>\n\t\t\t\t<\/div>\n\t\t\t\t<div class=\"elementor-element elementor-element-116f51bd elementor-widget__width-initial elementor-widget-mobile__width-inherit rt-default-class elementor-widget elementor-widget-react-heading\" data-id=\"116f51bd\" data-element_type=\"widget\" data-e-type=\"widget\" data-widget_type=\"react-heading.default\">\n\t\t\t\t<div class=\"elementor-widget-container\">\n\t\t\t\t\t\t\t<div class=\"animation-style1 react-heading default\">\r\n\t\t\t<div class=\"title-inner\">\r\n\t\t\t\t<div class=\"style1\"><h4 class=\"title word-line\">Bu Y\u00f6ntem Ne De\u011fildir?<\/h4><\/div>\t\t\t<\/div>\r\n\t\t\t\r\n\t\t\t\t\t\t\t<div class=\"description style1\">\r\n\t\t\t\t\t<p>\u2022 Bir diyet de\u011fildir,<br \/>\u2022 Mucize bir \u00e7\u00f6z\u00fcm sunmaz,<br \/>\u2022 K\u0131sa s\u00fcrede a\u015f\u0131r\u0131 kilo kayb\u0131 vaat etmez,<br \/>\u2022 T\u0131bbi bir tedavinin yerine ge\u00e7mez.<\/p>\t\t\t\t<\/div>\r\n\t\t\t\t\t\t\t\t<\/div>\t\t\t\r\n\t\t\t\t\t<\/div>\n\t\t\t\t<\/div>\n\t\t\t\t<div class=\"elementor-element elementor-element-e5e47ec elementor-widget__width-initial elementor-widget-mobile__width-inherit rt-default-class elementor-widget elementor-widget-react-heading\" data-id=\"e5e47ec\" data-element_type=\"widget\" data-e-type=\"widget\" data-widget_type=\"react-heading.default\">\n\t\t\t\t<div class=\"elementor-widget-container\">\n\t\t\t\t\t\t\t<div class=\"animation-style1 react-heading default\">\r\n\t\t\t<div class=\"title-inner\">\r\n\t\t\t\t<div class=\"style1\"><h4 class=\"title word-line\">E\u015flik S\u00fcrecinin \u0130\u015fleyi\u015fi<\/h4><\/div>\t\t\t<\/div>\r\n\t\t\t\r\n\t\t\t\t\t\t\t<div class=\"description style1\">\r\n\t\t\t\t\t<p>\u0130lk Seans<br \/>\u2022 Yiyecekle kurulan ili\u015fkinin analizi.<br \/>\u2022 Tetikleyicilerin belirlenmesi,<br \/>\u2022 \u0130lk yeniden programlama ad\u0131mlar\u0131.<\/p><p>Takip Seanslar\u0131<br \/>\u2022 Yeme ataklar\u0131 ve tokluk \u00fczerine \u00e7al\u0131\u015fma,<br \/>\u2022 Yeni otomatiklerin yerle\u015ftirilmesi,<br \/>\u2022 De\u011fi\u015fimin istikrara kavu\u015fturulmas\u0131.<\/p>\t\t\t\t<\/div>\r\n\t\t\t\t\t\t\t\t<\/div>\t\t\t\r\n\t\t\t\t\t<\/div>\n\t\t\t\t<\/div>\n\t\t\t\t\t<\/div>\n\t\t\t\t<\/div>\n\t\t<div class=\"elementor-element elementor-element-6372c85 e-flex e-con-boxed rt-default-class e-con e-parent\" data-id=\"6372c85\" data-element_type=\"container\" data-e-type=\"container\">\n\t\t\t\t\t<div class=\"e-con-inner\">\n\t\t\t\t<div class=\"elementor-element elementor-element-2eb1366d elementor-widget__width-initial rt-default-class elementor-widget elementor-widget-react-heading\" data-id=\"2eb1366d\" data-element_type=\"widget\" data-e-type=\"widget\" data-widget_type=\"react-heading.default\">\n\t\t\t\t<div class=\"elementor-widget-container\">\n\t\t\t\t\t\t\t<div class=\"animation-wow fadeInUp react-heading default\">\r\n\t\t\t<div class=\"title-inner\">\r\n\t\t\t\t<div class=\"wow fadeInUp\"><h2 class=\"title word-line\">\u00d6nce duyguyu sakinle\u015ftirmek. Sonra in\u015fa etmek.<\/h2><\/div>\t\t\t<\/div>\r\n\t\t\t\r\n\t\t\t\t\t\t\t\t<\/div>\t\t\t\r\n\t\t\t\t\t<\/div>\n\t\t\t\t<\/div>\n\t\t\t\t\t<\/div>\n\t\t\t\t<\/div>\n\t\t\t\t<\/div>","protected":false},"excerpt":{"rendered":"<p>Hypnose &amp; Perte de Poids Pourquoi les r\u00e9gimes \u00e9chouentLa plupart des personnes qui luttent avec leur poids ne manquent ni de volont\u00e9 ni de discipline. Le probl\u00e8me vient d\u2019ailleurs :\u2022 comportements automatiques,\u2022 grignotages \u00e9motionnels,\u2022 rapport conflictuel \u00e0 la nourriture,\u2022 sensation de faim fauss\u00e9e,\u2022 difficult\u00e9s \u00e0 s\u2019arr\u00eater,\u2022 besoin de compenser stress ou fatigue. Changer l\u2019alimentation ne&#8230;<\/p>","protected":false},"author":1,"featured_media":0,"parent":0,"menu_order":0,"comment_status":"closed","ping_status":"closed","template":"elementor_header_footer","meta":{"footnotes":""},"class_list":["post-3348","page","type-page","status-publish","hentry"],"_links":{"self":[{"href":"https:\/\/hypnodetox.be\/tr\/wp-json\/wp\/v2\/pages\/3348","targetHints":{"allow":["GET"]}}],"collection":[{"href":"https:\/\/hypnodetox.be\/tr\/wp-json\/wp\/v2\/pages"}],"about":[{"href":"https:\/\/hypnodetox.be\/tr\/wp-json\/wp\/v2\/types\/page"}],"author":[{"embeddable":true,"href":"https:\/\/hypnodetox.be\/tr\/wp-json\/wp\/v2\/users\/1"}],"replies":[{"embeddable":true,"href":"https:\/\/hypnodetox.be\/tr\/wp-json\/wp\/v2\/comments?post=3348"}],"version-history":[{"count":17,"href":"https:\/\/hypnodetox.be\/tr\/wp-json\/wp\/v2\/pages\/3348\/revisions"}],"predecessor-version":[{"id":4074,"href":"https:\/\/hypnodetox.be\/tr\/wp-json\/wp\/v2\/pages\/3348\/revisions\/4074"}],"wp:attachment":[{"href":"https:\/\/hypnodetox.be\/tr\/wp-json\/wp\/v2\/media?parent=3348"}],"curies":[{"name":"wp","href":"https:\/\/api.w.org\/{rel}","templated":true}]}}