{"id":3331,"date":"2025-12-22T00:53:46","date_gmt":"2025-12-22T00:53:46","guid":{"rendered":"https:\/\/hypnodetox.be\/?page_id=3331"},"modified":"2026-01-26T02:35:57","modified_gmt":"2026-01-26T02:35:57","slug":"douleurs","status":"publish","type":"page","link":"https:\/\/hypnodetox.be\/tr\/douleurs\/","title":{"rendered":"A\u011fr\u0131lar"},"content":{"rendered":"<div data-elementor-type=\"wp-page\" data-elementor-id=\"3331\" class=\"elementor elementor-3331\" data-elementor-post-type=\"page\">\n\t\t\t\t<div class=\"elementor-element elementor-element-534c9ce5 e-flex e-con-boxed rt-default-class e-con e-parent\" data-id=\"534c9ce5\" data-element_type=\"container\" data-e-type=\"container\">\n\t\t\t\t\t<div class=\"e-con-inner\">\n\t\t\t\t<div class=\"elementor-element elementor-element-381728da elementor-absolute rt-default-class elementor-widget elementor-widget-rt-react-image\" data-id=\"381728da\" data-element_type=\"widget\" data-e-type=\"widget\" data-settings=\"{&quot;_position&quot;:&quot;absolute&quot;}\" data-widget_type=\"rt-react-image.default\">\n\t\t\t\t<div class=\"elementor-widget-container\">\n\t\t\t\t\t        \n        <div class=\"react-image\">\n                            <img decoding=\"async\" class=\"react-multi-image wow zoomIn\" src=\"https:\/\/hypnodetox.be\/wp-content\/uploads\/2026\/01\/K-flowers-crop-3.png\" data-wow-delay=\"0.2\" alt=\"\"\/>\n                    <\/div>       \n    \t\t\t\t<\/div>\n\t\t\t\t<\/div>\n\t\t<div class=\"elementor-element elementor-element-7730d77 e-con-full e-flex rt-default-class e-con e-child\" data-id=\"7730d77\" data-element_type=\"container\" data-e-type=\"container\">\n\t\t\t\t<div class=\"elementor-element elementor-element-507ed362 rt-default-class elementor-widget elementor-widget-react-heading\" data-id=\"507ed362\" data-element_type=\"widget\" data-e-type=\"widget\" data-widget_type=\"react-heading.default\">\n\t\t\t\t<div class=\"elementor-widget-container\">\n\t\t\t\t\t\t\t<div class=\"animation-wow fadeInUp react-heading default\">\r\n\t\t\t<div class=\"title-inner\">\r\n\t\t\t\t<span class=\"custom sub-text subtitle wow fadeInUp\">Hipnoz &amp;<\/span><div class=\"wow fadeInUp\"><h2 class=\"title word-line\">A\u011fr\u0131lar<\/h2><\/div>\t\t\t<\/div>\r\n\t\t\t\r\n\t\t\t\t\t\t\t<div class=\"description wow fadeInUp\">\r\n\t\t\t\t\t<p>A\u011fr\u0131 Neden Devam Eder?<br \/>Baz\u0131 a\u011fr\u0131lar, beden art\u0131k tehlikede olmad\u0131\u011f\u0131 h\u00e2lde beynin alarm sinyali g\u00f6ndermeye devam etmesi nedeniyle kronikle\u015fir.<br \/>Bu durum \u015fu etkenlerle g\u00fc\u00e7lenir:<br \/>\u2022 Sinirsel gerginlikler,<br \/>\u2022 Uzun s\u00fcreli stres,<br \/>\u2022 Bedensel al\u0131\u015fkanl\u0131klar,<br \/>\u2022 Beden haf\u0131zas\u0131,<br \/>\u2022 Sinir sisteminin a\u015f\u0131r\u0131 hassasla\u015fmas\u0131.<\/p>\t\t\t\t<\/div>\r\n\t\t\t\t\t\t\t\t<\/div>\t\t\t\r\n\t\t\t\t\t<\/div>\n\t\t\t\t<\/div>\n\t\t<div class=\"elementor-element elementor-element-5c26f00 e-con-full e-flex rt-default-class e-con e-child\" data-id=\"5c26f00\" data-element_type=\"container\" data-e-type=\"container\">\n\t\t\t\t<div class=\"elementor-element elementor-element-184c0433 rt-default-class elementor-widget elementor-widget-heading\" data-id=\"184c0433\" data-element_type=\"widget\" data-e-type=\"widget\" data-widget_type=\"heading.default\">\n\t\t\t\t\t<div class=\"elementor-heading-title elementor-size-default\">Bu noktada a\u011fr\u0131, fiziksel ger\u00e7eklikle orant\u0131s\u0131z, otomatik bir refleks h\u00e2line gelir.<\/div>\t\t\t\t<\/div>\n\t\t\t\t<\/div>\n\t\t\t\t<\/div>\n\t\t<div class=\"elementor-element elementor-element-6c940a6c e-con-full e-flex rt-default-class e-con e-child\" data-id=\"6c940a6c\" data-element_type=\"container\" data-e-type=\"container\">\n\t\t\t\t<div class=\"elementor-element elementor-element-5b80f33a rt-default-class elementor-widget elementor-widget-image\" data-id=\"5b80f33a\" data-element_type=\"widget\" data-e-type=\"widget\" data-widget_type=\"image.default\">\n\t\t\t\t\t\t\t\t\t\t\t\t\t\t\t<img fetchpriority=\"high\" decoding=\"async\" width=\"1920\" height=\"1282\" src=\"https:\/\/hypnodetox.be\/wp-content\/uploads\/2025\/12\/douleurs-1-scaled.webp\" class=\"attachment-full size-full wp-image-2691\" alt=\"\" srcset=\"https:\/\/hypnodetox.be\/wp-content\/uploads\/2025\/12\/douleurs-1-scaled.webp 1920w, https:\/\/hypnodetox.be\/wp-content\/uploads\/2025\/12\/douleurs-1-300x200.webp 300w, https:\/\/hypnodetox.be\/wp-content\/uploads\/2025\/12\/douleurs-1-1024x683.webp 1024w, https:\/\/hypnodetox.be\/wp-content\/uploads\/2025\/12\/douleurs-1-768x513.webp 768w, https:\/\/hypnodetox.be\/wp-content\/uploads\/2025\/12\/douleurs-1-1536x1025.webp 1536w\" sizes=\"(max-width: 1920px) 100vw, 1920px\" \/>\t\t\t\t\t\t\t\t\t\t\t\t\t\t\t<\/div>\n\t\t\t\t<\/div>\n\t\t\t\t\t<\/div>\n\t\t\t\t<\/div>\n\t\t<div class=\"elementor-element elementor-element-750917b0 e-flex e-con-boxed rt-default-class e-con e-parent\" data-id=\"750917b0\" data-element_type=\"container\" data-e-type=\"container\" data-settings=\"{&quot;background_background&quot;:&quot;classic&quot;,&quot;shape_divider_top&quot;:&quot;mountains&quot;,&quot;shape_divider_bottom&quot;:&quot;mountains&quot;}\">\n\t\t\t\t\t<div class=\"e-con-inner\">\n\t\t\t\t<div class=\"elementor-shape elementor-shape-top\" aria-hidden=\"true\" data-negative=\"false\">\n\t\t\t<svg xmlns=\"http:\/\/www.w3.org\/2000\/svg\" viewbox=\"0 0 1000 100\" preserveaspectratio=\"none\">\n\t<path class=\"elementor-shape-fill\" opacity=\"0.33\" d=\"M473,67.3c-203.9,88.3-263.1-34-320.3,0C66,119.1,0,59.7,0,59.7V0h1000v59.7 c0,0-62.1,26.1-94.9,29.3c-32.8,3.3-62.8-12.3-75.8-22.1C806,49.6,745.3,8.7,694.9,4.7S492.4,59,473,67.3z\"\/>\n\t<path class=\"elementor-shape-fill\" opacity=\"0.66\" d=\"M734,67.3c-45.5,0-77.2-23.2-129.1-39.1c-28.6-8.7-150.3-10.1-254,39.1 s-91.7-34.4-149.2,0C115.7,118.3,0,39.8,0,39.8V0h1000v36.5c0,0-28.2-18.5-92.1-18.5C810.2,18.1,775.7,67.3,734,67.3z\"\/>\n\t<path class=\"elementor-shape-fill\" d=\"M766.1,28.9c-200-57.5-266,65.5-395.1,19.5C242,1.8,242,5.4,184.8,20.6C128,35.8,132.3,44.9,89.9,52.5C28.6,63.7,0,0,0,0 h1000c0,0-9.9,40.9-83.6,48.1S829.6,47,766.1,28.9z\"\/>\n<\/svg>\t\t<\/div>\n\t\t\t\t<div class=\"elementor-shape elementor-shape-bottom\" aria-hidden=\"true\" data-negative=\"false\">\n\t\t\t<svg xmlns=\"http:\/\/www.w3.org\/2000\/svg\" viewbox=\"0 0 1000 100\" preserveaspectratio=\"none\">\n\t<path class=\"elementor-shape-fill\" opacity=\"0.33\" d=\"M473,67.3c-203.9,88.3-263.1-34-320.3,0C66,119.1,0,59.7,0,59.7V0h1000v59.7 c0,0-62.1,26.1-94.9,29.3c-32.8,3.3-62.8-12.3-75.8-22.1C806,49.6,745.3,8.7,694.9,4.7S492.4,59,473,67.3z\"\/>\n\t<path class=\"elementor-shape-fill\" opacity=\"0.66\" d=\"M734,67.3c-45.5,0-77.2-23.2-129.1-39.1c-28.6-8.7-150.3-10.1-254,39.1 s-91.7-34.4-149.2,0C115.7,118.3,0,39.8,0,39.8V0h1000v36.5c0,0-28.2-18.5-92.1-18.5C810.2,18.1,775.7,67.3,734,67.3z\"\/>\n\t<path class=\"elementor-shape-fill\" d=\"M766.1,28.9c-200-57.5-266,65.5-395.1,19.5C242,1.8,242,5.4,184.8,20.6C128,35.8,132.3,44.9,89.9,52.5C28.6,63.7,0,0,0,0 h1000c0,0-9.9,40.9-83.6,48.1S829.6,47,766.1,28.9z\"\/>\n<\/svg>\t\t<\/div>\n\t\t\t\t<div class=\"elementor-element elementor-element-5d3c5af5 elementor-widget__width-initial elementor-widget-mobile__width-inherit rt-default-class elementor-widget elementor-widget-react-heading\" data-id=\"5d3c5af5\" data-element_type=\"widget\" data-e-type=\"widget\" data-widget_type=\"react-heading.default\">\n\t\t\t\t<div class=\"elementor-widget-container\">\n\t\t\t\t\t\t\t<div class=\"animation-style1 react-heading default\">\r\n\t\t\t<div class=\"title-inner\">\r\n\t\t\t\t<div class=\"style1\"><h4 class=\"title word-line\">Hipnoz Ne Sa\u011flar?<\/h4><\/div>\t\t\t<\/div>\r\n\t\t\t\r\n\t\t\t\t\t\t\t<div class=\"description style1\">\r\n\t\t\t\t\t<p>Hipnoz, a\u011fr\u0131n\u0131n i\u00e7sel alg\u0131s\u0131 \u00fczerinde \u00e7al\u0131\u015f\u0131r. \u015eunlar\u0131 m\u00fcmk\u00fcn k\u0131lar:<br \/>\u2022 A\u011fr\u0131 sinyalinin yo\u011funlu\u011funu azaltmak,<br \/>\u2022 Kas gerginli\u011fini d\u00fc\u015f\u00fcrmek,<br \/>\u2022 Sinir sisteminin a\u015f\u0131r\u0131 aktivitesini sakinle\u015ftirmek,<br \/>\u2022 A\u011fr\u0131ya e\u015flik eden duygusal y\u00fck\u00fc d\u00f6n\u00fc\u015ft\u00fcrmek,<br \/>\u2022 Genel bedensel konforu art\u0131rmak,<br \/>\u2022 \u0130\u00e7sel gev\u015feme alanlar\u0131 olu\u015fturmak.<\/p><p>Ama\u00e7: Beynin daha n\u00f6tr ve daha az reaktif bir i\u015fleyi\u015fe geri d\u00f6nmesini sa\u011flamak.<\/p>\t\t\t\t<\/div>\r\n\t\t\t\t\t\t\t\t<\/div>\t\t\t\r\n\t\t\t\t\t<\/div>\n\t\t\t\t<\/div>\n\t\t\t\t<div class=\"elementor-element elementor-element-90eb9ec elementor-widget__width-initial elementor-widget-mobile__width-inherit rt-default-class elementor-widget elementor-widget-react-heading\" data-id=\"90eb9ec\" data-element_type=\"widget\" data-e-type=\"widget\" data-widget_type=\"react-heading.default\">\n\t\t\t\t<div class=\"elementor-widget-container\">\n\t\t\t\t\t\t\t<div class=\"animation-style1 react-heading default\">\r\n\t\t\t<div class=\"title-inner\">\r\n\t\t\t\t\t\t\t<\/div>\r\n\t\t\t\r\n\t\t\t\t\t\t\t<div class=\"description style1\">\r\n\t\t\t\t\t<p><img decoding=\"async\" class=\"alignnone size-medium wp-image-3335\" src=\"https:\/\/hypnodetox.be\/wp-content\/uploads\/2025\/12\/douleurs-5a-1-284x300.png\" alt=\"\" width=\"284\" height=\"300\" \/><\/p>\t\t\t\t<\/div>\r\n\t\t\t\t\t\t\t\t<\/div>\t\t\t\r\n\t\t\t\t\t<\/div>\n\t\t\t\t<\/div>\n\t\t\t\t<div class=\"elementor-element elementor-element-50d54873 elementor-widget__width-initial elementor-widget-mobile__width-inherit rt-default-class elementor-widget elementor-widget-react-heading\" data-id=\"50d54873\" data-element_type=\"widget\" data-e-type=\"widget\" data-widget_type=\"react-heading.default\">\n\t\t\t\t<div class=\"elementor-widget-container\">\n\t\t\t\t\t\t\t<div class=\"animation-style1 react-heading default\">\r\n\t\t\t<div class=\"title-inner\">\r\n\t\t\t\t<div class=\"style1\"><h4 class=\"title word-line\">Yakla\u015f\u0131m Nas\u0131l \u0130\u015fler?<\/h4><\/div>\t\t\t<\/div>\r\n\t\t\t\r\n\t\t\t\t\t\t\t<div class=\"description style1\">\r\n\t\t\t\t\t<p>Hipnoz \u015fu konularda destek sa\u011flar:<br \/>\u2022 A\u011fr\u0131 devrelerini yeniden kalibre etmek,<br \/>\u2022 Kontrol hissini g\u00fc\u00e7lendirmek,<br \/>\u2022 Olumsuz beklentileri azaltmak,<br \/>\u2022 Daha sakin bedensel tepkiler yerle\u015ftirmek,<br \/>\u2022 G\u00fcnl\u00fck ya\u015fam kalitesini iyile\u015ftirmek.<\/p>\t\t\t\t<\/div>\r\n\t\t\t\t\t\t\t\t<\/div>\t\t\t\r\n\t\t\t\t\t<\/div>\n\t\t\t\t<\/div>\n\t\t\t\t<div class=\"elementor-element elementor-element-fed3d53 elementor-widget__width-initial elementor-widget-mobile__width-inherit rt-default-class elementor-widget elementor-widget-react-heading\" data-id=\"fed3d53\" data-element_type=\"widget\" data-e-type=\"widget\" data-widget_type=\"react-heading.default\">\n\t\t\t\t<div class=\"elementor-widget-container\">\n\t\t\t\t\t\t\t<div class=\"animation-style1 react-heading default\">\r\n\t\t\t<div class=\"title-inner\">\r\n\t\t\t\t<div class=\"style1\"><h4 class=\"title word-line\">Bu Y\u00f6ntem Kimler \u0130\u00e7in Uygundur?<\/h4><\/div>\t\t\t<\/div>\r\n\t\t\t\r\n\t\t\t\t\t\t\t<div class=\"description style1\">\r\n\t\t\t\t\t<p>Bu yakla\u015f\u0131m, a\u015fa\u011f\u0131daki durumlar\u0131 ya\u015fayan ki\u015filer i\u00e7in uygundur:<br \/>\u2022 Kronik a\u011fr\u0131lar ya\u015fayanlar,<br \/>\u2022 S\u00fcregelen a\u015f\u0131r\u0131 hassasiyet hissedenler,<br \/>\u2022 Tekrarlayan kas gerginlikleri ya\u015fayanlar,<br \/>\u2022 A\u011fr\u0131ya e\u015flik eden duygusal y\u00fck\u00fc azaltmak isteyenler,<br \/>\u2022 A\u011fr\u0131y\u0131 daha iyi y\u00f6netmek i\u00e7in tamamlay\u0131c\u0131 bir y\u00f6ntem arayanlar.<\/p>\t\t\t\t<\/div>\r\n\t\t\t\t\t\t\t\t<\/div>\t\t\t\r\n\t\t\t\t\t<\/div>\n\t\t\t\t<\/div>\n\t\t\t\t<div class=\"elementor-element elementor-element-3737a8e1 elementor-widget__width-initial elementor-widget-mobile__width-inherit rt-default-class elementor-widget elementor-widget-react-heading\" data-id=\"3737a8e1\" data-element_type=\"widget\" data-e-type=\"widget\" data-widget_type=\"react-heading.default\">\n\t\t\t\t<div class=\"elementor-widget-container\">\n\t\t\t\t\t\t\t<div class=\"animation-style1 react-heading default\">\r\n\t\t\t<div class=\"title-inner\">\r\n\t\t\t\t<div class=\"style1\"><h4 class=\"title word-line\">Bu Y\u00f6ntem Ne De\u011fildir?<\/h4><\/div>\t\t\t<\/div>\r\n\t\t\t\r\n\t\t\t\t\t\t\t<div class=\"description style1\">\r\n\t\t\t\t\t<p>\u2022 T\u0131bbi bir m\u00fcdahale de\u011fildir,<br \/>\u2022 Fiziksel nedenin tedavisi de\u011fildir,<br \/>\u2022 Mevcut t\u0131bbi takibin yerine ge\u00e7mez,<br \/>\u2022 A\u011fr\u0131y\u0131 tamamen yok etmeyi vaat etmez.<\/p>\t\t\t\t<\/div>\r\n\t\t\t\t\t\t\t\t<\/div>\t\t\t\r\n\t\t\t\t\t<\/div>\n\t\t\t\t<\/div>\n\t\t\t\t<div class=\"elementor-element elementor-element-9bcf0d5 elementor-widget__width-initial elementor-widget-mobile__width-inherit rt-default-class elementor-widget elementor-widget-react-heading\" data-id=\"9bcf0d5\" data-element_type=\"widget\" data-e-type=\"widget\" data-widget_type=\"react-heading.default\">\n\t\t\t\t<div class=\"elementor-widget-container\">\n\t\t\t\t\t\t\t<div class=\"animation-style1 react-heading default\">\r\n\t\t\t<div class=\"title-inner\">\r\n\t\t\t\t<div class=\"style1\"><h4 class=\"title word-line\">E\u015flik S\u00fcrecinin \u0130\u015fleyi\u015fi<\/h4><\/div>\t\t\t<\/div>\r\n\t\t\t\r\n\t\t\t\t\t\t\t<div class=\"description style1\">\r\n\t\t\t\t\t<p>\u0130lk Seans<br \/>\u2022 A\u011fr\u0131n\u0131n ve ge\u00e7mi\u015finin anla\u015f\u0131lmas\u0131,<br \/>\u2022 A\u011fr\u0131y\u0131 art\u0131ran mekanizmalar\u0131n belirlenmesi,<br \/>\u2022 Duyusal yeniden yap\u0131land\u0131rmaya y\u00f6nelik ilk ad\u0131mlar.<\/p><p>Takip Seanslar\u0131<br \/>\u2022 A\u011fr\u0131 sinyalinin kademeli olarak azalmas\u0131,<br \/>\u2022 \u0130\u00e7sel konforun istikrara kavu\u015fmas\u0131,<br \/>\u2022 Daha sakin bir i\u015fleyi\u015fin kal\u0131c\u0131 h\u00e2le getirilmesi<\/p>\t\t\t\t<\/div>\r\n\t\t\t\t\t\t\t\t<\/div>\t\t\t\r\n\t\t\t\t\t<\/div>\n\t\t\t\t<\/div>\n\t\t\t\t\t<\/div>\n\t\t\t\t<\/div>\n\t\t<div class=\"elementor-element elementor-element-6005e666 e-flex e-con-boxed rt-default-class e-con e-parent\" data-id=\"6005e666\" data-element_type=\"container\" data-e-type=\"container\">\n\t\t\t\t\t<div class=\"e-con-inner\">\n\t\t\t\t<div class=\"elementor-element elementor-element-156c89e4 elementor-widget__width-initial rt-default-class elementor-widget elementor-widget-react-heading\" data-id=\"156c89e4\" data-element_type=\"widget\" data-e-type=\"widget\" data-widget_type=\"react-heading.default\">\n\t\t\t\t<div class=\"elementor-widget-container\">\n\t\t\t\t\t\t\t<div class=\"animation-wow fadeInUp react-heading default\">\r\n\t\t\t<div class=\"title-inner\">\r\n\t\t\t\t<div class=\"wow fadeInUp\"><h2 class=\"title word-line\">\u00d6nce duyguyu sakinle\u015ftirmek. Sonra in\u015fa etmek.<\/h2><\/div>\t\t\t<\/div>\r\n\t\t\t\r\n\t\t\t\t\t\t\t\t<\/div>\t\t\t\r\n\t\t\t\t\t<\/div>\n\t\t\t\t<\/div>\n\t\t\t\t\t<\/div>\n\t\t\t\t<\/div>\n\t\t\t\t<\/div>","protected":false},"excerpt":{"rendered":"<p>Hypnose &amp; Douleurs Pourquoi la douleur persisteCertaines douleurs deviennent chroniques parce que le cerveau continue d\u2019envoyer un signal d\u2019alerte m\u00eame lorsque le corps n\u2019est plus en danger.Elles sont amplifi\u00e9es par :\u2022 tensions nerveuses,\u2022 stress prolong\u00e9,\u2022 habitudes corporelles,\u2022 m\u00e9moire du corps,\u2022 hypersensibilisation du syst\u00e8me nerveux.. La douleur devient alors un r\u00e9flexe automatique, souvent disproportionn\u00e9 par rapport&#8230;<\/p>","protected":false},"author":1,"featured_media":0,"parent":0,"menu_order":0,"comment_status":"closed","ping_status":"closed","template":"elementor_header_footer","meta":{"footnotes":""},"class_list":["post-3331","page","type-page","status-publish","hentry"],"_links":{"self":[{"href":"https:\/\/hypnodetox.be\/tr\/wp-json\/wp\/v2\/pages\/3331","targetHints":{"allow":["GET"]}}],"collection":[{"href":"https:\/\/hypnodetox.be\/tr\/wp-json\/wp\/v2\/pages"}],"about":[{"href":"https:\/\/hypnodetox.be\/tr\/wp-json\/wp\/v2\/types\/page"}],"author":[{"embeddable":true,"href":"https:\/\/hypnodetox.be\/tr\/wp-json\/wp\/v2\/users\/1"}],"replies":[{"embeddable":true,"href":"https:\/\/hypnodetox.be\/tr\/wp-json\/wp\/v2\/comments?post=3331"}],"version-history":[{"count":16,"href":"https:\/\/hypnodetox.be\/tr\/wp-json\/wp\/v2\/pages\/3331\/revisions"}],"predecessor-version":[{"id":4084,"href":"https:\/\/hypnodetox.be\/tr\/wp-json\/wp\/v2\/pages\/3331\/revisions\/4084"}],"wp:attachment":[{"href":"https:\/\/hypnodetox.be\/tr\/wp-json\/wp\/v2\/media?parent=3331"}],"curies":[{"name":"wp","href":"https:\/\/api.w.org\/{rel}","templated":true}]}}